{"id":6392,"date":"2017-02-06T17:55:52","date_gmt":"2017-02-06T17:55:52","guid":{"rendered":"https:\/\/bellasmilesortho.com\/politica-de-privacidad\/"},"modified":"2026-03-11T22:12:22","modified_gmt":"2026-03-11T22:12:22","slug":"politica-de-privacidad","status":"publish","type":"page","link":"https:\/\/bellasmilesortho.com\/es\/politica-de-privacidad\/","title":{"rendered":"Aviso HIPAA sobre pol\u00edticas de privacidad"},"content":{"rendered":"\t\t<div data-elementor-type=\"wp-page\" data-elementor-id=\"6392\" class=\"elementor elementor-6392 elementor-1388\" data-elementor-post-type=\"page\">\n\t\t\t\t\t\t<section data-particle_enable=\"false\" data-particle-mobile-disabled=\"false\" class=\"elementor-section elementor-top-section elementor-element elementor-element-19316291 elementor-section-boxed elementor-section-height-default elementor-section-height-default\" data-id=\"19316291\" data-element_type=\"section\" data-e-type=\"section\">\n\t\t\t\t\t\t<div class=\"elementor-container elementor-column-gap-default\">\n\t\t\t\t\t<div class=\"elementor-column elementor-col-100 elementor-top-column elementor-element elementor-element-63f4d83a\" data-id=\"63f4d83a\" data-element_type=\"column\" data-e-type=\"column\">\n\t\t\t<div class=\"elementor-widget-wrap elementor-element-populated\">\n\t\t\t\t\t\t<div class=\"elementor-element elementor-element-736a3e38 elementor-widget elementor-widget-text-editor\" data-id=\"736a3e38\" data-element_type=\"widget\" data-e-type=\"widget\" data-widget_type=\"text-editor.default\">\n\t\t\t\t<div class=\"elementor-widget-container\">\n\t\t\t\t\t\t\t\t\t<h2><strong><a href=\"https:\/\/bellasmilesortho.com\/wp-content\/uploads\/2025\/01\/notice-of-privacy-practices.pdf\">Aviso de<\/a><\/strong><a href=\"https:\/\/bellasmilesortho.com\/wp-content\/uploads\/2025\/01\/notice-of-privacy-practices.pdf\"> Priv<\/a><a href=\"https:\/\/bellasmilesortho.com\/wp-content\/uploads\/2025\/01\/notice-of-privacy-practices.pdf\">ac\u00eda<\/a><strong><a href=\"https:\/\/bellasmilesortho.com\/wp-content\/uploads\/2025\/01\/notice-of-privacy-practices.pdf\"> Pol\u00edtica<\/a><\/strong><\/h2><p>Este aviso describe c\u00f3mo puede utilizarse y divulgarse tu informaci\u00f3n m\u00e9dica y c\u00f3mo puedes acceder a ella. Por favor, rev\u00edsalo detenidamente. <\/p><h2><strong>Introducci\u00f3n<\/strong><\/h2><p>La ley nos obliga a mantener la privacidad de la \u00abinformaci\u00f3n sanitaria protegida\u00bb. \u00abInformaci\u00f3n sanitaria protegida\u00bb incluye cualquier informaci\u00f3n identificable que obtengamos de ti o de otros y que est\u00e9 relacionada con tu salud f\u00edsica o mental, la asistencia sanitaria que has recibido o el pago de tu asistencia sanitaria.<\/p><p>Como exige la ley, este aviso te proporciona informaci\u00f3n sobre tus derechos y nuestras obligaciones legales y pr\u00e1cticas de privacidad con respecto a la privacidad de la informaci\u00f3n sanitaria protegida. Este aviso tambi\u00e9n trata de los usos y divulgaciones que haremos de tu informaci\u00f3n sanitaria protegida. Debemos cumplir las disposiciones de este aviso, aunque nos reservamos el derecho a modificarlo de vez en cuando y a hacer efectivo el aviso revisado para toda la informaci\u00f3n sanitaria protegida que conservemos. Siempre puedes solicitar una copia de nuestro aviso de privacidad m\u00e1s actualizado en nuestra oficina.   <\/p><h2><strong>Usos y divulgaciones permitidos<\/strong><\/h2><p>Podemos utilizar o divulgar tus datos sanitarios protegidos con fines de tratamiento, pago y operaciones de asistencia sanitaria.<\/p><ul><li>Por tratamiento se entiende la prestaci\u00f3n, coordinaci\u00f3n o gesti\u00f3n de tu asistencia sanitaria, incluidas las consultas entre profesionales sanitarios en relaci\u00f3n con tu asistencia y las derivaciones de asistencia sanitaria de un profesional sanitario a otro. Por ejemplo, un m\u00e9dico que te trata por una pierna rota puede necesitar saber si tienes diabetes, porque la diabetes puede ralentizar el proceso de curaci\u00f3n. Por tanto, el m\u00e9dico puede revisar tu historial m\u00e9dico para evaluar si tienes afecciones potencialmente complicadas, como la diabetes.  <\/li><li>Por pago se entienden las actividades que realizamos para obtener el reembolso de la asistencia sanitaria que te prestamos, incluidas las determinaciones de elegibilidad y cobertura y otras actividades de revisi\u00f3n de la utilizaci\u00f3n. Por ejemplo, antes de prestarte servicios de asistencia sanitaria, puede que tengamos que proporcionar a tu compa\u00f1\u00eda de seguros (u otro tercero pagador) informaci\u00f3n sobre tu estado de salud para determinar si el tratamiento propuesto estar\u00e1 cubierto. Cuando posteriormente facturemos a la aseguradora o a otro tercero pagador los servicios que te hayamos prestado, podemos facilitar a la aseguradora o a otro tercero pagador informaci\u00f3n relativa a tu asistencia si es necesario para obtener el pago.  <\/li><li>Por operaciones de asistencia sanitaria se entienden las funciones de apoyo de nuestra consulta relacionadas con el tratamiento y el pago, como actividades de garant\u00eda de calidad, gesti\u00f3n de casos, recepci\u00f3n y respuesta a las quejas de los pacientes, revisiones m\u00e9dicas, programas de cumplimiento, auditor\u00edas, planificaci\u00f3n empresarial, desarrollo, gesti\u00f3n y actividades administrativas. Por ejemplo, podemos utilizar tu informaci\u00f3n m\u00e9dica para evaluar el rendimiento de nuestro personal al atenderte. Tambi\u00e9n podemos combinar la informaci\u00f3n m\u00e9dica de muchos pacientes para decidir qu\u00e9 servicios no son necesarios y si determinados tratamientos nuevos son eficaces.  <\/li><\/ul><h2><strong>Revelaciones relacionadas con comunicaciones contigo o con tu familia<\/strong><\/h2><p>Podemos ponernos en contacto contigo para recordarte citas o informarte sobre alternativas de tratamiento u otras prestaciones y servicios relacionados con la salud que puedan interesarte o que est\u00e9n relacionados espec\u00edficamente con tu atenci\u00f3n m\u00e9dica a trav\u00e9s de nuestra consulta. Por ejemplo, podemos dejar recordatorios de citas en tu contestador autom\u00e1tico o con un familiar u otra persona que pueda contestar al tel\u00e9fono en el n\u00famero que nos hayas dado para ponernos en contacto contigo. <\/p><p>Podemos revelar tus datos sanitarios protegidos a tus familiares o amigos, o a cualquier otra persona identificada por ti, cuando participen en tu asistencia o en el pago de la misma. S\u00f3lo revelaremos los datos sanitarios protegidos directamente relacionados con su participaci\u00f3n en tu asistencia o en el pago de la misma. Tambi\u00e9n podemos utilizar o revelar tus datos sanitarios protegidos para notificar o ayudar a notificar a un familiar, a un representante personal o a otra persona responsable de tus cuidados tu ubicaci\u00f3n, estado general o fallecimiento. Si est\u00e1s disponible, te daremos la oportunidad de oponerte a estas divulgaciones, y no las haremos si te opones. Si no est\u00e1s disponible, determinaremos si la revelaci\u00f3n a tus familiares o amigos es lo mejor para ti, y s\u00f3lo revelaremos la informaci\u00f3n sanitaria protegida que sea directamente relevante para su participaci\u00f3n en tu cuidado.    <\/p><p>Permitiremos que tus familiares y amigos act\u00faen en tu nombre para recoger recetas, material m\u00e9dico, radiograf\u00edas y formas similares de informaci\u00f3n sanitaria protegida, cuando determinemos, seg\u00fan nuestro criterio profesional, que es en tu inter\u00e9s que se produzcan tales divulgaciones.<\/p><h2><strong>Otras situaciones<\/strong><\/h2><p><strong><em>Donaci\u00f3n de \u00f3rganos y tejidos.<\/em><\/strong>  Si eres donante de \u00f3rganos, podemos divulgar informaci\u00f3n m\u00e9dica a organizaciones que se ocupan de la obtenci\u00f3n de \u00f3rganos o del trasplante de \u00f3rganos, ojos o tejidos, o a un banco de donaci\u00f3n de \u00f3rganos, seg\u00fan sea necesario para facilitar la donaci\u00f3n y el trasplante de \u00f3rganos o tejidos.<\/p><p><strong><em>Militares y Veteranos.<\/em><\/strong>  Si eres miembro de las Fuerzas Armadas, podemos divulgar informaci\u00f3n m\u00e9dica sobre ti seg\u00fan lo requieran las autoridades del mando militar. Tambi\u00e9n podemos divulgar informaci\u00f3n m\u00e9dica sobre personal militar extranjero a la autoridad militar extranjera correspondiente.<\/p><p><strong><em>Riesgos para la salud p\u00fablica.<\/em><\/strong>  Podemos revelar informaci\u00f3n m\u00e9dica sobre ti para actividades de salud p\u00fablica. Estas actividades suelen incluir lo siguiente<\/p><ul><li>Para prevenir o controlar enfermedades, lesiones o discapacidades<\/li><li>Informar de nacimientos y defunciones<\/li><li>Para denunciar a una v\u00edctima de malos tratos, abandono o violencia dom\u00e9stica<\/li><li>Para informar de reacciones a medicamentos<\/li><li>Para notificar a la gente sobre productos, retiradas, reparaciones o sustituciones<\/li><li>Para notificar a una persona que puede haber estado expuesta a una enfermedad o puede estar en riesgo de contraer o propagar una enfermedad o afecci\u00f3n<\/li><\/ul><p><strong><em>Actividades de supervisi\u00f3n sanitaria.<\/em><\/strong>  Podemos revelar informaci\u00f3n m\u00e9dica a organismos federales o estatales que supervisen nuestras actividades. Estas actividades son necesarias para que el gobierno controle el sistema sanitario, los programas gubernamentales y el cumplimiento de las leyes de derechos civiles. Podemos revelar informaci\u00f3n sanitaria protegida a personas bajo la jurisdicci\u00f3n de la Administraci\u00f3n de Alimentos y Medicamentos para hacer un seguimiento de los productos o para llevar a cabo una vigilancia posterior a la comercializaci\u00f3n. <\/p><p><strong><em>Pleitos y litigios.<\/em><\/strong>  Si est\u00e1s implicado en un pleito o litigio, podemos revelar informaci\u00f3n m\u00e9dica sobre ti en respuesta a una orden judicial o administrativa. Tambi\u00e9n podemos revelar informaci\u00f3n m\u00e9dica sobre ti en respuesta a una citaci\u00f3n, solicitud de presentaci\u00f3n de pruebas u otro proceso legal por parte de otra persona implicada en el litigio.<\/p><p><strong><em>Cumplimiento de la ley.<\/em><\/strong>  Podemos divulgar informaci\u00f3n m\u00e9dica si nos lo pide un agente de la autoridad:<\/p><ul><li>En respuesta a una orden judicial, citaci\u00f3n, orden de detenci\u00f3n, emplazamiento o proceso similar<\/li><li>Para identificar o localizar a un sospechoso, fugitivo, testigo material o persona desaparecida<\/li><li>Sobre la v\u00edctima de un delito si, en determinadas circunstancias limitadas, no podemos obtener el consentimiento de la persona<\/li><li>Sobre una muerte que creemos que puede ser el resultado de una conducta delictiva<\/li><li>Sobre la conducta delictiva en nuestras instalaciones<\/li><li>En circunstancias de emergencia para denunciar un delito; la localizaci\u00f3n del delito o de las v\u00edctimas o la identidad, descripci\u00f3n o localizaci\u00f3n de la persona que cometi\u00f3 el delito.<\/li><\/ul><p><strong><em>M\u00e9dicos forenses y directores de funerarias.<\/em><\/strong>  Podemos revelar informaci\u00f3n m\u00e9dica a un m\u00e9dico forense. Esto puede ser necesario, por ejemplo, para identificar a una persona fallecida o determinar la causa de la muerte. Tambi\u00e9n podemos revelar informaci\u00f3n m\u00e9dica sobre pacientes a directores de funerarias, seg\u00fan sea necesario para que lleven a cabo sus funciones. <\/p><p><strong><em>Reclusos.<\/em><\/strong>  Si est\u00e1s preso en una instituci\u00f3n penitenciaria o bajo la custodia de un funcionario encargado de hacer cumplir la ley, podemos revelar informaci\u00f3n m\u00e9dica sobre ti a la instituci\u00f3n penitenciaria o al funcionario encargado de hacer cumplir la ley. Esta divulgaci\u00f3n ser\u00eda necesaria para que la instituci\u00f3n te prestara asistencia sanitaria, para proteger tu salud y seguridad o la salud y seguridad de otras personas, o para la seguridad y protecci\u00f3n de la instituci\u00f3n penitenciaria.<\/p><p><strong><em>Amenazas graves.<\/em><\/strong>  Seg\u00fan lo permitido por la legislaci\u00f3n aplicable y las normas de conducta \u00e9tica, podemos utilizar y divulgar informaci\u00f3n sanitaria protegida si, de buena fe, creemos que el uso de la divulgaci\u00f3n es necesario para prevenir o reducir una amenaza grave e inminente para la salud o la seguridad de una persona o del p\u00fablico.<\/p><p><strong><em>Ayuda en caso de cat\u00e1strofe.<\/em><\/strong>  Cuando lo permita la ley, podremos coordinar nuestros usos y divulgaciones de informaci\u00f3n sanitaria protegida con entidades p\u00fablicas o privadas autorizadas por ley o por estatuto para ayudar en las labores de socorro en caso de cat\u00e1strofe.<\/p><h2><strong>Tus derechos<\/strong><\/h2><p>1. Tienes derecho a solicitar restricciones a nuestros usos y divulgaciones de informaci\u00f3n sanitaria protegida para tratamientos, pagos y operaciones de asistencia sanitaria. Sin embargo, no estamos obligados a acceder a tu solicitud. <\/p><p>2. Tienes derecho a solicitar razonablemente recibir comunicaciones de informaci\u00f3n sanitaria protegida por medios alternativos o en lugares alternativos.<\/p><p>3. Sujeto al pago de un cargo razonable por copia, seg\u00fan lo dispuesto por la ley estatal, tienes derecho a inspeccionar u obtener una copia de la informaci\u00f3n sanitaria protegida contenida en tus historiales m\u00e9dicos y de facturaci\u00f3n y en cualquier otro historial cl\u00ednico que utilicemos para tomar decisiones sobre ti, excepto en los casos siguientes:<\/p><ul><li>Notas de psicoterapia, que son notas grabadas por un profesional de la salud mental en las que se documenta o analiza el contenido de una conversaci\u00f3n durante una sesi\u00f3n privada de asesoramiento o una sesi\u00f3n de asesoramiento en grupo, conjunta o familiar, y que han sido separadas del resto de tu historial m\u00e9dico.<\/li><li>Informaci\u00f3n recopilada en previsi\u00f3n razonable de una acci\u00f3n o procedimiento civil, penal o administrativo, o para su uso en los mismos.<\/li><li>Informaci\u00f3n sanitaria protegida relativa a pruebas de laboratorio cuando la ley exija su acceso<\/li><li>Si eres un recluso y la obtenci\u00f3n de dicha informaci\u00f3n pondr\u00eda en peligro tu salud, seguridad, custodia o rehabilitaci\u00f3n o la de otros reclusos, o la seguridad de cualquier funcionario, empleado u otra persona de la instituci\u00f3n penitenciaria o persona responsable de transportarte.<\/li><li>Si obtuvimos o creamos informaci\u00f3n sanitaria protegida como parte de un estudio de investigaci\u00f3n durante el tiempo que dure la investigaci\u00f3n, siempre que hayas aceptado la denegaci\u00f3n temporal de acceso al consentir participar en la investigaci\u00f3n.<\/li><li>Tus datos sanitarios protegidos est\u00e9n contenidos en registros conservados por una agencia federal o un contratista cuando tu acceso sea obligatorio por ley<\/li><li>Si la informaci\u00f3n sanitaria protegida se obtuvo de una persona distinta de nosotros bajo promesa de confidencialidad y el acceso solicitado podr\u00eda revelar razonablemente la fuente de la informaci\u00f3n.<\/li><\/ul><p><strong>Tambi\u00e9n podemos denegar una solicitud de acceso a informaci\u00f3n sanitaria protegida si<\/strong><\/p><ul><li>Un profesional sanitario autorizado ha determinado, en ejercicio de su criterio profesional, que es razonablemente probable que el acceso solicitado ponga en peligro tu vida o tu seguridad f\u00edsica o la de otra persona.<\/li><li>La informaci\u00f3n sanitaria protegida hace referencia a otra persona (a menos que esa otra persona sea un proveedor de asistencia sanitaria) y un profesional sanitario autorizado ha determinado, en ejercicio de su criterio profesional, que es razonablemente probable que el acceso solicitado cause un da\u00f1o sustancial a esa otra persona<\/li><li>La solicitud de acceso la realiza el representante personal de la persona y un profesional sanitario autorizado ha determinado, en ejercicio de su criterio profesional, que es razonablemente probable que la provisi\u00f3n de acceso a dicho representante personal te cause un da\u00f1o sustancial a ti o a otra persona<\/li><\/ul><p>Si denegamos una solicitud de acceso por alguno de los tres motivos descritos anteriormente, tienes derecho a que se revise nuestra denegaci\u00f3n de acuerdo con los requisitos de la legislaci\u00f3n aplicable.<\/p><p>4. Tienes derecho a solicitar una correcci\u00f3n de tus datos sanitarios protegidos, pero podemos denegar tu solicitud de correcci\u00f3n si determinamos que los datos sanitarios protegidos o el registro objeto de la solicitud:<\/p><ul><li>No fue creada por nosotros, a menos que proporciones una base razonable para creer que el originador de la informaci\u00f3n sanitaria protegida ya no est\u00e1 disponible para actuar sobre la modificaci\u00f3n solicitada<\/li><li>No forma parte de tu historial m\u00e9dico o de facturaci\u00f3n<\/li><li>No est\u00e1 disponible para su inspecci\u00f3n seg\u00fan lo establecido anteriormente<\/li><li>No es exacta y completa<\/li><\/ul><p>En cualquier caso, cualquier correcci\u00f3n acordada se incluir\u00e1 como una adici\u00f3n a los registros ya existentes, y no como una sustituci\u00f3n de los mismos.<\/p><p>5. Tienes derecho a recibir una relaci\u00f3n de las divulgaciones de informaci\u00f3n sanitaria protegida que hayamos hecho a personas o entidades distintas de ti durante el plazo previsto por la ley, salvo en el caso de las divulgaciones:<\/p><ul><li>Para llevar a cabo el tratamiento, el pago y las operaciones de asistencia sanitaria seg\u00fan lo dispuesto anteriormente<\/li><li>A las personas implicadas en tu asistencia o para otros fines de notificaci\u00f3n previstos por la ley<\/li><li>Para fines de seguridad nacional o de inteligencia seg\u00fan lo dispuesto por la ley<\/li><li>A instituciones penitenciarias o funcionarios encargados de hacer cumplir la ley, seg\u00fan lo dispuesto por la ley<\/li><li>Que ocurri\u00f3 antes del 14 de abril de 2003<\/li><li>Que de otro modo la ley no exige que se incluyan en la contabilidad<\/li><\/ul><p>6. Tienes derecho a solicitarnos y recibir una copia en papel de este aviso.<\/p><p>7. Los derechos anteriores s\u00f3lo podr\u00e1n ejercerse mediante comunicaci\u00f3n escrita dirigida a nosotros. Cualquier revocaci\u00f3n u otra modificaci\u00f3n del consentimiento deber\u00e1 sernos entregada por escrito. <\/p><h2><strong>Quejas<\/strong><\/h2><p>Si crees que se han vulnerado tus derechos de privacidad, debes ponerte en contacto inmediatamente con nuestro Consultorio o con nuestro Responsable de Privacidad. Todas las reclamaciones deben presentarse por escrito. No emprenderemos ninguna acci\u00f3n contra ti por presentar una queja. Tambi\u00e9n puedes presentar una queja ante la Secretar\u00eda de Salud y Servicios Humanos.   <\/p>\t\t\t\t\t\t\t\t<\/div>\n\t\t\t\t<\/div>\n\t\t\t\t<div class=\"elementor-element elementor-element-2698275 elementor-widget-divider--view-line elementor-widget elementor-widget-divider\" data-id=\"2698275\" data-element_type=\"widget\" data-e-type=\"widget\" data-widget_type=\"divider.default\">\n\t\t\t\t<div class=\"elementor-widget-container\">\n\t\t\t\t\t\t\t<div class=\"elementor-divider\">\n\t\t\t<span class=\"elementor-divider-separator\">\n\t\t\t\t\t\t<\/span>\n\t\t<\/div>\n\t\t\t\t\t\t<\/div>\n\t\t\t\t<\/div>\n\t\t\t\t<div class=\"elementor-element elementor-element-5bf0c77 elementor-widget elementor-widget-text-editor\" data-id=\"5bf0c77\" data-element_type=\"widget\" data-e-type=\"widget\" data-widget_type=\"text-editor.default\">\n\t\t\t\t<div class=\"elementor-widget-container\">\n\t\t\t\t\t\t\t\t\t<h2 data-pm-slice=\"1 3 []\"><strong>ADENDA AL AVISO DE PR\u00c1CTICAS DE PRIVACIDAD:<\/strong><\/h2><h4><strong>ACTUALIZACIONES NORMATIVAS 2026<\/strong><\/h4><p><strong>Fecha de entrada en vigor:<\/strong> 16 de febrero de 2026<\/p><p>Este Ap\u00e9ndice modifica el Aviso de Pr\u00e1cticas de Privacidad para incluir la informaci\u00f3n obligatoria exigida por la ley federal en relaci\u00f3n con los registros de Trastornos por Consumo de Sustancias (TUS) y los nuevos requisitos de aviso.<\/p><ol class=\"ProsemirrorEditor-list\"><li class=\"ProsemirrorEditor-listItem\" data-list-indent=\"1\" data-list-type=\"numbered\"><p><strong>Protecciones para los Registros de Trastornos por Consumo de Sustancias.<\/strong>  Si recibimos o mantenemos tus registros de un programa de tratamiento de trastornos por consumo de sustancias con asistencia federal (un \u00abPrograma de la Parte 2\u00bb), estos registros est\u00e1n sujetos a normas federales de confidencialidad m\u00e1s estrictas (42 CFR Parte 2) que otra informaci\u00f3n sanitaria. S\u00f3lo utilizaremos o divulgaremos estos registros para tratamientos, pagos y operaciones sanitarias si has dado un consentimiento \u00fanico y general, o seg\u00fan lo permita la ley federal.<\/p><\/li><li class=\"ProsemirrorEditor-listItem\" data-list-indent=\"1\" data-list-type=\"numbered\"><p><strong>Prohibici\u00f3n de uso en procedimientos judiciales.<\/strong>  Los registros protegidos por 42 CFR Parte 2, o cualquier testimonio que describa dichos registros, no se utilizar\u00e1n ni divulgar\u00e1n en ning\u00fan procedimiento civil, penal, administrativo o legislativo contra ti por parte de ninguna autoridad federal, estatal o local sin tu consentimiento espec\u00edfico por escrito o una orden judicial que cumpla los requisitos federales.<\/p><\/li><li class=\"ProsemirrorEditor-listItem\" data-list-indent=\"1\" data-list-type=\"numbered\"><p><strong>Derechos de recaudaci\u00f3n de fondos.<\/strong>  Si tus registros SUD se utilizan con fines de recaudaci\u00f3n de fondos, tienes derecho, de forma clara y visible, a optar por no recibir dichas comunicaciones en el futuro.<\/p><\/li><li class=\"ProsemirrorEditor-listItem\" data-list-indent=\"1\" data-list-type=\"numbered\"><p><strong>Aviso de posible divulgaci\u00f3n.<\/strong>  Cualquier informaci\u00f3n sanitaria divulgada por esta oficina en virtud de nuestro Aviso de Pr\u00e1cticas de Privacidad o de este Ap\u00e9ndice puede estar sujeta a una nueva divulgaci\u00f3n por parte del destinatario y puede dejar de estar protegida por las leyes de privacidad federales o estatales.<\/p><\/li><li class=\"ProsemirrorEditor-listItem\" data-list-indent=\"1\" data-list-type=\"numbered\"><p><strong>Contabilizaci\u00f3n de las revelaciones.  <\/strong>Tienes derecho a solicitar una relaci\u00f3n de las divulgaciones que hayamos hecho de tu historial de SUD a trav\u00e9s de una historia cl\u00ednica electr\u00f3nica con fines de tratamiento, pago y operaciones de asistencia sanitaria.<\/p><\/li><\/ol>\t\t\t\t\t\t\t\t<\/div>\n\t\t\t\t<\/div>\n\t\t\t\t<div class=\"elementor-element elementor-element-08f59f8 elementor-widget-divider--view-line elementor-widget elementor-widget-divider\" data-id=\"08f59f8\" data-element_type=\"widget\" data-e-type=\"widget\" data-widget_type=\"divider.default\">\n\t\t\t\t<div class=\"elementor-widget-container\">\n\t\t\t\t\t\t\t<div class=\"elementor-divider\">\n\t\t\t<span class=\"elementor-divider-separator\">\n\t\t\t\t\t\t<\/span>\n\t\t<\/div>\n\t\t\t\t\t\t<\/div>\n\t\t\t\t<\/div>\n\t\t\t\t<div class=\"elementor-element elementor-element-f2836ea elementor-widget elementor-widget-text-editor\" data-id=\"f2836ea\" data-element_type=\"widget\" data-e-type=\"widget\" data-widget_type=\"text-editor.default\">\n\t\t\t\t<div class=\"elementor-widget-container\">\n\t\t\t\t\t\t\t\t\t<h2>Ortodoncia BellaSmiles<\/h2><div><h3>Naila Ortega, DDS<\/h3><div><p><strong>Direcci\u00f3n:<\/strong><br>12001 Avalon Lake Drive, Suite K<br>Orlando, FL 32828<\/p><\/div><p><strong>Tel\u00e9fono:<\/strong> (407) 680-3197<\/p><\/div>\t\t\t\t\t\t\t\t<\/div>\n\t\t\t\t<\/div>\n\t\t\t\t\t<\/div>\n\t\t<\/div>\n\t\t\t\t\t<\/div>\n\t\t<\/section>\n\t\t\t\t<\/div>\n\t\t","protected":false},"excerpt":{"rendered":"<p>Aviso de Privac\u00eda Pol\u00edtica Este aviso describe c\u00f3mo puede utilizarse y divulgarse tu informaci\u00f3n m\u00e9dica y c\u00f3mo puedes acceder a ella. Por favor, rev\u00edsalo detenidamente. Introducci\u00f3n La ley nos obliga a mantener la privacidad de la \u00abinformaci\u00f3n sanitaria protegida\u00bb. \u00abInformaci\u00f3n sanitaria protegida\u00bb incluye cualquier informaci\u00f3n identificable que obtengamos de ti o de otros y que est\u00e9 relacionada con [&hellip;]<\/p>\n","protected":false},"author":2,"featured_media":0,"parent":0,"menu_order":66,"comment_status":"closed","ping_status":"closed","template":"","meta":{"_seopress_robots_primary_cat":"","_seopress_titles_title":"Pol\u00edtica de privacidad Ortodoncia BellaSmiles en Orlando FL","_seopress_titles_desc":"BellaSmiles Ortodoncia en Orlando, FL, protege tu informaci\u00f3n sanitaria con una clara pol\u00edtica de privacidad que garantiza la confidencialidad y tus derechos.","_seopress_robots_index":"","footnotes":""},"class_list":["post-6392","page","type-page","status-publish"],"_links":{"self":[{"href":"https:\/\/bellasmilesortho.com\/es\/wp-json\/wp\/v2\/pages\/6392","targetHints":{"allow":["GET"]}}],"collection":[{"href":"https:\/\/bellasmilesortho.com\/es\/wp-json\/wp\/v2\/pages"}],"about":[{"href":"https:\/\/bellasmilesortho.com\/es\/wp-json\/wp\/v2\/types\/page"}],"author":[{"embeddable":true,"href":"https:\/\/bellasmilesortho.com\/es\/wp-json\/wp\/v2\/users\/2"}],"replies":[{"embeddable":true,"href":"https:\/\/bellasmilesortho.com\/es\/wp-json\/wp\/v2\/comments?post=6392"}],"version-history":[{"count":4,"href":"https:\/\/bellasmilesortho.com\/es\/wp-json\/wp\/v2\/pages\/6392\/revisions"}],"predecessor-version":[{"id":7483,"href":"https:\/\/bellasmilesortho.com\/es\/wp-json\/wp\/v2\/pages\/6392\/revisions\/7483"}],"wp:attachment":[{"href":"https:\/\/bellasmilesortho.com\/es\/wp-json\/wp\/v2\/media?parent=6392"}],"curies":[{"name":"wp","href":"https:\/\/api.w.org\/{rel}","templated":true}]}}