{"id":6390,"date":"2017-04-28T01:33:48","date_gmt":"2017-04-28T01:33:48","guid":{"rendered":"https:\/\/bellasmilesortho.com\/ortodoncia-para-adultos\/"},"modified":"2024-12-20T00:14:37","modified_gmt":"2024-12-20T00:14:37","slug":"ortodoncia-para-adultos","status":"publish","type":"page","link":"https:\/\/bellasmilesortho.com\/es\/ortodoncia-para-adultos\/","title":{"rendered":"Ortodoncia para adultos"},"content":{"rendered":"\t\t<div data-elementor-type=\"wp-page\" data-elementor-id=\"6390\" class=\"elementor elementor-6390 elementor-3078\" data-elementor-post-type=\"page\">\n\t\t\t\t\t\t<section data-particle_enable=\"false\" data-particle-mobile-disabled=\"false\" class=\"elementor-section elementor-top-section elementor-element elementor-element-4a1432a6 elementor-section-boxed elementor-section-height-default elementor-section-height-default\" data-id=\"4a1432a6\" data-element_type=\"section\" data-e-type=\"section\">\n\t\t\t\t\t\t<div class=\"elementor-container elementor-column-gap-default\">\n\t\t\t\t\t<div class=\"elementor-column elementor-col-100 elementor-top-column elementor-element elementor-element-5fb35f01\" data-id=\"5fb35f01\" data-element_type=\"column\" data-e-type=\"column\">\n\t\t\t<div class=\"elementor-widget-wrap elementor-element-populated\">\n\t\t\t\t\t\t<div class=\"elementor-element elementor-element-20f359cc elementor-widget elementor-widget-text-editor\" data-id=\"20f359cc\" data-element_type=\"widget\" data-e-type=\"widget\" data-widget_type=\"text-editor.default\">\n\t\t\t\t<div class=\"elementor-widget-container\">\n\t\t\t\t\t\t\t\t\t<section class=\"elementor-section elementor-top-section elementor-element elementor-element-a18dd7e elementor-section-boxed elementor-section-height-default elementor-section-height-default\" data-id=\"a18dd7e\" data-element_type=\"section\">\n<div class=\"elementor-container elementor-column-gap-default\">\n<div class=\"elementor-column elementor-col-100 elementor-top-column elementor-element elementor-element-4adb018a\" data-id=\"4adb018a\" data-element_type=\"column\">\n<div class=\"elementor-widget-wrap elementor-element-populated\">\n<div class=\"elementor-element elementor-element-2240f0b0 elementor-widget elementor-widget-text-editor\" data-id=\"2240f0b0\" data-element_type=\"widget\" data-widget_type=\"text-editor.default\">\n<div class=\"elementor-widget-container\">\n<section class=\"elementor-section elementor-top-section elementor-element elementor-element-a18dd7e elementor-section-boxed elementor-section-height-default elementor-section-height-default\" data-id=\"a18dd7e\" data-element_type=\"section\">\n<div class=\"elementor-container elementor-column-gap-default\">\n<div class=\"elementor-column elementor-col-100 elementor-top-column elementor-element elementor-element-4adb018a\" data-id=\"4adb018a\" data-element_type=\"column\">\n<div class=\"elementor-widget-wrap elementor-element-populated\">\n<div class=\"elementor-element elementor-element-2240f0b0 elementor-widget elementor-widget-text-editor\" data-id=\"2240f0b0\" data-element_type=\"widget\" data-widget_type=\"text-editor.default\">\n<div class=\"elementor-widget-container\">\n<p>La ortodoncia ya no es s\u00f3lo cosa de <a href=\"https:\/\/bellasmilesortho.com\/es\/tratamiento-de-adolescentes\/\">adolescentes<\/a>. Seg\u00fan la Asociaci\u00f3n Americana de Ortodoncistas, uno de cada cinco pacientes de ortodoncia tiene m\u00e1s de 21 a\u00f1os. Los adultos buscan cada vez m\u00e1s tratamiento para mejorar su salud bucal y realzar sus sonrisas, al darse cuenta del impacto positivo que tiene en su confianza y bienestar general.  <\/p>\n<h2>\u00bfPor qu\u00e9 cada vez m\u00e1s adultos eligen la ortodoncia en Orlando, FL?<\/h2>\n<p>Los adultos se plantean un tratamiento de ortodoncia por diversas razones, entre ellas:<\/p>\n<ul>\n<li><strong>Arreglar una mala mordida o maloclusi\u00f3n:<\/strong> Los dientes mal alineados pueden causar un ajuste dental inadecuado, lo que provoca molestias y problemas funcionales.<\/li>\n<li><strong>Corregir api\u00f1amientos o espacios:<\/strong> Los dientes api\u00f1ados o muy separados pueden contribuir a la aparici\u00f3n de caries o enfermedades de las enc\u00edas.<\/li>\n<li><strong>Aliviar el dolor o la presi\u00f3n mandibular:<\/strong> Los dientes torcidos pueden tensar la mand\u00edbula, causando molestias con el tiempo.<\/li>\n<li><strong>Mejora la salud bucal y el aspecto:<\/strong> Los dientes rectos son m\u00e1s f\u00e1ciles de limpiar, y una sonrisa bien alineada puede aumentar la confianza en ti mismo.<\/li>\n<\/ul>\n<h2>Opciones de tratamiento personalizadas para adultos<\/h2>\n<p>Muchos adultos dudan en someterse a un tratamiento de ortodoncia porque lo asocian con los brackets met\u00e1licos tradicionales. Sin embargo, las soluciones ortod\u00f3ncicas modernas ofrecen opciones discretas y c\u00f3modas, dise\u00f1adas para adaptarse al estilo de vida de los adultos. Las opciones de tratamiento incluyen:  <\/p>\n<ul>\n<li>Brackets transparentes<\/li>\n<li>Brackets cer\u00e1micos<\/li>\n<li>Brackets autoligables<\/li>\n<li>Brackets linguales (se colocan detr\u00e1s de los dientes)<\/li>\n<li><a href=\"https:\/\/bellasmilesortho.com\/es\/invisalign\/\">Alineadores Invisalign<\/a><\/li>\n<li>Brackets met\u00e1licos tradicionales<\/li>\n<\/ul>\n<p>Estas opciones garantizan que puedas encontrar un tratamiento que se ajuste a tus preferencias, tanto si priorizas la est\u00e9tica como la comodidad o la eficacia.<\/p>\n<h2>Diferencias entre la ortodoncia para adultos y la ortodoncia para adolescentes<\/h2>\n<p>Aunque el objetivo de crear una sonrisa sana y alineada es el mismo, el tratamiento de adultos conlleva consideraciones \u00fanicas:<\/p>\n<ul>\n<li><strong>Crecimiento de la mand\u00edbula:<\/strong> A diferencia de los ni\u00f1os y los adolescentes, los adultos tienen huesos maxilares completamente desarrollados. En algunos casos, puede ser necesaria la cirug\u00eda ortogn\u00e1tica (mandibular) para resolver los problemas de alineaci\u00f3n.<\/li>\n<li><strong>Salud de las enc\u00edas o de los huesos:<\/strong> Los adultos tienen m\u00e1s probabilidades de sufrir recesi\u00f3n de las enc\u00edas o p\u00e9rdida \u00f3sea por enfermedad periodontal. Los dientes rectos reducen el riesgo de enfermedades de las enc\u00edas y favorecen una mejor salud bucodental.<\/li>\n<li><strong>Dientes desgastados o ausentes:<\/strong> Los a\u00f1os de desgaste pueden hacer que los dientes se desplacen o creen espacios. La ortodoncia puede realinear los dientes, mientras que los dientes perdidos pueden requerir una combinaci\u00f3n de ortodoncia y tratamiento restaurador.<\/li>\n<li><strong>Tratamiento incompleto:<\/strong> Muchos adultos buscan terminar el tratamiento de ortodoncia que empezaron en la adolescencia, para conseguir por fin la sonrisa que siempre han deseado.<\/li>\n<\/ul>\n<p>En nuestra consulta, entendemos que los adultos tienen necesidades distintas a las de los pacientes m\u00e1s j\u00f3venes. Proporcionamos un cuidado personalizado con respeto y atenci\u00f3n, asegur\u00e1ndonos de que tu tratamiento se adapta a tu estilo de vida y a tus objetivos.<\/p>\n<h2>\u00bfPor qu\u00e9 deber\u00edas plantearte un tratamiento de ortodoncia en la edad adulta?<\/h2>\n<ul>\n<li><strong>Dientes sanos para toda la vida:<\/strong> Los dientes correctamente alineados son m\u00e1s f\u00e1ciles de limpiar, lo que reduce el riesgo de caries, enfermedades de las enc\u00edas y otros problemas de salud.<\/li>\n<li><strong>Mayor confianza:<\/strong> Una sonrisa recta y bonita puede aumentar significativamente la autoestima y mejorar tu calidad de vida.<\/li>\n<li><strong>Prevenci\u00f3n de problemas futuros:<\/strong> Los problemas de ortodoncia no tratados pueden empeorar con el tiempo, lo que puede llevar a tratamientos m\u00e1s costosos e invasivos en el futuro.<\/li>\n<\/ul>\n<h2>\u00bfListo para transformar tu sonrisa?<\/h2>\n<p>Si est\u00e1s listo para explorar los beneficios de la ortodoncia para adultos, ponte en contacto con nuestra consulta para concertar una <a href=\"https:\/\/bellasmilesortho.com\/es\/pide-una-cita\/\">cita<\/a> con <a href=\"https:\/\/bellasmilesortho.com\/es\/conoce-al-dra-ortega\/\">la Dra. Naila Ortega<\/a>. Te ayudaremos a encontrar el plan de tratamiento adecuado y trabajaremos con tu apretada agenda para que cada visita sea lo m\u00e1s c\u00f3moda posible. Comienza hoy mismo tu experiencia hacia una sonrisa m\u00e1s sana y segura.<\/p>\n<\/div>\n<\/div>\n<\/div>\n<\/div>\n<\/div>\n<\/section>\n<\/div>\n<\/div>\n<\/div>\n<\/div>\n<\/div>\n<\/section>\n\t\t\t\t\t\t\t\t<\/div>\n\t\t\t\t<\/div>\n\t\t\t\t\t<\/div>\n\t\t<\/div>\n\t\t\t\t\t<\/div>\n\t\t<\/section>\n\t\t\t\t<\/div>\n\t\t","protected":false},"excerpt":{"rendered":"<p>La ortodoncia ya no es s\u00f3lo cosa de adolescentes. Seg\u00fan la Asociaci\u00f3n Americana de Ortodoncistas, uno de cada cinco pacientes de ortodoncia tiene m\u00e1s de 21 a\u00f1os. Los adultos buscan cada vez m\u00e1s tratamiento para mejorar su salud bucal y realzar sus sonrisas, al darse cuenta del impacto positivo que tiene en su confianza y bienestar general. \u00bfPor [&hellip;]<\/p>\n","protected":false},"author":2,"featured_media":0,"parent":0,"menu_order":38,"comment_status":"closed","ping_status":"closed","template":"","meta":{"_seopress_robots_primary_cat":"","_seopress_titles_title":"Ortodoncia para adultos Orlando FL BellaSmiles Orthodontics","_seopress_titles_desc":"BellaSmiles Orthodontics ofrece ortodoncia para adultos en Orlando, FL, y proporciona atenci\u00f3n personalizada para mejorar la salud bucal y aumentar la confianza a cualquier edad.","_seopress_robots_index":"","footnotes":""},"class_list":["post-6390","page","type-page","status-publish"],"_links":{"self":[{"href":"https:\/\/bellasmilesortho.com\/es\/wp-json\/wp\/v2\/pages\/6390","targetHints":{"allow":["GET"]}}],"collection":[{"href":"https:\/\/bellasmilesortho.com\/es\/wp-json\/wp\/v2\/pages"}],"about":[{"href":"https:\/\/bellasmilesortho.com\/es\/wp-json\/wp\/v2\/types\/page"}],"author":[{"embeddable":true,"href":"https:\/\/bellasmilesortho.com\/es\/wp-json\/wp\/v2\/users\/2"}],"replies":[{"embeddable":true,"href":"https:\/\/bellasmilesortho.com\/es\/wp-json\/wp\/v2\/comments?post=6390"}],"version-history":[{"count":3,"href":"https:\/\/bellasmilesortho.com\/es\/wp-json\/wp\/v2\/pages\/6390\/revisions"}],"predecessor-version":[{"id":6435,"href":"https:\/\/bellasmilesortho.com\/es\/wp-json\/wp\/v2\/pages\/6390\/revisions\/6435"}],"wp:attachment":[{"href":"https:\/\/bellasmilesortho.com\/es\/wp-json\/wp\/v2\/media?parent=6390"}],"curies":[{"name":"wp","href":"https:\/\/api.w.org\/{rel}","templated":true}]}}