{"id":6388,"date":"2024-11-20T03:05:08","date_gmt":"2024-11-20T03:05:08","guid":{"rendered":"https:\/\/bellasmilesortho.com\/conoce-al-dr-ortega\/"},"modified":"2024-12-20T03:24:12","modified_gmt":"2024-12-20T03:24:12","slug":"conoce-al-dra-ortega","status":"publish","type":"page","link":"https:\/\/bellasmilesortho.com\/es\/conoce-al-dra-ortega\/","title":{"rendered":"Conoce a la Dra Ortega"},"content":{"rendered":"\t\t<div data-elementor-type=\"wp-page\" data-elementor-id=\"6388\" class=\"elementor elementor-6388 elementor-5632\" data-elementor-post-type=\"page\">\n\t\t\t\t<div data-particle_enable=\"false\" data-particle-mobile-disabled=\"false\" class=\"elementor-element elementor-element-61609bc e-flex e-con-boxed e-con e-parent\" data-id=\"61609bc\" data-element_type=\"container\" data-e-type=\"container\">\n\t\t\t\t\t<div class=\"e-con-inner\">\n\t\t\t\t<div class=\"elementor-element elementor-element-ff926aa elementor-widget elementor-widget-testimonial\" data-id=\"ff926aa\" data-element_type=\"widget\" data-e-type=\"widget\" data-widget_type=\"testimonial.default\">\n\t\t\t\t<div class=\"elementor-widget-container\">\n\t\t\t\t\t\t\t<div class=\"elementor-testimonial-wrapper\">\n\t\t\t\t\t\t\t<div class=\"elementor-testimonial-content\"><p>\"Mi trabajo en ortodoncia es uno de los mayores tesoros de mi vida. Me siento muy afortunada y agradecida por haber encontrado mi pasi\u00f3n cambiando la vida de los dem\u00e1s. Ser capaz de proporcionar a mis pacientes resultados que cambian sus vidas, al tiempo que a\u00fano lo mejor de la educaci\u00f3n, la ciencia y la salud, es una experiencia maravillosa, de la que estoy muy agradecida por formar parte.<\/p>\n<\/div>\n\t\t\t\n\t\t\t\t\t<\/div>\n\t\t\t\t\t\t<\/div>\n\t\t\t\t<\/div>\n\t\t\t\t<div class=\"elementor-element elementor-element-9ddd8dd elementor-widget elementor-widget-testimonial\" data-id=\"9ddd8dd\" data-element_type=\"widget\" data-e-type=\"widget\" data-widget_type=\"testimonial.default\">\n\t\t\t\t<div class=\"elementor-widget-container\">\n\t\t\t\t\t\t\t<div class=\"elementor-testimonial-wrapper\">\n\t\t\t\t\t\t\t<div class=\"elementor-testimonial-content\"><p>\"Como l\u00edder de mi comunidad, valoro de verdad las relaciones que construyo cada d\u00eda. Uno de los aspectos m\u00e1s gratificantes de mi trabajo son los v\u00ednculos que establezco con mis pacientes a lo largo de su tratamiento. Las interacciones diarias que tengo la suerte de tener con ellos me son muy queridas, y me hace feliz hacer que todos se sientan como en casa y parte de la creciente familia que es Ortodoncia BellaSmiles.<\/p>\n<\/div>\n\t\t\t\n\t\t\t\t\t<\/div>\n\t\t\t\t\t\t<\/div>\n\t\t\t\t<\/div>\n\t\t\t\t<div class=\"elementor-element elementor-element-25718c5 elementor-widget elementor-widget-testimonial\" data-id=\"25718c5\" data-element_type=\"widget\" data-e-type=\"widget\" data-widget_type=\"testimonial.default\">\n\t\t\t\t<div class=\"elementor-widget-container\">\n\t\t\t\t\t\t\t<div class=\"elementor-testimonial-wrapper\">\n\t\t\t\t\t\t\t<div class=\"elementor-testimonial-content\"><p>\"Como madre de dos hermosas hijas, soy capaz de ver el tratamiento a trav\u00e9s de los ojos de nuestros pacientes, as\u00ed como de sus familias. Dise\u00f1o cada tratamiento de ortodoncia para satisfacer las necesidades y expectativas de cada individuo. Mi objetivo es garantizar que tu tratamiento de ortodoncia sea una experiencia realmente positiva, que te cambie la vida y que recuerdes siempre. Mi equipo y yo en Ortodoncia BellaSmiles estamos deseando conocerte y darte la hermosa sonrisa con la que siempre has so\u00f1ado. En definitiva, en Ortodoncia BellaSmiles me comprometo a cambiar el mundo sonrisa a sonrisa\".<\/p>\n<\/div>\n\t\t\t\n\t\t\t\t\t\t<div class=\"elementor-testimonial-meta\">\n\t\t\t\t<div class=\"elementor-testimonial-meta-inner\">\n\t\t\t\t\t\n\t\t\t\t\t\t\t\t\t\t<div class=\"elementor-testimonial-details\">\n\t\t\t\t\t\t\t\t\t\t\t\t\t\t<div class=\"elementor-testimonial-name\">- Dra. Naila Ortega<\/div>\n\t\t\t\t\t\t\t\t\t\t\t\t\t\t\t\t\t\t\t<\/div>\n\t\t\t\t\t\t\t\t\t<\/div>\n\t\t\t<\/div>\n\t\t\t\t\t<\/div>\n\t\t\t\t\t\t<\/div>\n\t\t\t\t<\/div>\n\t\t\t\t<div class=\"elementor-element elementor-element-a96132d elementor-widget elementor-widget-text-editor\" data-id=\"a96132d\" data-element_type=\"widget\" data-e-type=\"widget\" data-widget_type=\"text-editor.default\">\n\t\t\t\t<div class=\"elementor-widget-container\">\n\t\t\t\t\t\t\t\t\t<h2>Educaci\u00f3n<\/h2>\n<div>\n<ul>\n<li>Licenciatura en microbiolog\u00eda &#8211; <a class=\"external\" href=\"https:\/\/www.ucf.edu\/\" target=\"_blank\" rel=\"noopener\">Universidad de Florida Central<\/a><\/li>\n<li>Doctorado en Cirug\u00eda Dental &#8211; <a class=\"external\" href=\"https:\/\/home.mmc.edu\/\" target=\"_blank\" rel=\"noopener\">Facultad de Medicina Meharry<\/a><\/li>\n<li>Certificado en Ortodoncia &#8211; <a class=\"external\" href=\"https:\/\/www.ju.edu\/\" target=\"_blank\" rel=\"noopener\">Universidad de Jacksonville<\/a><\/li>\n<\/ul>\n<\/div>\n<h2>Afiliaciones profesionales<\/h2>\n<ul>\n<li><a class=\"external\" href=\"https:\/\/www.mylifemysmile.org\/\" target=\"_blank\" rel=\"noopener\">Asociaci\u00f3n Americana de Ortodoncistas<\/a><\/li>\n<li><a class=\"external\" href=\"https:\/\/www.faortho.org\/\" target=\"_blank\" rel=\"noopener\">Asociaci\u00f3n de Ortodoncistas de Florida<\/a><\/li>\n<li><a class=\"external\" href=\"https:\/\/www.saortho.org\/\" target=\"_blank\" rel=\"noopener\">Asociaci\u00f3n Sure\u00f1a de Ortodoncistas<\/a><\/li>\n<li><a class=\"external\" href=\"https:\/\/www.ada.org\/\" target=\"_blank\" rel=\"noopener\">Asociaci\u00f3n Dental Americana<\/a><\/li>\n<li><a class=\"external\" href=\"https:\/\/www.floridadental.org\/\" target=\"_blank\" rel=\"noopener\">Asociaci\u00f3n Dental de Florida<\/a><\/li>\n<\/ul>\n<h2>M\u00e1s all\u00e1 de la oficina<\/h2>\n\t\t\t\t\t\t\t\t<\/div>\n\t\t\t\t<\/div>\n\t\t\t\t\t<\/div>\n\t\t\t\t<\/div>\n\t\t<div data-particle_enable=\"false\" data-particle-mobile-disabled=\"false\" class=\"elementor-element elementor-element-d23bf89 e-flex e-con-boxed e-con e-parent\" data-id=\"d23bf89\" data-element_type=\"container\" data-e-type=\"container\">\n\t\t\t\t\t<div class=\"e-con-inner\">\n\t\t\t\t<div class=\"elementor-element elementor-element-28a1f69 elementor-arrows-position-outside elementor-pagination-position-outside elementor-widget elementor-widget-image-carousel\" data-id=\"28a1f69\" data-element_type=\"widget\" data-e-type=\"widget\" data-settings=\"{&quot;slides_to_show&quot;:&quot;1&quot;,&quot;navigation&quot;:&quot;both&quot;,&quot;autoplay&quot;:&quot;yes&quot;,&quot;pause_on_hover&quot;:&quot;yes&quot;,&quot;pause_on_interaction&quot;:&quot;yes&quot;,&quot;autoplay_speed&quot;:5000,&quot;infinite&quot;:&quot;yes&quot;,&quot;effect&quot;:&quot;slide&quot;,&quot;speed&quot;:500}\" data-widget_type=\"image-carousel.default\">\n\t\t\t\t<div class=\"elementor-widget-container\">\n\t\t\t\t\t\t\t<div class=\"elementor-image-carousel-wrapper swiper\" role=\"region\" aria-roledescription=\"carousel\" aria-label=\"Carrusel de im\u00e1genes\" dir=\"ltr\">\n\t\t\t<div class=\"elementor-image-carousel swiper-wrapper\" aria-live=\"off\">\n\t\t\t\t\t\t\t\t<div class=\"swiper-slide\" role=\"group\" aria-roledescription=\"slide\" aria-label=\"1 de 4\"><figure class=\"swiper-slide-inner\"><img decoding=\"async\" class=\"swiper-slide-image\" src=\"https:\/\/bellasmilesortho.com\/wp-content\/uploads\/2024\/12\/family-pics-4-703x1024.jpg\" alt=\"fAMILY PICS 4\" \/><\/figure><\/div><div class=\"swiper-slide\" role=\"group\" aria-roledescription=\"slide\" aria-label=\"2 de 4\"><figure class=\"swiper-slide-inner\"><img decoding=\"async\" class=\"swiper-slide-image\" src=\"https:\/\/bellasmilesortho.com\/wp-content\/uploads\/2024\/12\/family-pics-3-683x1024.jpg\" alt=\"fAMILY PICS 3\" \/><\/figure><\/div><div class=\"swiper-slide\" role=\"group\" aria-roledescription=\"slide\" aria-label=\"3 de 4\"><figure class=\"swiper-slide-inner\"><img decoding=\"async\" class=\"swiper-slide-image\" src=\"https:\/\/bellasmilesortho.com\/wp-content\/uploads\/2024\/12\/family-pics-2-683x1024.jpg\" alt=\"Family pics 2\" \/><\/figure><\/div><div class=\"swiper-slide\" role=\"group\" aria-roledescription=\"slide\" aria-label=\"4 de 4\"><figure class=\"swiper-slide-inner\"><img decoding=\"async\" class=\"swiper-slide-image\" src=\"https:\/\/bellasmilesortho.com\/wp-content\/uploads\/2024\/12\/family-pics-1-1-683x1024.jpg\" alt=\"Family pics 1 (1)\" \/><\/figure><\/div>\t\t\t<\/div>\n\t\t\t\t\t\t\t\t\t\t\t\t<div class=\"elementor-swiper-button elementor-swiper-button-prev\" role=\"button\" tabindex=\"0\">\n\t\t\t\t\t\t<i aria-hidden=\"true\" class=\"eicon-chevron-left\"><\/i>\t\t\t\t\t<\/div>\n\t\t\t\t\t<div class=\"elementor-swiper-button elementor-swiper-button-next\" role=\"button\" tabindex=\"0\">\n\t\t\t\t\t\t<i aria-hidden=\"true\" class=\"eicon-chevron-right\"><\/i>\t\t\t\t\t<\/div>\n\t\t\t\t\n\t\t\t\t\t\t\t\t\t<div class=\"swiper-pagination\"><\/div>\n\t\t\t\t\t\t\t\t\t<\/div>\n\t\t\t\t\t\t<\/div>\n\t\t\t\t<\/div>\n\t\t\t\t\t<\/div>\n\t\t\t\t<\/div>\n\t\t<div data-particle_enable=\"false\" data-particle-mobile-disabled=\"false\" class=\"elementor-element elementor-element-20b88c0 e-flex e-con-boxed e-con e-parent\" data-id=\"20b88c0\" data-element_type=\"container\" data-e-type=\"container\">\n\t\t\t\t\t<div class=\"e-con-inner\">\n\t\t\t\t<div class=\"elementor-element elementor-element-b918b9e elementor-widget elementor-widget-text-editor\" data-id=\"b918b9e\" data-element_type=\"widget\" data-e-type=\"widget\" data-widget_type=\"text-editor.default\">\n\t\t\t\t<div class=\"elementor-widget-container\">\n\t\t\t\t\t\t\t\t\t<p>Cuando la Dra. Ortega no est\u00e1 en la consulta, le encanta pasar tiempo con su maravilloso marido, Edrey, y sus dos preciosas hijas, Isabella y Pen\u00e9lope. Tambi\u00e9n tienen una dulce y adorable Goldendoodle, Cookie, \u00a1que arranca una sonrisa a todo el que la conoce! Como familia, les gusta participar en actos de la comunidad local, viajar e ir a la playa.<\/p>\n\t\t\t\t\t\t\t\t<\/div>\n\t\t\t\t<\/div>\n\t\t\t\t\t<\/div>\n\t\t\t\t<\/div>\n\t\t\t\t<\/div>\n\t\t","protected":false},"excerpt":{"rendered":"<p>\u00abMi trabajo en ortodoncia es uno de los mayores tesoros de mi vida. Me siento muy afortunada y agradecida por haber encontrado mi pasi\u00f3n cambiando la vida de los dem\u00e1s. Ser capaz de proporcionar a mis pacientes resultados que cambian sus vidas, al tiempo que a\u00fano lo mejor de la educaci\u00f3n, la ciencia y la salud, es una [&hellip;]<\/p>\n","protected":false},"author":2,"featured_media":6243,"parent":0,"menu_order":5,"comment_status":"closed","ping_status":"closed","template":"","meta":{"_seopress_robots_primary_cat":"","_seopress_titles_title":"Ortodoncista Naila Ortega en Orlando FL | Ortodoncia BellaSmiles","_seopress_titles_desc":"La Dra. Naila Ortega, ortodoncista de BellaSmiles Orthodontics, ofrece atenci\u00f3n ortod\u00f3ncica experta con frenillos e Invisalign para todas las edades en Orlando, FL.","_seopress_robots_index":"","footnotes":""},"class_list":["post-6388","page","type-page","status-publish","has-post-thumbnail"],"_links":{"self":[{"href":"https:\/\/bellasmilesortho.com\/es\/wp-json\/wp\/v2\/pages\/6388","targetHints":{"allow":["GET"]}}],"collection":[{"href":"https:\/\/bellasmilesortho.com\/es\/wp-json\/wp\/v2\/pages"}],"about":[{"href":"https:\/\/bellasmilesortho.com\/es\/wp-json\/wp\/v2\/types\/page"}],"author":[{"embeddable":true,"href":"https:\/\/bellasmilesortho.com\/es\/wp-json\/wp\/v2\/users\/2"}],"replies":[{"embeddable":true,"href":"https:\/\/bellasmilesortho.com\/es\/wp-json\/wp\/v2\/comments?post=6388"}],"version-history":[{"count":5,"href":"https:\/\/bellasmilesortho.com\/es\/wp-json\/wp\/v2\/pages\/6388\/revisions"}],"predecessor-version":[{"id":6454,"href":"https:\/\/bellasmilesortho.com\/es\/wp-json\/wp\/v2\/pages\/6388\/revisions\/6454"}],"wp:featuredmedia":[{"embeddable":true,"href":"https:\/\/bellasmilesortho.com\/es\/wp-json\/wp\/v2\/media\/6243"}],"wp:attachment":[{"href":"https:\/\/bellasmilesortho.com\/es\/wp-json\/wp\/v2\/media?parent=6388"}],"curies":[{"name":"wp","href":"https:\/\/api.w.org\/{rel}","templated":true}]}}