{"id":6386,"date":"2024-11-20T03:31:19","date_gmt":"2024-11-20T03:31:19","guid":{"rendered":"https:\/\/bellasmilesortho.com\/in-ovacion\/"},"modified":"2024-12-20T05:57:39","modified_gmt":"2024-12-20T05:57:39","slug":"in-ovacion","status":"publish","type":"page","link":"https:\/\/bellasmilesortho.com\/es\/in-ovacion\/","title":{"rendered":"IN-OVACI\u00d3N"},"content":{"rendered":"\t\t<div data-elementor-type=\"wp-page\" data-elementor-id=\"6386\" class=\"elementor elementor-6386 elementor-5685\" data-elementor-post-type=\"page\">\n\t\t\t\t\t\t<section data-particle_enable=\"false\" data-particle-mobile-disabled=\"false\" class=\"elementor-section elementor-top-section elementor-element elementor-element-98074ab elementor-section-boxed elementor-section-height-default elementor-section-height-default\" data-id=\"98074ab\" data-element_type=\"section\" data-e-type=\"section\">\n\t\t\t\t\t\t<div class=\"elementor-container elementor-column-gap-default\">\n\t\t\t\t\t<div class=\"elementor-column elementor-col-100 elementor-top-column elementor-element elementor-element-3488fc10\" data-id=\"3488fc10\" data-element_type=\"column\" data-e-type=\"column\">\n\t\t\t<div class=\"elementor-widget-wrap elementor-element-populated\">\n\t\t\t\t\t\t<div class=\"elementor-element elementor-element-7e2eaade elementor-widget elementor-widget-text-editor\" data-id=\"7e2eaade\" data-element_type=\"widget\" data-e-type=\"widget\" data-widget_type=\"text-editor.default\">\n\t\t\t\t<div class=\"elementor-widget-container\">\n\t\t\t\t\t\t\t\t\t<h2>La elecci\u00f3n avanzada para una sonrisa bonita<\/h2>\n<p>Estamos orgullosos de ofrecer a nuestros pacientes el innovador <strong>Sistema de Brackets In-Ovation<\/strong>, una moderna soluci\u00f3n de ortodoncia dise\u00f1ada para ayudarte a conseguir la sonrisa de tus sue\u00f1os m\u00e1s r\u00e1pida y c\u00f3modamente que con los brackets tradicionales. Con In-Ovation, el camino hacia una sonrisa radiante es m\u00e1s suave, eficaz y libre de las dificultades asociadas a los antiguos aparatos. <\/p>\n<h2>\u00bfPor qu\u00e9 elegir la ortodoncia In-Ovation?<\/h2>\n<p>A diferencia de <a href=\"https:\/\/bellasmilesortho.com\/types-of-braces\/\">los frenllos<\/a> tradicionales, que utilizan el\u00e1sticos y ligaduras que crean presi\u00f3n y fricci\u00f3n, los aparatos In-Ovation emplean fuerzas ligeras y suaves para guiar tus dientes hasta su alineaci\u00f3n. Este avanzado sistema elimina la necesidad de apretar con frecuencia, proporcionando una experiencia de tratamiento m\u00e1s c\u00f3moda y confortable. <\/p>\n<h2>Ventajas de la ortodoncia In-Ovation<\/h2>\n<p>Con In-Ovation, puedes disfrutar de:<\/p>\n<ul>\n<li><strong>Resultados m\u00e1s r\u00e1pidos:<\/strong> Consigue tu sonrisa perfecta a menudo meses antes que con los frenillos tradicionales.<\/li>\n<li><strong>Citas m\u00e1s breves:<\/strong> Pasa menos tiempo en el sill\u00f3n dental.<\/li>\n<li><strong>Menos visitas a la consulta:<\/strong> Un proceso de tratamiento m\u00e1s eficaz significa menos visitas al ortodoncista.<\/li>\n<li><strong>Mayor comodidad:<\/strong> Las fuerzas suaves minimizan las molestias durante el tratamiento.<\/li>\n<li><strong>Est\u00e9tica facial mejorada:<\/strong> Los brackets In-Ovation no s\u00f3lo mejoran tu sonrisa, sino tambi\u00e9n las proporciones y el aspecto general de tu rostro.<\/li>\n<\/ul>\t\t\t\t\t\t\t\t<\/div>\n\t\t\t\t<\/div>\n\t\t\t\t\t<\/div>\n\t\t<\/div>\n\t\t\t\t\t<\/div>\n\t\t<\/section>\n\t\t\t\t<section data-particle_enable=\"false\" data-particle-mobile-disabled=\"false\" class=\"elementor-section elementor-top-section elementor-element elementor-element-ed00eb8 elementor-section-boxed elementor-section-height-default elementor-section-height-default\" data-id=\"ed00eb8\" data-element_type=\"section\" data-e-type=\"section\">\n\t\t\t\t\t\t<div class=\"elementor-container elementor-column-gap-default\">\n\t\t\t\t\t<div class=\"elementor-column elementor-col-100 elementor-top-column elementor-element elementor-element-4e6529d2\" data-id=\"4e6529d2\" data-element_type=\"column\" data-e-type=\"column\">\n\t\t\t<div class=\"elementor-widget-wrap elementor-element-populated\">\n\t\t\t\t\t\t<div class=\"elementor-element elementor-element-4aeb00ed elementor-widget elementor-widget-heading\" data-id=\"4aeb00ed\" data-element_type=\"widget\" data-e-type=\"widget\" data-widget_type=\"heading.default\">\n\t\t\t\t<div class=\"elementor-widget-container\">\n\t\t\t\t\t<h3 class=\"elementor-heading-title elementor-size-default\">Ortodoncia tradicional<\/h3>\t\t\t\t<\/div>\n\t\t\t\t<\/div>\n\t\t\t\t\t<\/div>\n\t\t<\/div>\n\t\t\t\t\t<\/div>\n\t\t<\/section>\n\t\t\t\t<section data-particle_enable=\"false\" data-particle-mobile-disabled=\"false\" class=\"elementor-section elementor-top-section elementor-element elementor-element-1d1f8c63 elementor-section-boxed elementor-section-height-default elementor-section-height-default\" data-id=\"1d1f8c63\" data-element_type=\"section\" data-e-type=\"section\">\n\t\t\t\t\t\t<div class=\"elementor-container elementor-column-gap-default\">\n\t\t\t\t\t<div class=\"elementor-column elementor-col-50 elementor-top-column elementor-element elementor-element-5e5f4224\" data-id=\"5e5f4224\" data-element_type=\"column\" data-e-type=\"column\">\n\t\t\t<div class=\"elementor-widget-wrap elementor-element-populated\">\n\t\t\t\t\t\t<div class=\"elementor-element elementor-element-6c011e1b elementor-widget elementor-widget-image\" data-id=\"6c011e1b\" data-element_type=\"widget\" data-e-type=\"widget\" data-widget_type=\"image.default\">\n\t\t\t\t<div class=\"elementor-widget-container\">\n\t\t\t\t\t\t\t\t\t\t\t\t\t\t\t<img decoding=\"async\" width=\"75\" height=\"75\" src=\"https:\/\/bellasmilesortho.com\/wp-content\/uploads\/2024\/12\/traditional-braces.jpg\" class=\"attachment-large size-large wp-image-6295\" alt=\"\" \/>\t\t\t\t\t\t\t\t\t\t\t\t\t\t\t<\/div>\n\t\t\t\t<\/div>\n\t\t\t\t\t<\/div>\n\t\t<\/div>\n\t\t\t\t<div class=\"elementor-column elementor-col-50 elementor-top-column elementor-element elementor-element-d8cba87\" data-id=\"d8cba87\" data-element_type=\"column\" data-e-type=\"column\">\n\t\t\t<div class=\"elementor-widget-wrap elementor-element-populated\">\n\t\t\t\t\t\t<div class=\"elementor-element elementor-element-e7ab7be elementor-widget elementor-widget-text-editor\" data-id=\"e7ab7be\" data-element_type=\"widget\" data-e-type=\"widget\" data-widget_type=\"text-editor.default\">\n\t\t\t\t<div class=\"elementor-widget-container\">\n\t\t\t\t\t\t\t\t\t<p>Los el\u00e1sticos y las ligaduras crean presi\u00f3n y fricci\u00f3n, lo que puede ralentizar el tratamiento y aumentar las molestias. Estos componentes tambi\u00e9n pueden dificultar la higiene bucal. <\/p>\n\t\t\t\t\t\t\t\t<\/div>\n\t\t\t\t<\/div>\n\t\t\t\t\t<\/div>\n\t\t<\/div>\n\t\t\t\t\t<\/div>\n\t\t<\/section>\n\t\t\t\t<section data-particle_enable=\"false\" data-particle-mobile-disabled=\"false\" class=\"elementor-section elementor-top-section elementor-element elementor-element-36613571 elementor-section-boxed elementor-section-height-default elementor-section-height-default\" data-id=\"36613571\" data-element_type=\"section\" data-e-type=\"section\">\n\t\t\t\t\t\t<div class=\"elementor-container elementor-column-gap-default\">\n\t\t\t\t\t<div class=\"elementor-column elementor-col-100 elementor-top-column elementor-element elementor-element-1ed2c374\" data-id=\"1ed2c374\" data-element_type=\"column\" data-e-type=\"column\">\n\t\t\t<div class=\"elementor-widget-wrap elementor-element-populated\">\n\t\t\t\t\t\t<div class=\"elementor-element elementor-element-5374866f elementor-widget elementor-widget-heading\" data-id=\"5374866f\" data-element_type=\"widget\" data-e-type=\"widget\" data-widget_type=\"heading.default\">\n\t\t\t\t<div class=\"elementor-widget-container\">\n\t\t\t\t\t<h3 class=\"elementor-heading-title elementor-size-default\">Brackets In-Ovation<\/h3>\t\t\t\t<\/div>\n\t\t\t\t<\/div>\n\t\t\t\t\t<\/div>\n\t\t<\/div>\n\t\t\t\t\t<\/div>\n\t\t<\/section>\n\t\t\t\t<section data-particle_enable=\"false\" data-particle-mobile-disabled=\"false\" class=\"elementor-section elementor-top-section elementor-element elementor-element-19a83865 elementor-section-boxed elementor-section-height-default elementor-section-height-default\" data-id=\"19a83865\" data-element_type=\"section\" data-e-type=\"section\">\n\t\t\t\t\t\t<div class=\"elementor-container elementor-column-gap-default\">\n\t\t\t\t\t<div class=\"elementor-column elementor-col-50 elementor-top-column elementor-element elementor-element-7379a186\" data-id=\"7379a186\" data-element_type=\"column\" data-e-type=\"column\">\n\t\t\t<div class=\"elementor-widget-wrap elementor-element-populated\">\n\t\t\t\t\t\t<div class=\"elementor-element elementor-element-5352436 elementor-widget elementor-widget-image\" data-id=\"5352436\" data-element_type=\"widget\" data-e-type=\"widget\" data-widget_type=\"image.default\">\n\t\t\t\t<div class=\"elementor-widget-container\">\n\t\t\t\t\t\t\t\t\t\t\t\t\t\t\t<img decoding=\"async\" width=\"75\" height=\"75\" src=\"https:\/\/bellasmilesortho.com\/wp-content\/uploads\/2024\/12\/in-ovation-braces.jpg\" class=\"attachment-large size-large wp-image-6296\" alt=\"\" \/>\t\t\t\t\t\t\t\t\t\t\t\t\t\t\t<\/div>\n\t\t\t\t<\/div>\n\t\t\t\t\t<\/div>\n\t\t<\/div>\n\t\t\t\t<div class=\"elementor-column elementor-col-50 elementor-top-column elementor-element elementor-element-6885ca27\" data-id=\"6885ca27\" data-element_type=\"column\" data-e-type=\"column\">\n\t\t\t<div class=\"elementor-widget-wrap elementor-element-populated\">\n\t\t\t\t\t\t<div class=\"elementor-element elementor-element-9611499 elementor-widget elementor-widget-text-editor\" data-id=\"9611499\" data-element_type=\"widget\" data-e-type=\"widget\" data-widget_type=\"text-editor.default\">\n\t\t\t\t<div class=\"elementor-widget-container\">\n\t\t\t\t\t\t\t\t\t<p>Los dientes se mueven con mayor libertad y comodidad, sin necesidad de ataduras ni el\u00e1sticos. Este dise\u00f1o reduce la irritaci\u00f3n, la acumulaci\u00f3n de placa y la dificultad de limpieza. <\/p>\n\t\t\t\t\t\t\t\t<\/div>\n\t\t\t\t<\/div>\n\t\t\t\t\t<\/div>\n\t\t<\/div>\n\t\t\t\t\t<\/div>\n\t\t<\/section>\n\t\t\t\t<section data-particle_enable=\"false\" data-particle-mobile-disabled=\"false\" class=\"elementor-section elementor-top-section elementor-element elementor-element-561a9f31 elementor-section-boxed elementor-section-height-default elementor-section-height-default\" data-id=\"561a9f31\" data-element_type=\"section\" data-e-type=\"section\">\n\t\t\t\t\t\t<div class=\"elementor-container elementor-column-gap-default\">\n\t\t\t\t\t<div class=\"elementor-column elementor-col-100 elementor-top-column elementor-element elementor-element-623efa8d\" data-id=\"623efa8d\" data-element_type=\"column\" data-e-type=\"column\">\n\t\t\t<div class=\"elementor-widget-wrap elementor-element-populated\">\n\t\t\t\t\t\t<div class=\"elementor-element elementor-element-588d7ee7 elementor-widget elementor-widget-text-editor\" data-id=\"588d7ee7\" data-element_type=\"widget\" data-e-type=\"widget\" data-widget_type=\"text-editor.default\">\n\t\t\t\t<div class=\"elementor-widget-container\">\n\t\t\t\t\t\t\t\t\t<div class=\"flex max-w-full flex-col flex-grow\">\n<div class=\"min-h-8 text-message flex w-full flex-col items-end gap-2 whitespace-normal break-words [.text-message+&amp;]:mt-5\" dir=\"auto\" data-message-author-role=\"assistant\" data-message-id=\"d434ca64-7fec-40d7-a1cb-6ebcecbc35f1\" data-message-model-slug=\"gpt-4o\">\n<div class=\"flex w-full flex-col gap-1 empty:hidden first:pt-[3px]\">\n<div class=\"markdown prose w-full break-words dark:prose-invert light\">\n<h2>Explora las opciones del sistema In-Ovation<\/h2>\n<p>Los brackets In-Ovation est\u00e1n disponibles en tres estilos vers\u00e1tiles que se adaptan a tus necesidades y preferencias. Tu ortodoncista te recomendar\u00e1 la mejor opci\u00f3n para ti: <\/p>\n<ol>\n<li>\n<p><strong>In-Ovaci\u00f3n\u00ae R:<\/strong><\/p>\n<ul>\n<li>M\u00e1s peque\u00f1o y de perfil m\u00e1s bajo para mayor comodidad.<\/li>\n<li>Sin el\u00e1sticos ni ataduras met\u00e1licas, lo que reduce la irritaci\u00f3n y facilita la higiene bucal.<\/li>\n<\/ul>\n<\/li>\n<li>\n<p><strong>In-Ovaci\u00f3n\u00ae C:<\/strong><\/p>\n<ul>\n<li>Brackets cer\u00e1micos transl\u00facidos para un aspecto discreto y est\u00e9tico.<\/li>\n<li>Combina un tratamiento r\u00e1pido y c\u00f3modo con una est\u00e9tica excepcional.<\/li>\n<\/ul>\n<\/li>\n<li>\n<p><strong>MTM\u00ae Sin Rastro\u2122:<\/strong><\/p>\n<ul>\n<li>Ideal para movimientos dentales menores (6 mm o menos).<\/li>\n<li>Completamente invisibles, con \u00abclips r\u00e1pidos\u00bb autoligables que ofrecen resultados en s\u00f3lo unos meses.<\/li>\n<\/ul>\n<\/li>\n<\/ol>\n<h2>Una sonrisa bonita es r\u00e1pida y f\u00e1cil<\/h2>\n<p>Con los brackets In-Ovation, conseguir la sonrisa que siempre has deseado es m\u00e1s r\u00e1pido y c\u00f3modo que nunca. <a href=\"https:\/\/bellasmilesortho.com\/es\/oficina-de-avalon-park\/\">Ponte en contacto con nuestra consulta<\/a> para obtener m\u00e1s informaci\u00f3n sobre esta avanzada soluci\u00f3n de ortodoncia y averiguar qu\u00e9 sistema In-Ovation es el adecuado para ti con <a href=\"https:\/\/bellasmilesortho.com\/es\/conoce-al-dra-ortega\/\">la Dra. Naila Ortega<\/a>. Empecemos hoy mismo tu viaje hacia una sonrisa segura y radiante. <\/p>\n<\/div>\n<\/div>\n<\/div>\n<\/div>\t\t\t\t\t\t\t\t<\/div>\n\t\t\t\t<\/div>\n\t\t\t\t\t<\/div>\n\t\t<\/div>\n\t\t\t\t\t<\/div>\n\t\t<\/section>\n\t\t\t\t<\/div>\n\t\t","protected":false},"excerpt":{"rendered":"<p>La elecci\u00f3n avanzada para una sonrisa bonita Estamos orgullosos de ofrecer a nuestros pacientes el innovador Sistema de Brackets In-Ovation, una moderna soluci\u00f3n de ortodoncia dise\u00f1ada para ayudarte a conseguir la sonrisa de tus sue\u00f1os m\u00e1s r\u00e1pida y c\u00f3modamente que con los brackets tradicionales. Con In-Ovation, el camino hacia una sonrisa radiante es m\u00e1s suave, eficaz y libre [&hellip;]<\/p>\n","protected":false},"author":2,"featured_media":0,"parent":0,"menu_order":43,"comment_status":"closed","ping_status":"closed","template":"","meta":{"_seopress_robots_primary_cat":"","_seopress_titles_title":"IN Ovation Orlando FL | BellaSmiles Orthodontics","_seopress_titles_desc":"BellaSmiles Orthodontics de Orlando, FL, ofrece los brackets In-Ovation, un tratamiento de ortodoncia avanzado y c\u00f3modo que ofrece resultados m\u00e1s r\u00e1pidos y eficaces.","_seopress_robots_index":"","footnotes":""},"class_list":["post-6386","page","type-page","status-publish"],"_links":{"self":[{"href":"https:\/\/bellasmilesortho.com\/es\/wp-json\/wp\/v2\/pages\/6386","targetHints":{"allow":["GET"]}}],"collection":[{"href":"https:\/\/bellasmilesortho.com\/es\/wp-json\/wp\/v2\/pages"}],"about":[{"href":"https:\/\/bellasmilesortho.com\/es\/wp-json\/wp\/v2\/types\/page"}],"author":[{"embeddable":true,"href":"https:\/\/bellasmilesortho.com\/es\/wp-json\/wp\/v2\/users\/2"}],"replies":[{"embeddable":true,"href":"https:\/\/bellasmilesortho.com\/es\/wp-json\/wp\/v2\/comments?post=6386"}],"version-history":[{"count":3,"href":"https:\/\/bellasmilesortho.com\/es\/wp-json\/wp\/v2\/pages\/6386\/revisions"}],"predecessor-version":[{"id":6474,"href":"https:\/\/bellasmilesortho.com\/es\/wp-json\/wp\/v2\/pages\/6386\/revisions\/6474"}],"wp:attachment":[{"href":"https:\/\/bellasmilesortho.com\/es\/wp-json\/wp\/v2\/media?parent=6386"}],"curies":[{"name":"wp","href":"https:\/\/api.w.org\/{rel}","templated":true}]}}