{"id":6383,"date":"2024-11-20T03:32:32","date_gmt":"2024-11-20T03:32:32","guid":{"rendered":"https:\/\/bellasmilesortho.com\/cirugia-correctiva-de-mandibula\/"},"modified":"2024-12-20T03:03:31","modified_gmt":"2024-12-20T03:03:31","slug":"cirugia-correctiva-de-mandibula","status":"publish","type":"page","link":"https:\/\/bellasmilesortho.com\/es\/cirugia-correctiva-de-mandibula\/","title":{"rendered":"Cirug\u00eda correctiva de mand\u00edbula"},"content":{"rendered":"\t\t<div data-elementor-type=\"wp-page\" data-elementor-id=\"6383\" class=\"elementor elementor-6383 elementor-5688\" data-elementor-post-type=\"page\">\n\t\t\t\t<div data-particle_enable=\"false\" data-particle-mobile-disabled=\"false\" class=\"elementor-element elementor-element-34cb969 e-flex e-con-boxed e-con e-parent\" data-id=\"34cb969\" data-element_type=\"container\" data-e-type=\"container\">\n\t\t\t\t\t<div class=\"e-con-inner\">\n\t\t\t\t<div class=\"elementor-element elementor-element-8c33ddc elementor-widget elementor-widget-text-editor\" data-id=\"8c33ddc\" data-element_type=\"widget\" data-e-type=\"widget\" data-widget_type=\"text-editor.default\">\n\t\t\t\t<div class=\"elementor-widget-container\">\n\t\t\t\t\t\t\t\t\t<h2>Consigue equilibrio, funcionalidad y comodidad<\/h2>\n<p>La cirug\u00eda correctiva de la mand\u00edbula, tambi\u00e9n conocida como cirug\u00eda ortogn\u00e1tica, alinea tus dientes y mand\u00edbulas para mejorar el equilibrio, la funcionalidad y la salud. Tanto si buscas mejorar tu mordida, aspecto, habla o comodidad general, este procedimiento transformador puede tener un impacto significativo y duradero en tu calidad de vida. Nuestro <a href=\"https:\/\/bellasmilesortho.com\/es\/nuestro-equipo\/\">equipo<\/a> est\u00e1 aqu\u00ed para guiarte en cada paso del camino, ayud\u00e1ndote a conseguir una sonrisa bella, funcional y sin dolor que dure toda la vida.  <\/p>\n<h2>\u00bfQui\u00e9n se beneficia de la cirug\u00eda correctiva de mand\u00edbula?<\/h2>\n<p>Los maxilares desalineados pueden ser consecuencia de un crecimiento desigual, lesiones o defectos cong\u00e9nitos. Aunque el tratamiento ortod\u00f3ncico puede tratar la desalineaci\u00f3n dental, puede ser necesaria la cirug\u00eda correctiva de mand\u00edbula para resolver problemas relacionados con la alineaci\u00f3n de la mand\u00edbula. Podr\u00edas ser candidato a este procedimiento que cambia la vida si experimentas:  <\/p>\n<ul>\n<li>Dificultad para masticar, morder o tragar<\/li>\n<li>Dolor cr\u00f3nico de mand\u00edbula o ATM (articulaci\u00f3n temporomandibular) y dolores de cabeza frecuentes<\/li>\n<li>Desgaste excesivo de los dientes<\/li>\n<li>Mordida abierta (espacio entre los dientes superiores e inferiores cuando la boca est\u00e1 cerrada)<\/li>\n<li>Aspecto facial desequilibrado de frente o de lado<\/li>\n<li>Lesiones faciales o defectos cong\u00e9nitos<\/li>\n<li>Ment\u00f3n retra\u00eddo o mand\u00edbula prominente<\/li>\n<li>Incapacidad para cerrar los labios sin esfuerzo<\/li>\n<li>Respiraci\u00f3n bucal cr\u00f3nica o boca seca<\/li>\n<li>Apnea del sue\u00f1o o dificultades respiratorias durante el sue\u00f1o, incluidos los ronquidos<\/li>\n<\/ul>\n<h2>Los beneficios de por vida de la cirug\u00eda correctiva de mand\u00edbula<\/h2>\n<p>Corregir los problemas de alineaci\u00f3n de la mand\u00edbula es una inversi\u00f3n tanto en tu salud como en tu felicidad. Aunque el tratamiento, que puede incluir cirug\u00eda y ortodoncia, puede tardar varios a\u00f1os en completarse, los resultados son permanentes y transformadores. <\/p>\n<ul>\n<li><strong>Funcionalidad mejorada:<\/strong> Disfruta de masticar, tragar y hablar sin dolor.<\/li>\n<li><strong>Est\u00e9tica mejorada:<\/strong> Consigue equilibrio y simetr\u00eda faciales para una apariencia m\u00e1s segura.<\/li>\n<li><strong>Mejor salud general:<\/strong> Reduce el desgaste de los dientes, alivia el dolor cr\u00f3nico y mejora la calidad del sue\u00f1o.<\/li>\n<li><strong>Confianza reforzada:<\/strong> Vive libre de molestias y abraza una sonrisa de la que te sientas orgullosa de presumir.<\/li>\n<\/ul>\n<h2>Da el primer paso hacia una sonrisa m\u00e1s sana<\/h2>\n<p>Si vives con afecciones mandibulares dolorosas o inc\u00f3modas, no tienes por qu\u00e9 seguir soport\u00e1ndolas. <a href=\"https:\/\/bellasmilesortho.com\/es\/oficina-de-avalon-park\/\">Ponte en contacto con nuestra consulta<\/a> hoy mismo para concertar una <a href=\"https:\/\/bellasmilesortho.com\/es\/pide-una-cita\/\">cita<\/a>. Juntos determinaremos el mejor plan de tratamiento adaptado a tus necesidades, ayud\u00e1ndote a conseguir una sonrisa m\u00e1s sana y funcional que mejore tu bienestar general. <\/p>\n\t\t\t\t\t\t\t\t<\/div>\n\t\t\t\t<\/div>\n\t\t\t\t\t<\/div>\n\t\t\t\t<\/div>\n\t\t\t\t<\/div>\n\t\t","protected":false},"excerpt":{"rendered":"<p>Consigue equilibrio, funcionalidad y comodidad La cirug\u00eda correctiva de la mand\u00edbula, tambi\u00e9n conocida como cirug\u00eda ortogn\u00e1tica, alinea tus dientes y mand\u00edbulas para mejorar el equilibrio, la funcionalidad y la salud. Tanto si buscas mejorar tu mordida, aspecto, habla o comodidad general, este procedimiento transformador puede tener un impacto significativo y duradero en tu calidad de vida. Nuestro equipo [&hellip;]<\/p>\n","protected":false},"author":2,"featured_media":0,"parent":0,"menu_order":45,"comment_status":"closed","ping_status":"closed","template":"","meta":{"_seopress_robots_primary_cat":"","_seopress_titles_title":"Cirug\u00eda correctiva de mand\u00edbula Orlando FL | BellaSmiles Orthodontics","_seopress_titles_desc":"BellaSmiles Orthodontics de Orlando, FL, ofrece cirug\u00eda correctiva de mand\u00edbula para mejorar la alineaci\u00f3n de la mand\u00edbula, aliviar el dolor y mejorar la funci\u00f3n y el aspecto.","_seopress_robots_index":"","footnotes":""},"class_list":["post-6383","page","type-page","status-publish"],"_links":{"self":[{"href":"https:\/\/bellasmilesortho.com\/es\/wp-json\/wp\/v2\/pages\/6383","targetHints":{"allow":["GET"]}}],"collection":[{"href":"https:\/\/bellasmilesortho.com\/es\/wp-json\/wp\/v2\/pages"}],"about":[{"href":"https:\/\/bellasmilesortho.com\/es\/wp-json\/wp\/v2\/types\/page"}],"author":[{"embeddable":true,"href":"https:\/\/bellasmilesortho.com\/es\/wp-json\/wp\/v2\/users\/2"}],"replies":[{"embeddable":true,"href":"https:\/\/bellasmilesortho.com\/es\/wp-json\/wp\/v2\/comments?post=6383"}],"version-history":[{"count":3,"href":"https:\/\/bellasmilesortho.com\/es\/wp-json\/wp\/v2\/pages\/6383\/revisions"}],"predecessor-version":[{"id":6446,"href":"https:\/\/bellasmilesortho.com\/es\/wp-json\/wp\/v2\/pages\/6383\/revisions\/6446"}],"wp:attachment":[{"href":"https:\/\/bellasmilesortho.com\/es\/wp-json\/wp\/v2\/media?parent=6383"}],"curies":[{"name":"wp","href":"https:\/\/api.w.org\/{rel}","templated":true}]}}