{"id":6381,"date":"2024-11-20T03:33:02","date_gmt":"2024-11-20T03:33:02","guid":{"rendered":"https:\/\/bellasmilesortho.com\/sonrisas-de-seis-meses\/"},"modified":"2024-12-20T05:57:52","modified_gmt":"2024-12-20T05:57:52","slug":"sonrisas-de-seis-meses","status":"publish","type":"page","link":"https:\/\/bellasmilesortho.com\/es\/sonrisas-de-seis-meses\/","title":{"rendered":"Six Month Smiles"},"content":{"rendered":"\t\t<div data-elementor-type=\"wp-page\" data-elementor-id=\"6381\" class=\"elementor elementor-6381 elementor-5690\" data-elementor-post-type=\"page\">\n\t\t\t\t<div data-particle_enable=\"false\" data-particle-mobile-disabled=\"false\" class=\"elementor-element elementor-element-92d47c7 e-flex e-con-boxed e-con e-parent\" data-id=\"92d47c7\" data-element_type=\"container\" data-e-type=\"container\">\n\t\t\t\t\t<div class=\"e-con-inner\">\n\t\t\t\t<div class=\"elementor-element elementor-element-776932f elementor-widget elementor-widget-text-editor\" data-id=\"776932f\" data-element_type=\"widget\" data-e-type=\"widget\" data-widget_type=\"text-editor.default\">\n\t\t\t\t<div class=\"elementor-widget-container\">\n\t\t\t\t\t\t\t\t\t<div class=\"flex-1 overflow-hidden\">\n<div class=\"h-full\">\n<div class=\"react-scroll-to-bottom--css-nzqyt-79elbk h-full\">\n<div class=\"react-scroll-to-bottom--css-nzqyt-1n7m0yu\">\n<div class=\"flex flex-col text-sm md:pb-9\">\n<article class=\"w-full scroll-mb-[var(--thread-trailing-height,150px)] text-token-text-primary focus-visible:outline-2 focus-visible:outline-offset-[-4px]\" dir=\"auto\" data-testid=\"conversation-turn-83\" data-scroll-anchor=\"true\">\n<div class=\"m-auto text-base py-[18px] px-3 md:px-4 w-full md:px-5 lg:px-4 xl:px-5\">\n<div class=\"mx-auto flex flex-1 gap-4 text-base md:gap-5 lg:gap-6 md:max-w-3xl lg:max-w-[40rem] xl:max-w-[48rem]\">\n<div class=\"group\/conversation-turn relative flex w-full min-w-0 flex-col agent-turn\">\n<div class=\"flex-col gap-1 md:gap-3\">\n<div class=\"flex max-w-full flex-col flex-grow\">\n<div class=\"min-h-8 text-message flex w-full flex-col items-end gap-2 whitespace-normal break-words [.text-message+&amp;]:mt-5\" dir=\"auto\" data-message-author-role=\"assistant\" data-message-id=\"4a3feb9d-b1df-471e-97b9-bfd497795ba2\" data-message-model-slug=\"gpt-4o\">\n<div class=\"flex w-full flex-col gap-1 empty:hidden first:pt-[3px]\">\n<div class=\"markdown prose w-full break-words dark:prose-invert light\">\n<h2>Transforma tu sonrisa con confianza<\/h2>\n<p>Tu sonrisa es un reflejo de tu personalidad y confianza. Si te encuentras entre los millones de personas que se sienten acomplejadas por el aspecto de su sonrisa, Six Month Smiles\u00ae te ofrece una soluci\u00f3n ortod\u00f3ncica cosm\u00e9tica eficaz. Gracias a los modernos avances en la tecnolog\u00eda de los aparatos tradicionales, Six Month Smiles ofrece una forma m\u00e1s r\u00e1pida y discreta de conseguir la sonrisa que siempre has deseado, adaptada a tu estilo de vida.<\/p>\n<h2>Un giro est\u00e9tico a la ortodoncia tradicional<\/h2>\n<p>Six Month Smiles combina la fiabilidad de <a href=\"https:\/\/bellasmilesortho.com\/types-of-braces\/\">los frenillos<\/a> tradicionales con una mejora est\u00e9tica. Aunque los frenillos convencionales siguen siendo uno de los m\u00e9todos m\u00e1s predecibles y eficaces para conseguir una sonrisa bonita, su aspecto met\u00e1lico a menudo disuade a los pacientes.<\/p>\n<p>Con Six Month Smiles, disfrutar\u00e1s de todas las ventajas de los aparatos tradicionales, pero con <strong>brackets<\/strong> transparentes <strong>Lucid-Lok\u00ae<\/strong> y <strong>alambres del color del diente Chameleon\u2122<\/strong> que se funden a la perfecci\u00f3n con tus dientes. Esto significa que tus aparatos ser\u00e1n pr\u00e1cticamente invisibles, permiti\u00e9ndote sonre\u00edr con confianza durante todo el tratamiento. Lo mejor de todo es que la duraci\u00f3n media del tratamiento es de s\u00f3lo seis meses.<\/p>\n<h3>Beneficios de Six Month Smiles<\/h3>\n<ul>\n<li><strong>Aspecto discreto:<\/strong> Los brackets transparentes y los alambres del color del diente garantizan un tratamiento casi invisible.<\/li>\n<li><strong>Resultados m\u00e1s r\u00e1pidos:<\/strong> Consigue una sonrisa m\u00e1s recta en una media de seis meses.<\/li>\n<li><strong>Tratamiento c\u00f3modo:<\/strong> La tecnolog\u00eda de baja fuerza se centra en los ajustes cosm\u00e9ticos, garantizando la comodidad sin necesidad de apretar con frecuencia.<\/li>\n<\/ul>\n<h3>\u00bfEs c\u00f3modo Six Month Smiles?<\/h3>\n<p>S\u00ed. A pesar de la brevedad del tratamiento, los aparatos Six Month Smiles utilizan fuerzas suaves para alinear tus dientes, centr\u00e1ndose en su aspecto m\u00e1s que en alterar tu mordida. Esto significa menos presi\u00f3n y ning\u00fan doloroso ajuste de \u00abapriete\u00bb.<\/p>\n<h3>\u00bfExisten riesgos?<\/h3>\n<p>Six Month Smiles no conlleva mayores riesgos para tus dientes, ra\u00edces o enc\u00edas que la ortodoncia tradicional. De hecho, las fuerzas m\u00e1s ligeras y la m\u00ednima necesidad de extracciones la convierten en una opci\u00f3n a\u00fan m\u00e1s segura para muchos pacientes.<\/p>\n<h3>\u00bfQui\u00e9n es candidato a Six Month Smiles?<\/h3>\n<p>Si tienes 15 a\u00f1os o m\u00e1s con dientes torcidos, api\u00f1ados o separados, y no buscas un ajuste significativo de la mordida, Six Month Smiles podr\u00eda ser perfecto para ti. Aunque la mayor\u00eda de los adultos cumplen los requisitos, s\u00f3lo tu ortodoncista o dentista puede determinar si es la soluci\u00f3n adecuada para tus necesidades particulares.<\/p>\n<h2>Comienza tu experiencia hacia una sonrisa bonita<\/h2>\n<p>\u00bfEst\u00e1s preparado para mejorar tu confianza con una sonrisa m\u00e1s recta y radiante? <a href=\"https:\/\/bellasmilesortho.com\/es\/oficina-de-avalon-park\/\">Ponte en contacto con nuestra consulta<\/a> hoy mismo para concertar una <a href=\"https:\/\/bellasmilesortho.com\/es\/pide-una-cita\/\">cita<\/a>. <a href=\"https:\/\/bellasmilesortho.com\/es\/conoce-al-dra-ortega\/\">La Dra. Naila<\/a> Ortega determinar\u00e1 si Sonrisas de Seis Meses es la opci\u00f3n ideal para ayudarte a conseguir la sonrisa que te mereces, \u00a1en s\u00f3lo seis meses!<\/p>\n<\/div>\n<\/div>\n<\/div>\n<\/div>\n<\/div>\n<\/div>\n<\/div>\n<\/div>\n<\/article>\n<\/div>\n<\/div>\n<\/div>\n<\/div>\n<\/div>\n\t\t\t\t\t\t\t\t<\/div>\n\t\t\t\t<\/div>\n\t\t\t\t\t<\/div>\n\t\t\t\t<\/div>\n\t\t\t\t<\/div>\n\t\t","protected":false},"excerpt":{"rendered":"<p>Transforma tu sonrisa con confianza Tu sonrisa es un reflejo de tu personalidad y confianza. Si te encuentras entre los millones de personas que se sienten acomplejadas por el aspecto de su sonrisa, Six Month Smiles\u00ae te ofrece una soluci\u00f3n ortod\u00f3ncica cosm\u00e9tica eficaz. Gracias a los modernos avances en la tecnolog\u00eda de los aparatos tradicionales, Six Month Smiles [&hellip;]<\/p>\n","protected":false},"author":2,"featured_media":0,"parent":0,"menu_order":49,"comment_status":"closed","ping_status":"closed","template":"","meta":{"_seopress_robots_primary_cat":"","_seopress_titles_title":"Six Month Smiles Orlando FL | BellaSmiles Orthodontics","_seopress_titles_desc":"BellaSmiles Orthodontics en Orlando, FL, ofrece Six Month Smiles para un tratamiento de ortodoncia m\u00e1s r\u00e1pido y discreto para enderezar tu sonrisa en s\u00f3lo seis meses.","_seopress_robots_index":"","footnotes":""},"class_list":["post-6381","page","type-page","status-publish"],"_links":{"self":[{"href":"https:\/\/bellasmilesortho.com\/es\/wp-json\/wp\/v2\/pages\/6381","targetHints":{"allow":["GET"]}}],"collection":[{"href":"https:\/\/bellasmilesortho.com\/es\/wp-json\/wp\/v2\/pages"}],"about":[{"href":"https:\/\/bellasmilesortho.com\/es\/wp-json\/wp\/v2\/types\/page"}],"author":[{"embeddable":true,"href":"https:\/\/bellasmilesortho.com\/es\/wp-json\/wp\/v2\/users\/2"}],"replies":[{"embeddable":true,"href":"https:\/\/bellasmilesortho.com\/es\/wp-json\/wp\/v2\/comments?post=6381"}],"version-history":[{"count":5,"href":"https:\/\/bellasmilesortho.com\/es\/wp-json\/wp\/v2\/pages\/6381\/revisions"}],"predecessor-version":[{"id":6476,"href":"https:\/\/bellasmilesortho.com\/es\/wp-json\/wp\/v2\/pages\/6381\/revisions\/6476"}],"wp:attachment":[{"href":"https:\/\/bellasmilesortho.com\/es\/wp-json\/wp\/v2\/media?parent=6381"}],"curies":[{"name":"wp","href":"https:\/\/api.w.org\/{rel}","templated":true}]}}