{"id":6377,"date":"2024-11-20T03:33:33","date_gmt":"2024-11-20T03:33:33","guid":{"rendered":"https:\/\/bellasmilesortho.com\/protectores-bucales\/"},"modified":"2024-12-20T03:20:11","modified_gmt":"2024-12-20T03:20:11","slug":"protectores-bucales","status":"publish","type":"page","link":"https:\/\/bellasmilesortho.com\/es\/protectores-bucales\/","title":{"rendered":"Protectores bucales"},"content":{"rendered":"\t\t<div data-elementor-type=\"wp-page\" data-elementor-id=\"6377\" class=\"elementor elementor-6377 elementor-5692\" data-elementor-post-type=\"page\">\n\t\t\t\t<div data-particle_enable=\"false\" data-particle-mobile-disabled=\"false\" class=\"elementor-element elementor-element-574d0ac e-flex e-con-boxed e-con e-parent\" data-id=\"574d0ac\" data-element_type=\"container\" data-e-type=\"container\">\n\t\t\t\t\t<div class=\"e-con-inner\">\n\t\t\t\t<div class=\"elementor-element elementor-element-78a31c8 elementor-widget elementor-widget-text-editor\" data-id=\"78a31c8\" data-element_type=\"widget\" data-e-type=\"widget\" data-widget_type=\"text-editor.default\">\n\t\t\t\t<div class=\"elementor-widget-container\">\n\t\t\t\t\t\t\t\t\t<h2>Proteger tu sonrisa durante el deporte<\/h2>\n<p>Proteger tu sonrisa mientras haces deporte es esencial, sobre todo cuando llevas ortodoncia. Los protectores bucales protegen tus dientes y enc\u00edas de lesiones, reduciendo el riesgo de que se da\u00f1en los aparatos de ortodoncia. Si practicas deportes como baloncesto, boxeo, hockey, f\u00fatbol americano, gimnasia, f\u00fatbol o incluso actividades como monopat\u00edn, esqu\u00ed o halterofilia, la Asociaci\u00f3n Americana de Ortodoncistas recomienda llevar un protector bucal.<\/p>\n<h3>Tipos de protectores bucales<\/h3>\n<p>Elegir el protector bucal adecuado es clave para garantizar la m\u00e1xima protecci\u00f3n y comodidad. Hay tres tipos b\u00e1sicos de protectores bucales:<\/p>\n<ul>\n<li><strong>Protectores bucales prefabricados:<\/strong> Disponibles en la mayor\u00eda de tiendas de art\u00edculos deportivos, son asequibles pero pueden no proporcionar el mejor ajuste.<\/li>\n<li><strong>Protectores bucales de hervir y morder:<\/strong> Tambi\u00e9n muy extendidos, ofrecen un ajuste semipersonalizado tras ablandarlos en agua caliente y moldearlos a tus dientes.<\/li>\n<li><strong>Protectores bucales a medida:<\/strong> Dise\u00f1ados espec\u00edficamente para tu boca por <a href=\"https:\/\/bellasmilesortho.com\/es\/conoce-al-dra-ortega\/\">la Dra. Naila<\/a> Ortega, proporcionan el mejor ajuste y una protecci\u00f3n \u00f3ptima.<\/li>\n<\/ul>\n<p>Si llevas ortodoncia o un retenedor, un protector bucal hecho a medida es especialmente importante. El Dr. Ortega puede ayudarte a elegir y colocar el protector bucal adecuado para garantizar que tanto tus dientes como tus aparatos de ortodoncia est\u00e9n protegidos.<\/p>\n<h3>C\u00f3mo cuidar tu protector bucal<\/h3>\n<p>El cuidado adecuado de tu protector bucal garantiza que se mantenga eficaz e higi\u00e9nico. Sigue estos consejos para mantener tu protector bucal:<\/p>\n<ul>\n<li>Fr\u00f3tala suavemente con un cepillo de dientes y pasta dent\u00edfrica despu\u00e9s de cada uso.<\/li>\n<li>Gu\u00e1rdalo en una funda protectora cuando no lo utilices.<\/li>\n<li>Mantenlo alejado de fuentes de calor, como el sol o el agua caliente, para evitar que se deforme.<\/li>\n<li>Sustit\u00fayelo al comienzo de cada temporada deportiva o si se desgasta o ajusta mal.<\/li>\n<li>No mastiques ni alteres tu protector bucal, ya que esto puede comprometer su eficacia.<\/li>\n<li>Ll\u00e9valo a tus revisiones de ortodoncia para asegurarte de que se mantiene en buen estado.<\/li>\n<\/ul>\n<p>Si llevas ortodoncia, personalizaremos un protector bucal para que se ajuste a tus aparatos de forma segura. Evita llevar retenedores con el protector bucal, ya que puede aumentar el riesgo de da\u00f1os.<\/p>\n<h2>\u00bfPor qu\u00e9 llevar un protector bucal?<\/h2>\n<p>Las lesiones de la boca y la mand\u00edbula relacionadas con el deporte son de las m\u00e1s frecuentes entre los deportistas. Llevar un protector bucal bien ajustado minimiza el riesgo de estas lesiones y ayuda a mantener a salvo tu sonrisa.<\/p>\n<p>Pregunta por los protectores bucales en tu pr\u00f3xima <a href=\"https:\/\/bellasmilesortho.com\/es\/pide-una-cita\/\">consulta, y<\/a>no olvides llevarlos a los entrenamientos y partidos. Protege tu sonrisa y juega con confianza: \u00a1adelante equipo!<\/p>\n\t\t\t\t\t\t\t\t<\/div>\n\t\t\t\t<\/div>\n\t\t\t\t\t<\/div>\n\t\t\t\t<\/div>\n\t\t\t\t<\/div>\n\t\t","protected":false},"excerpt":{"rendered":"<p>Proteger tu sonrisa durante el deporte Proteger tu sonrisa mientras haces deporte es esencial, sobre todo cuando llevas ortodoncia. Los protectores bucales protegen tus dientes y enc\u00edas de lesiones, reduciendo el riesgo de que se da\u00f1en los aparatos de ortodoncia. Si practicas deportes como baloncesto, boxeo, hockey, f\u00fatbol americano, gimnasia, f\u00fatbol o incluso actividades como monopat\u00edn, esqu\u00ed o [&hellip;]<\/p>\n","protected":false},"author":2,"featured_media":0,"parent":0,"menu_order":50,"comment_status":"closed","ping_status":"closed","template":"","meta":{"_seopress_robots_primary_cat":"","_seopress_titles_title":"Protectores bucales Orlando FL | BellaSmiles Orthodontics","_seopress_titles_desc":"BellaSmiles Orthodontics de Orlando, FL, ofrece protectores bucales hechos a medida para proteger tu sonrisa durante la pr\u00e1ctica deportiva, especialmente para quienes llevan ortodoncia.","_seopress_robots_index":"","footnotes":""},"class_list":["post-6377","page","type-page","status-publish"],"_links":{"self":[{"href":"https:\/\/bellasmilesortho.com\/es\/wp-json\/wp\/v2\/pages\/6377","targetHints":{"allow":["GET"]}}],"collection":[{"href":"https:\/\/bellasmilesortho.com\/es\/wp-json\/wp\/v2\/pages"}],"about":[{"href":"https:\/\/bellasmilesortho.com\/es\/wp-json\/wp\/v2\/types\/page"}],"author":[{"embeddable":true,"href":"https:\/\/bellasmilesortho.com\/es\/wp-json\/wp\/v2\/users\/2"}],"replies":[{"embeddable":true,"href":"https:\/\/bellasmilesortho.com\/es\/wp-json\/wp\/v2\/comments?post=6377"}],"version-history":[{"count":2,"href":"https:\/\/bellasmilesortho.com\/es\/wp-json\/wp\/v2\/pages\/6377\/revisions"}],"predecessor-version":[{"id":6451,"href":"https:\/\/bellasmilesortho.com\/es\/wp-json\/wp\/v2\/pages\/6377\/revisions\/6451"}],"wp:attachment":[{"href":"https:\/\/bellasmilesortho.com\/es\/wp-json\/wp\/v2\/media?parent=6377"}],"curies":[{"name":"wp","href":"https:\/\/api.w.org\/{rel}","templated":true}]}}