{"id":6375,"date":"2024-11-20T03:24:00","date_gmt":"2024-11-20T03:24:00","guid":{"rendered":"https:\/\/bellasmilesortho.com\/ortodoncia-para-todas-las-edades\/"},"modified":"2024-12-20T06:05:49","modified_gmt":"2024-12-20T06:05:49","slug":"ortodoncia-para-todas-las-edades","status":"publish","type":"page","link":"https:\/\/bellasmilesortho.com\/es\/ortodoncia-para-todas-las-edades\/","title":{"rendered":"Ortodoncia para todas las edades"},"content":{"rendered":"\t\t<div data-elementor-type=\"wp-page\" data-elementor-id=\"6375\" class=\"elementor elementor-6375 elementor-5670\" data-elementor-post-type=\"page\">\n\t\t\t\t<div data-particle_enable=\"false\" data-particle-mobile-disabled=\"false\" class=\"elementor-element elementor-element-7b2aa28 e-flex e-con-boxed e-con e-parent\" data-id=\"7b2aa28\" data-element_type=\"container\" data-e-type=\"container\">\n\t\t\t\t\t<div class=\"e-con-inner\">\n\t\t\t\t<div class=\"elementor-element elementor-element-334a801 elementor-widget elementor-widget-text-editor\" data-id=\"334a801\" data-element_type=\"widget\" data-e-type=\"widget\" data-widget_type=\"text-editor.default\">\n\t\t\t\t<div class=\"elementor-widget-container\">\n\t\t\t\t\t\t\t\t\t<h2>Ortodoncia para ni\u00f1os<\/h2>\n<p>Aunque no hay una edad espec\u00edfica para que los ni\u00f1os empiecen un tratamiento de ortodoncia, la Asociaci\u00f3n Americana de Ortodoncistas recomienda visitar a un ortodoncista en torno a los siete a\u00f1os. A esta edad, los ni\u00f1os suelen tener una mezcla de dientes de leche y dientes adultos, lo que permite a los ortodoncistas detectar y tratar tempprano posibles problemas de dientes y mand\u00edbula, a menudo sin necesidad de cirug\u00eda. <\/p>\n<p><a href=\"https:\/\/bellasmilesortho.com\/es\/ortodoncia-temprana\/\">El tratamiento temprano<\/a> ofrece la oportunidad de<\/p>\n<ul>\n<li>Corrige y gu\u00eda el crecimiento de la mand\u00edbula para conseguir unos dientes permanentes rectos.<\/li>\n<li>Regula la anchura de los arcos superior e inferior.<\/li>\n<li>Crea espacio para los dientes api\u00f1ados y evita futuras extracciones.<\/li>\n<li>Aborda los h\u00e1bitos de chuparse el dedo y mejora los peque\u00f1os problemas del habla.<\/li>\n<\/ul>\n<h3>Se\u00f1ales de que tu hijo puede necesitar ortodoncia:<\/h3>\n<ul>\n<li>P\u00e9rdida temprana o tard\u00eda de los dientes de leche.<\/li>\n<li>Dificultad para masticar o morder los alimentos.<\/li>\n<li>Respiraci\u00f3n bucal o chuparse el dedo.<\/li>\n<li>Dientes api\u00f1ados, mal colocados o bloqueados.<\/li>\n<li>Mand\u00edbulas que saltan o emiten sonidos al moverse.<\/li>\n<li>Dientes que no se juntan correctamente o que no se juntan en absoluto.<\/li>\n<li>Mand\u00edbulas o dientes que parecen desproporcionados con respecto a la cara.<\/li>\n<li>Dientes frontales api\u00f1ados hacia los siete u ocho a\u00f1os.<\/li>\n<\/ul>\n<p>Si abordas estos problemas a tiempo, puedes garantizar la salud bucodental y la confianza de tu hijo a largo plazo. Programa hoy una evaluaci\u00f3n para dar a tu hijo una sonrisa brillante y sana para el futuro. <\/p>\n<h2>Ortodoncia para adolescentes<\/h2>\n<p>Brackets, <a href=\"https:\/\/bellasmilesortho.com\/es\/retenedores-de-ortodoncia\/\">retenedores<\/a> y todo lo dem\u00e1s: \u00a1la ortodoncia para <a href=\"https:\/\/bellasmilesortho.com\/es\/tratamiento-de-adolescentes\/\">adolescentes no tiene por qu\u00e9 intimidarles<\/a>!<\/p>\n<p><strong>\u00ab\u00a1Necesitas ortodoncia!\u00bb<\/strong> Esas tres palabras pueden sonar desalentadoras, pero los frenillos modernos no tienen nada que ver con los de antes. Con la avanzada tecnolog\u00eda actual, los brackets vienen en una gran variedad de estilos, materiales e incluso colores, lo que hace que el tratamiento sea m\u00e1s c\u00f3modo, elegante y eficaz que nunca. <\/p>\n<h3>\u00bfCu\u00e1nto tiempo tendr\u00e9 que llevar frenillos?<\/h3>\n<p>La duraci\u00f3n del tratamiento depende de varios factores:<\/p>\n<ol>\n<li>\n<p><strong>Control del crecimiento y los cambios<\/strong> &#8211; Los ortodoncistas eval\u00faan cuidadosamente el crecimiento de la mand\u00edbula y la alineaci\u00f3n de los dientes a lo largo del tiempo para determinar si puede ser necesario un tratamiento adicional. Cada paciente es \u00fanico, y el calendario para conseguir los mejores resultados se adapta a tus necesidades espec\u00edficas. <\/p>\n<\/li>\n<li>\n<p><strong>Lo que hay que corregir<\/strong> &#8211; La complejidad del problema que hay que corregir desempe\u00f1a un papel importante a la hora de determinar la duraci\u00f3n del tratamiento. Algunos pacientes pueden conseguir los resultados deseados en tan s\u00f3lo 12 meses, mientras que otros pueden necesitar 24 meses o m\u00e1s. La duraci\u00f3n del tratamiento puede variar en funci\u00f3n de c\u00f3mo responda tu cuerpo al proceso y de la magnitud del trabajo necesario.  <\/p>\n<\/li>\n<li>\n<p><strong>\u00a1T\u00da!<\/strong>  &#8211; Tu cooperaci\u00f3n y dedicaci\u00f3n marcan una diferencia significativa en la rapidez con que avanza tu tratamiento. Cuidar los aparatos, seguir las instrucciones del ortodoncista y utilizar correctamente los aparatos prescritos puede ayudar a acortar el tiempo necesario para el tratamiento y garantizar el mejor resultado posible. <\/p>\n<\/li>\n<\/ol>\n<h3>\u00a1Brackets a tu manera!<\/h3>\n<p>Hoy en d\u00eda, la ortodoncia ofrece una serie de opciones que se adaptan a todos los estilos de vida y preferencias, como por ejemplo<\/p>\n<ul>\n<li>Brackets cer\u00e1micos.<\/li>\n<li><a href=\"https:\/\/bellasmilesortho.com\/es\/invisalign\/\">Alineadores invisibles.<\/a><\/li>\n<li>Brackets linguales (detr\u00e1s de los dientes).<\/li>\n<li>Brackets met\u00e1licos tradicionales.<\/li>\n<\/ul>\n<p>Emprende tu experiencia hacia la ortodoncia con confianza, sabiendo que tienes opciones elegantes y eficaces para conseguir tu mejor sonrisa. \u00a1Programa hoy tu revisi\u00f3n de ortodoncia! <\/p>\n<h2>Ortodoncia para adultos<\/h2>\n<p>El tratamiento de ortodoncia ya no es s\u00f3lo para adolescentes. La Asociaci\u00f3n Americana de Ortodoncistas informa de que uno de cada cinco pacientes de ortodoncia tiene m\u00e1s de 21 a\u00f1os. Muchos <a href=\"https:\/\/bellasmilesortho.com\/es\/ortodoncia-para-adultos\/\">adultos<\/a> buscan tratamiento para mejorar su salud, mejorar su sonrisa y aumentar su confianza.  <\/p>\n<h3>Por qu\u00e9 los adultos buscan atenci\u00f3n ortod\u00f3ncica:<\/h3>\n<ul>\n<li>Los dientes desalineados provocan problemas de mordida, enfermedades de las enc\u00edas o molestias.<\/li>\n<li>Dientes api\u00f1ados o separados que son m\u00e1s dif\u00edciles de limpiar.<\/li>\n<li>Dolor o presi\u00f3n en la mand\u00edbula causados por dientes torcidos.<\/li>\n<li>Deseo de una boca m\u00e1s sana y una sonrisa segura.<\/li>\n<\/ul>\n<h3>Opciones modernas de tratamiento para adultos:<\/h3>\n<p>Hoy en d\u00eda, los adultos pueden elegir entre diversas opciones discretas y eficaces, como:<\/p>\n<ul>\n<li>Brackets transparente.<\/li>\n<li>Brackets cer\u00e1micos.<\/li>\n<li>Brackets autoligables.<\/li>\n<li>Brackets linguales (detr\u00e1s de los dientes).<\/li>\n<li>Alineadores invisibles.<\/li>\n<\/ul>\n<h3>Diferencias clave para la ortodoncia de adultos:<\/h3>\n<ul>\n<li><strong>Desarrollo de la mand\u00edbula:<\/strong> A diferencia de los ni\u00f1os, los huesos maxilares de los adultos han dejado de crecer, lo que puede requerir procedimientos adicionales como la cirug\u00eda ortogn\u00e1tica para su alineaci\u00f3n.<\/li>\n<li><strong>Salud de las enc\u00edas o los huesos:<\/strong> Los adultos son m\u00e1s propensos a la recesi\u00f3n de las enc\u00edas o a la p\u00e9rdida \u00f3sea, por lo que es esencial una alineaci\u00f3n adecuada.<\/li>\n<li><strong>Dientes desgastados o ausentes:<\/strong> La ortodoncia puede tratar los desplazamientos causados por dientes ausentes o desgastados para restaurar la funci\u00f3n y la est\u00e9tica.<\/li>\n<\/ul>\n<h3>Beneficios del tratamiento de ortodoncia para adultos:<\/h3>\n<ul>\n<li>Los dientes bien alineados son m\u00e1s f\u00e1ciles de limpiar, lo que reduce el riesgo de caries y enfermedades de las enc\u00edas.<\/li>\n<li>Una sonrisa recta aumenta la confianza y la calidad de vida.<\/li>\n<li>Abordar los problemas de alineaci\u00f3n puede evitar futuras complicaciones y costosos tratamientos.<\/li>\n<\/ul>\n<p>\u00a1Nunca es demasiado tarde para conseguir la sonrisa que siempre has deseado! <a href=\"https:\/\/bellasmilesortho.com\/es\/oficina-de-avalon-park\/\">Ponte en contacto con nosotros<\/a> hoy mismo para programar tu <a href=\"https:\/\/bellasmilesortho.com\/es\/pide-una-cita\/\">consulta<\/a>. Entendemos las agendas apretadas y trabajaremos contigo para que cada visita sea lo m\u00e1s c\u00f3moda posible. <\/p>\n\t\t\t\t\t\t\t\t<\/div>\n\t\t\t\t<\/div>\n\t\t\t\t\t<\/div>\n\t\t\t\t<\/div>\n\t\t\t\t<\/div>\n\t\t","protected":false},"excerpt":{"rendered":"<p>Ortodoncia para ni\u00f1os Aunque no hay una edad espec\u00edfica para que los ni\u00f1os empiecen un tratamiento de ortodoncia, la Asociaci\u00f3n Americana de Ortodoncistas recomienda visitar a un ortodoncista en torno a los siete a\u00f1os. A esta edad, los ni\u00f1os suelen tener una mezcla de dientes de leche y dientes adultos, lo que permite a los ortodoncistas detectar y [&hellip;]<\/p>\n","protected":false},"author":2,"featured_media":0,"parent":0,"menu_order":29,"comment_status":"closed","ping_status":"closed","template":"","meta":{"_seopress_robots_primary_cat":"","_seopress_titles_title":"Ortodoncia Para Todas Las Edades Orlando FL | BellaSmiles Orthodontics","_seopress_titles_desc":"\u00a1La ortodoncia es para ni\u00f1os, adolescentes y adultos! En BellaSmiles Orthodontics de Orlando, FL, ofrecemos tratamientos adaptados a cada edad y estilo de vida. ","_seopress_robots_index":"","footnotes":""},"class_list":["post-6375","page","type-page","status-publish"],"_links":{"self":[{"href":"https:\/\/bellasmilesortho.com\/es\/wp-json\/wp\/v2\/pages\/6375","targetHints":{"allow":["GET"]}}],"collection":[{"href":"https:\/\/bellasmilesortho.com\/es\/wp-json\/wp\/v2\/pages"}],"about":[{"href":"https:\/\/bellasmilesortho.com\/es\/wp-json\/wp\/v2\/types\/page"}],"author":[{"embeddable":true,"href":"https:\/\/bellasmilesortho.com\/es\/wp-json\/wp\/v2\/users\/2"}],"replies":[{"embeddable":true,"href":"https:\/\/bellasmilesortho.com\/es\/wp-json\/wp\/v2\/comments?post=6375"}],"version-history":[{"count":3,"href":"https:\/\/bellasmilesortho.com\/es\/wp-json\/wp\/v2\/pages\/6375\/revisions"}],"predecessor-version":[{"id":6481,"href":"https:\/\/bellasmilesortho.com\/es\/wp-json\/wp\/v2\/pages\/6375\/revisions\/6481"}],"wp:attachment":[{"href":"https:\/\/bellasmilesortho.com\/es\/wp-json\/wp\/v2\/media?parent=6375"}],"curies":[{"name":"wp","href":"https:\/\/api.w.org\/{rel}","templated":true}]}}