{"id":6372,"date":"2024-11-20T03:27:00","date_gmt":"2024-11-20T03:27:00","guid":{"rendered":"https:\/\/bellasmilesortho.com\/la-vida-con-ortodoncia\/"},"modified":"2024-12-20T06:02:11","modified_gmt":"2024-12-20T06:02:11","slug":"la-vida-con-ortodoncia","status":"publish","type":"page","link":"https:\/\/bellasmilesortho.com\/es\/la-vida-con-ortodoncia\/","title":{"rendered":"La vida con ortodoncia"},"content":{"rendered":"\t\t<div data-elementor-type=\"wp-page\" data-elementor-id=\"6372\" class=\"elementor elementor-6372 elementor-5673\" data-elementor-post-type=\"page\">\n\t\t\t\t<div data-particle_enable=\"false\" data-particle-mobile-disabled=\"false\" class=\"elementor-element elementor-element-0ebfd0c e-flex e-con-boxed e-con e-parent\" data-id=\"0ebfd0c\" data-element_type=\"container\" data-e-type=\"container\">\n\t\t\t\t\t<div class=\"e-con-inner\">\n\t\t<div data-particle_enable=\"false\" data-particle-mobile-disabled=\"false\" class=\"elementor-element elementor-element-7f8779b e-con-full e-flex e-con e-child\" data-id=\"7f8779b\" data-element_type=\"container\" data-e-type=\"container\">\n\t\t\t\t<div class=\"elementor-element elementor-element-c73d1d2 elementor-widget elementor-widget-text-editor\" data-id=\"c73d1d2\" data-element_type=\"widget\" data-e-type=\"widget\" data-widget_type=\"text-editor.default\">\n\t\t\t\t<div class=\"elementor-widget-container\">\n\t\t\t\t\t\t\t\t\t<p>Ahora que ya tienes tus frenillos, es importante que sepas c\u00f3mo cuidarlos correctamente durante todo el tratamiento de ortodoncia. Siguiendo unos sencillos pasos te asegurar\u00e1s de que el tratamiento transcurra sin problemas y consigas el mejor resultado posible. <\/p>\n<h2>Cepillado e hilo dental<\/h2>\n<p>Es esencial que te cepilles los dientes y uses hilo dental con regularidad cuando lleves frenillos, para mantener sanos los dientes y las enc\u00edas durante el tratamiento de ortodoncia. Como los aparatos pueden dificultar el cepillado y el uso del hilo dental, puede que tengas que ajustar tus h\u00e1bitos para mantener una sonrisa sana. <\/p>\n<p>Los pacientes que no se limpian bien los dientes pueden necesitar visitas m\u00e1s frecuentes al dentista para limpiezas profesionales. Si eres un adulto con antecedentes de enfermedad de las enc\u00edas, puede que tambi\u00e9n necesites ver a un periodoncista durante tu tratamiento de ortodoncia. <\/p>\n<h6>Mira el siguiente v\u00eddeo para obtener consejos sobre el cuidado de tus frenillos y c\u00f3mo mantener una sonrisa limpia.<\/h6>\n\t\t\t\t\t\t\t\t<\/div>\n\t\t\t\t<\/div>\n\t\t\t\t<\/div>\n\t\t\t\t<div class=\"elementor-element elementor-element-30e927b elementor-widget elementor-widget-video\" data-id=\"30e927b\" data-element_type=\"widget\" data-e-type=\"widget\" data-settings=\"{&quot;youtube_url&quot;:&quot;https:\\\/\\\/www.youtube.com\\\/watch?v=obuCKwrlfbM&amp;t=2s&quot;,&quot;video_type&quot;:&quot;youtube&quot;,&quot;controls&quot;:&quot;yes&quot;}\" data-widget_type=\"video.default\">\n\t\t\t\t<div class=\"elementor-widget-container\">\n\t\t\t\t\t\t\t<div class=\"elementor-wrapper elementor-open-inline\">\n\t\t\t<div class=\"elementor-video\"><\/div>\t\t<\/div>\n\t\t\t\t\t\t<\/div>\n\t\t\t\t<\/div>\n\t\t<div data-particle_enable=\"false\" data-particle-mobile-disabled=\"false\" class=\"elementor-element elementor-element-31e7d16 e-con-full e-flex e-con e-child\" data-id=\"31e7d16\" data-element_type=\"container\" data-e-type=\"container\">\n\t\t\t\t<div class=\"elementor-element elementor-element-47be43f elementor-widget elementor-widget-text-editor\" data-id=\"47be43f\" data-element_type=\"widget\" data-e-type=\"widget\" data-widget_type=\"text-editor.default\">\n\t\t\t\t<div class=\"elementor-widget-container\">\n\t\t\t\t\t\t\t\t\t<h2>Comer con frenillos<\/h2>\n<p>Puede que tengas que despedirte de algunos de tus aperitivos favoritos durante un tiempo, pero no te preocupes: \u00a1pronto volver\u00e1s a disfrutar de las palomitas y las patatas fritas! Mientras tanto, es importante que evites los alimentos que puedan da\u00f1ar tus frenillos. Aqu\u00ed tienes una lista de lo que debes comer y lo que debes evitar:  <\/p>\n<h3>Alimentos que debes evitar con frenillos:<\/h3>\n<ul>\n<li>Alimentos masticables: panecillos, regaliz<\/li>\n<li>Alimentos crujientes: palomitas, patatas fritas, hielo<\/li>\n<li>Alimentos pegajosos: caramelo, chicle<\/li>\n<li>Alimentos duros: frutos secos, caramelos duros<\/li>\n<li>Alimentos que requieren morder: mazorca de ma\u00edz, manzanas, zanahorias<\/li>\n<\/ul>\n<h3>Alimentos que puedes comer con frenillos:<\/h3>\n<ul>\n<li>L\u00e1cteos: queso blando, pudin, bebidas l\u00e1cteas<\/li>\n<li>Panes: tortillas blandas, tortitas, magdalenas (sin frutos secos)<\/li>\n<li>Cereales: pasta, arroz blando<\/li>\n<li>Carnes\/aves: pollo cocido suave, alb\u00f3ndigas, fiambres<\/li>\n<li>Marisco: at\u00fan, salm\u00f3n, pasteles de cangrejo<\/li>\n<li>Verduras: pur\u00e9 de patatas, espinacas al vapor, jud\u00edas<\/li>\n<li>Frutas: pur\u00e9 de manzana, pl\u00e1tanos, zumo de frutas<\/li>\n<li>Golosinas: helado sin frutos secos, batidos, gelatina, tarta blanda<\/li>\n<\/ul>\n<h2>Dolores causados por aparatos y frenillos<\/h2>\n<p>Es normal que sientas cierta sensibilidad o dolor en los dientes y la boca cuando te pongas los frenillos por primera vez. Esto s\u00f3lo deber\u00eda durar unos d\u00edas, y hay formas sencillas de aliviar las molestias. Recomendamos disolver una cucharadita de sal en ocho onzas de agua tibia.  <\/p>\n<p>Haz buches y g\u00e1rgaras con la soluci\u00f3n en la boca durante un par de minutos (no tragues el agua salada). Si el dolor persiste, tambi\u00e9n puedes tomar un analg\u00e9sico. Tus labios, mejillas y lengua tambi\u00e9n pueden sentirse irritados mientras se adaptan a los frenillos, pero estas molestias deber\u00edan desaparecer en una o dos semanas. Si es necesario, podemos proporcionarte cera para colocar sobre los frenillos y aliviar la irritaci\u00f3n.   <\/p>\n<h2>Dientes sueltos<\/h2>\n<p>Si tienes los dientes un poco flojos, no te alarmes: \u00a1es completamente normal! Los frenillos funcionan aflojando los dientes para que puedan moverse a sus posiciones correctas. Una vez alineados, los dientes dejar\u00e1n de estar flojos.  <\/p>\n<h2>Alambres y cintas sueltas<\/h2>\n<p>De vez en cuando, los alambres o las bandas de tus frenillos pueden soltarse. Si esto ocurre, ponte en contacto con nosotros lo antes posible para que podamos revisar y reparar tu aparato. Si se suelta alguna pieza de tu aparato, gu\u00e1rdala y tr\u00e1ela a la consulta. Mientras tanto, puedes empujar suavemente el alambre suelto hacia su sitio utilizando el dorso de una cuchara o el extremo de la goma de borrar de un l\u00e1piz. Si el alambre te irrita los labios o las mejillas, apl\u00edcate cera o un algod\u00f3n h\u00famedo para aliviar las molestias.    <\/p>\n<h2>Cuida tus electrodom\u00e9sticos<\/h2>\n<p>Los aparatos da\u00f1ados pueden alargar el tiempo de tratamiento, as\u00ed que cu\u00eddalos bien. Para que el tratamiento sea eficaz, es fundamental que lleves siempre puestas las gomas, el casco, los retenedores o cualquier otro aparato que te haya recetado el m\u00e9dico. Tus dientes y mand\u00edbula s\u00f3lo pueden moverse a sus posiciones correctas si tus aparatos est\u00e1n en buen estado y se utilizan seg\u00fan las indicaciones.  <\/p>\n<h2>Hacer deporte con frenillos<\/h2>\n<p>Buenas noticias para los deportistas: \u00a1puedes seguir practicando deporte mientras llevas frenillos! Para proteger tus dientes y aparatos, te recomendamos que lleves un protector bucal. Si necesitas ayuda para encontrar el protector bucal adecuado, d\u00ednoslo. En caso de lesi\u00f3n relacionada con el deporte, comprueba si tus dientes y frenillos est\u00e1n da\u00f1ados. Si notas alguna flojedad o da\u00f1o, ponte en contacto con nosotros inmediatamente. Para aliviar cualquier molestia, apl\u00edcate cera o enju\u00e1gate la boca con agua salada templada.     <\/p>\n\t\t\t\t\t\t\t\t<\/div>\n\t\t\t\t<\/div>\n\t\t\t\t<\/div>\n\t\t\t\t\t<\/div>\n\t\t\t\t<\/div>\n\t\t\t\t<\/div>\n\t\t","protected":false},"excerpt":{"rendered":"<p>Ahora que ya tienes tus frenillos, es importante que sepas c\u00f3mo cuidarlos correctamente durante todo el tratamiento de ortodoncia. Siguiendo unos sencillos pasos te asegurar\u00e1s de que el tratamiento transcurra sin problemas y consigas el mejor resultado posible. Cepillado e hilo dental Es esencial que te cepilles los dientes y uses hilo dental con regularidad cuando lleves frenillos, [&hellip;]<\/p>\n","protected":false},"author":2,"featured_media":0,"parent":0,"menu_order":32,"comment_status":"closed","ping_status":"closed","template":"","meta":{"_seopress_robots_primary_cat":"","_seopress_titles_title":"La vida con ortodoncia Orlando FL | BellaSmiles Orthodontics","_seopress_titles_desc":"Cuida tus frenillos con los consejos sobre higiene bucal, dieta y molestias de BellaSmiles Orthodontics en Orlando, FL, para que tu tratamiento sea un \u00e9xito.","_seopress_robots_index":"","footnotes":""},"class_list":["post-6372","page","type-page","status-publish"],"_links":{"self":[{"href":"https:\/\/bellasmilesortho.com\/es\/wp-json\/wp\/v2\/pages\/6372","targetHints":{"allow":["GET"]}}],"collection":[{"href":"https:\/\/bellasmilesortho.com\/es\/wp-json\/wp\/v2\/pages"}],"about":[{"href":"https:\/\/bellasmilesortho.com\/es\/wp-json\/wp\/v2\/types\/page"}],"author":[{"embeddable":true,"href":"https:\/\/bellasmilesortho.com\/es\/wp-json\/wp\/v2\/users\/2"}],"replies":[{"embeddable":true,"href":"https:\/\/bellasmilesortho.com\/es\/wp-json\/wp\/v2\/comments?post=6372"}],"version-history":[{"count":2,"href":"https:\/\/bellasmilesortho.com\/es\/wp-json\/wp\/v2\/pages\/6372\/revisions"}],"predecessor-version":[{"id":6478,"href":"https:\/\/bellasmilesortho.com\/es\/wp-json\/wp\/v2\/pages\/6372\/revisions\/6478"}],"wp:attachment":[{"href":"https:\/\/bellasmilesortho.com\/es\/wp-json\/wp\/v2\/media?parent=6372"}],"curies":[{"name":"wp","href":"https:\/\/api.w.org\/{rel}","templated":true}]}}