{"id":6370,"date":"2024-11-20T03:36:59","date_gmt":"2024-11-20T03:36:59","guid":{"rendered":"https:\/\/bellasmilesortho.com\/oficina-de-avalon-park\/"},"modified":"2025-08-05T16:05:01","modified_gmt":"2025-08-05T16:05:01","slug":"oficina-de-avalon-park","status":"publish","type":"page","link":"https:\/\/bellasmilesortho.com\/es\/oficina-de-avalon-park\/","title":{"rendered":"Oficina de Avalon Park"},"content":{"rendered":"\t\t<div data-elementor-type=\"wp-page\" data-elementor-id=\"6370\" class=\"elementor elementor-6370 elementor-5700\" data-elementor-post-type=\"page\">\n\t\t\t\t<div data-particle_enable=\"false\" data-particle-mobile-disabled=\"false\" class=\"elementor-element elementor-element-0f1d01d e-flex e-con-boxed e-con e-parent\" data-id=\"0f1d01d\" data-element_type=\"container\" data-e-type=\"container\">\n\t\t\t\t\t<div class=\"e-con-inner\">\n\t\t\t\t<div class=\"elementor-element elementor-element-4501f58 elementor-widget elementor-widget-text-editor\" data-id=\"4501f58\" data-element_type=\"widget\" data-e-type=\"widget\" data-widget_type=\"text-editor.default\">\n\t\t\t\t<div class=\"elementor-widget-container\">\n\t\t\t\t\t\t\t\t\t<div class=\"flex max-w-full flex-col flex-grow\"><div class=\"min-h-8 text-message flex w-full flex-col items-end gap-2 whitespace-normal break-words [.text-message+&amp;]:mt-5\" dir=\"auto\" data-message-author-role=\"assistant\" data-message-id=\"11527762-caa4-47a0-ba9c-42eb34a896f0\" data-message-model-slug=\"gpt-4o-mini\"><div class=\"flex w-full flex-col gap-1 empty:hidden first:pt-[3px]\"><div class=\"markdown prose w-full break-words dark:prose-invert dark\"><p>Comenzar el viaje de tu sonrisa en Ortodoncia BellaSmiles es muy sencillo. Programa tu <a href=\"https:\/\/bellasmilesortho.com\/es\/pide-una-cita\/\">consulta<\/a> gratuita hoy mismo, y <a href=\"https:\/\/bellasmilesortho.com\/es\/conoce-al-dra-ortega\/\">la Dra. Naila<\/a> Ortega evaluar\u00e1 personalmente tus necesidades para crear un plan de tratamiento personalizado para tu sonrisa \u00fanica. Nuestro equipo est\u00e1 dedicado a guiarte en cada paso del camino, asegur\u00e1ndose de que tu experiencia sea c\u00f3moda y gratificante.  <\/p><p>Entendemos que la vida puede ser ajetreada, por eso ofrecemos un horario flexible para adaptarnos a tu agenda. Estamos abiertos de martes a viernes, y tambi\u00e9n disponemos de s\u00e1bados selectos dos veces al mes para acomodarnos a ti. Si tienes alguna pregunta durante el tratamiento, no dudes en ponerte en contacto con nosotros por tel\u00e9fono, mensaje de texto o correo electr\u00f3nico. Si te pones en contacto con nosotros fuera del horario de consulta, te responderemos al siguiente d\u00eda laborable.   <\/p><p>\u00a1Esperamos tener noticias tuyas pronto!<\/p><\/div><\/div><\/div><\/div>\t\t\t\t\t\t\t\t<\/div>\n\t\t\t\t<\/div>\n\t\t\t\t\t<\/div>\n\t\t\t\t<\/div>\n\t\t<div data-particle_enable=\"false\" data-particle-mobile-disabled=\"false\" class=\"elementor-element elementor-element-1fb77b3 e-flex e-con-boxed e-con e-parent\" data-id=\"1fb77b3\" data-element_type=\"container\" data-e-type=\"container\">\n\t\t\t\t\t<div class=\"e-con-inner\">\n\t\t<div data-particle_enable=\"false\" data-particle-mobile-disabled=\"false\" class=\"elementor-element elementor-element-19d7f4d e-con-full e-flex e-con e-child\" data-id=\"19d7f4d\" data-element_type=\"container\" data-e-type=\"container\">\n\t\t\t\t<div class=\"elementor-element elementor-element-a3d0668 elementor-widget elementor-widget-text-editor\" data-id=\"a3d0668\" data-element_type=\"widget\" data-e-type=\"widget\" data-widget_type=\"text-editor.default\">\n\t\t\t\t<div class=\"elementor-widget-container\">\n\t\t\t\t\t\t\t\t\t<div><h3>Direcci\u00f3n:<\/h3><p>12001 Avalon Lake Drive, Suite K<br>Orlando, FL 32828<\/p><\/div><h3>Tel\u00e9fono:  <\/h3><p>(407) 680-3197<\/p><h3>Horario de oficina:<\/h3><p><strong>Lunes:<\/strong> Cerrado<br><time datetime=\"Tu 09:00-17:00\"><strong>Martes:<\/strong> de 9:00 a 17:00<\/time><br><time datetime=\"We 09:00-18:00\"><strong>Mi\u00e9rcoles:<\/strong> de 9:00 a 18:00<\/time><br><time datetime=\"Th 09:00-17:00\"><strong>Jueves:<\/strong> de 9:00 a 17:00<\/time><br><time datetime=\"Fr 09:00-15:00\"><strong>Viernes:<\/strong> de 9:00 a 15:00<\/time><br><time datetime=\"Sa 09:00-15:00\"><strong>S\u00e1bado<\/strong> De 9:00 a 15:00 (dos veces al mes)<br><time datetime=\"Sa 09:00-15:00\"><strong>Domingo:<\/strong> Cerrado<\/time><br><\/time><\/p>\t\t\t\t\t\t\t\t<\/div>\n\t\t\t\t<\/div>\n\t\t\t\t<\/div>\n\t\t<div data-particle_enable=\"false\" data-particle-mobile-disabled=\"false\" class=\"elementor-element elementor-element-a9563c9 e-con-full e-flex e-con e-child\" data-id=\"a9563c9\" data-element_type=\"container\" data-e-type=\"container\">\n\t\t\t\t<div class=\"elementor-element elementor-element-f041207 elementor-widget elementor-widget-heading\" data-id=\"f041207\" data-element_type=\"widget\" data-e-type=\"widget\" data-widget_type=\"heading.default\">\n\t\t\t\t<div class=\"elementor-widget-container\">\n\t\t\t\t\t<h3 class=\"elementor-heading-title elementor-size-default\">Env\u00edanos un correo electr\u00f3nico<\/h3>\t\t\t\t<\/div>\n\t\t\t\t<\/div>\n\t\t\t\t<div class=\"elementor-element elementor-element-c995dd6 elementor-button-align-stretch elementor-widget elementor-widget-form\" data-id=\"c995dd6\" data-element_type=\"widget\" data-e-type=\"widget\" data-settings=\"{&quot;step_next_label&quot;:&quot;Siguiente&quot;,&quot;step_previous_label&quot;:&quot;Anterior&quot;,&quot;button_width&quot;:&quot;100&quot;,&quot;step_type&quot;:&quot;number_text&quot;,&quot;step_icon_shape&quot;:&quot;circle&quot;}\" data-widget_type=\"form.default\">\n\t\t\t\t<div class=\"elementor-widget-container\">\n\t\t\t\t\t\t\t<form class=\"elementor-form\" method=\"post\" name=\"Oficina de Avalon Park\" aria-label=\"Oficina de Avalon Park\">\n\t\t\t<input type=\"hidden\" name=\"post_id\" value=\"6370\"\/>\n\t\t\t<input type=\"hidden\" name=\"form_id\" value=\"c995dd6\"\/>\n\t\t\t<input type=\"hidden\" name=\"referer_title\" value=\"Oficina de Avalon Park\" \/>\n\n\t\t\t\t\t\t\t<input type=\"hidden\" name=\"queried_id\" value=\"6370\"\/>\n\t\t\t\n\t\t\t<div class=\"elementor-form-fields-wrapper elementor-labels-above\">\n\t\t\t\t\t\t\t\t<div class=\"elementor-field-type-text elementor-field-group elementor-column elementor-field-group-name elementor-col-100\">\n\t\t\t\t\t\t\t\t\t\t\t\t<label for=\"form-field-name\" class=\"elementor-field-label\">\n\t\t\t\t\t\t\t\tNombre\t\t\t\t\t\t\t<\/label>\n\t\t\t\t\t\t\t\t\t\t\t\t\t\t<input size=\"1\" type=\"text\" name=\"form_fields[name]\" id=\"form-field-name\" class=\"elementor-field elementor-size-sm  elementor-field-textual\" placeholder=\"Nombre\">\n\t\t\t\t\t\t\t\t\t\t\t<\/div>\n\t\t\t\t\t\t\t\t<div class=\"elementor-field-type-email elementor-field-group elementor-column elementor-field-group-email elementor-col-100 elementor-field-required\">\n\t\t\t\t\t\t\t\t\t\t\t\t<label for=\"form-field-email\" class=\"elementor-field-label\">\n\t\t\t\t\t\t\t\tEnv\u00eda un correo electr\u00f3nico a\t\t\t\t\t\t\t<\/label>\n\t\t\t\t\t\t\t\t\t\t\t\t\t\t<input size=\"1\" type=\"email\" name=\"form_fields[email]\" id=\"form-field-email\" class=\"elementor-field elementor-size-sm  elementor-field-textual\" placeholder=\"Env\u00eda un correo electr\u00f3nico a\" required=\"required\">\n\t\t\t\t\t\t\t\t\t\t\t<\/div>\n\t\t\t\t\t\t\t\t<div class=\"elementor-field-type-textarea elementor-field-group elementor-column elementor-field-group-message elementor-col-100\">\n\t\t\t\t\t\t\t\t\t\t\t\t<label for=\"form-field-message\" class=\"elementor-field-label\">\n\t\t\t\t\t\t\t\tMensaje\t\t\t\t\t\t\t<\/label>\n\t\t\t\t\t\t<textarea class=\"elementor-field-textual elementor-field  elementor-size-sm\" name=\"form_fields[message]\" id=\"form-field-message\" rows=\"4\" placeholder=\"Mensaje\"><\/textarea>\t\t\t\t<\/div>\n\t\t\t\t\t\t\t\t<div class=\"elementor-field-group elementor-column elementor-field-type-submit elementor-col-100 e-form__buttons\">\n\t\t\t\t\t<button class=\"elementor-button elementor-size-sm\" type=\"submit\">\n\t\t\t\t\t\t<span class=\"elementor-button-content-wrapper\">\n\t\t\t\t\t\t\t\t\t\t\t\t\t\t\t\t\t\t\t\t\t\t<span class=\"elementor-button-text\">Env\u00eda<\/span>\n\t\t\t\t\t\t\t\t\t\t\t\t\t<\/span>\n\t\t\t\t\t<\/button>\n\t\t\t\t<\/div>\n\t\t\t<\/div>\n\t\t<\/form>\n\t\t\t\t\t\t<\/div>\n\t\t\t\t<\/div>\n\t\t\t\t<\/div>\n\t\t\t\t\t<\/div>\n\t\t\t\t<\/div>\n\t\t<div data-particle_enable=\"false\" data-particle-mobile-disabled=\"false\" class=\"elementor-element elementor-element-cff0a38 e-flex e-con-boxed e-con e-parent\" data-id=\"cff0a38\" data-element_type=\"container\" data-e-type=\"container\">\n\t\t\t\t\t<div class=\"e-con-inner\">\n\t\t\t\t<div class=\"elementor-element elementor-element-dae3365 elementor-widget elementor-widget-google_maps\" data-id=\"dae3365\" data-element_type=\"widget\" data-e-type=\"widget\" data-widget_type=\"google_maps.default\">\n\t\t\t\t<div class=\"elementor-widget-container\">\n\t\t\t\t\t\t\t<div class=\"elementor-custom-embed\">\n\t\t\t<iframe loading=\"lazy\"\n\t\t\t\t\tsrc=\"https:\/\/maps.google.com\/maps?q=BellaSmiles%20Orthodontics%2C%2012001%20Avalon%20Lake%20Dr%20Suite%20K%2C%20Orlando%2C%20FL%2032828%2C%20United%20States&#038;t=m&#038;z=16&#038;output=embed&#038;iwloc=near\"\n\t\t\t\t\ttitle=\"BellaSmiles Orthodontics, 12001 Avalon Lake Dr Suite K, Orlando, FL 32828, United States\"\n\t\t\t\t\taria-label=\"BellaSmiles Orthodontics, 12001 Avalon Lake Dr Suite K, Orlando, FL 32828, United States\"\n\t\t\t><\/iframe>\n\t\t<\/div>\n\t\t\t\t\t\t<\/div>\n\t\t\t\t<\/div>\n\t\t\t\t\t<\/div>\n\t\t\t\t<\/div>\n\t\t<div data-particle_enable=\"false\" data-particle-mobile-disabled=\"false\" class=\"elementor-element elementor-element-e090479 e-flex e-con-boxed e-con e-parent\" data-id=\"e090479\" data-element_type=\"container\" data-e-type=\"container\">\n\t\t\t\t\t<div class=\"e-con-inner\">\n\t\t\t\t<div class=\"elementor-element elementor-element-3b93b87 elementor-widget-divider--view-line elementor-widget elementor-widget-divider\" data-id=\"3b93b87\" data-element_type=\"widget\" data-e-type=\"widget\" data-widget_type=\"divider.default\">\n\t\t\t\t<div class=\"elementor-widget-container\">\n\t\t\t\t\t\t\t<div class=\"elementor-divider\">\n\t\t\t<span class=\"elementor-divider-separator\">\n\t\t\t\t\t\t<\/span>\n\t\t<\/div>\n\t\t\t\t\t\t<\/div>\n\t\t\t\t<\/div>\n\t\t\t\t<div class=\"elementor-element elementor-element-2264ee2 elementor-widget elementor-widget-text-editor\" data-id=\"2264ee2\" data-element_type=\"widget\" data-e-type=\"widget\" data-widget_type=\"text-editor.default\">\n\t\t\t\t<div class=\"elementor-widget-container\">\n\t\t\t\t\t\t\t\t\t<h4>\u00a1Descubre todas las novedades de la Ortodoncia Bella Smiles!  <\/h4><p>Visita nuestro calendario de eventos para estar al d\u00eda de los pr\u00f3ximos actos, d\u00edas de agradecimiento a los pacientes y mucho m\u00e1s. Haz clic ahora para explorar <\/p>\t\t\t\t\t\t\t\t<\/div>\n\t\t\t\t<\/div>\n\t\t\t\t<div class=\"elementor-element elementor-element-db4aac0 elementor-widget elementor-widget-button\" data-id=\"db4aac0\" data-element_type=\"widget\" data-e-type=\"widget\" data-widget_type=\"button.default\">\n\t\t\t\t<div class=\"elementor-widget-container\">\n\t\t\t\t\t\t\t\t\t<div class=\"elementor-button-wrapper\">\n\t\t\t\t\t<a class=\"elementor-button elementor-button-link elementor-size-sm\" href=\"https:\/\/bellasmilesortho.com\/es\/calendario-de-actos\/\">\n\t\t\t\t\t\t<span class=\"elementor-button-content-wrapper\">\n\t\t\t\t\t\t\t\t\t<span class=\"elementor-button-text\">calendario de actos<\/span>\n\t\t\t\t\t<\/span>\n\t\t\t\t\t<\/a>\n\t\t\t\t<\/div>\n\t\t\t\t\t\t\t\t<\/div>\n\t\t\t\t<\/div>\n\t\t\t\t\t<\/div>\n\t\t\t\t<\/div>\n\t\t\t\t<\/div>\n\t\t","protected":false},"excerpt":{"rendered":"<p>Comenzar el viaje de tu sonrisa en Ortodoncia BellaSmiles es muy sencillo. Programa tu consulta gratuita hoy mismo, y la Dra. Naila Ortega evaluar\u00e1 personalmente tus necesidades para crear un plan de tratamiento personalizado para tu sonrisa \u00fanica. Nuestro equipo est\u00e1 dedicado a guiarte en cada paso del camino, asegur\u00e1ndose de que tu experiencia sea c\u00f3moda y gratificante. [&hellip;]<\/p>\n","protected":false},"author":2,"featured_media":0,"parent":0,"menu_order":57,"comment_status":"closed","ping_status":"closed","template":"","meta":{"_seopress_robots_primary_cat":"","_seopress_titles_title":"Contacta con BellaSmiles Ortodoncia en Orlando FL","_seopress_titles_desc":"Ponte en contacto con BellaSmiles Ortodoncia en Orlando, FL, para programar hoy mismo tu consulta gratuita para un tratamiento de ortodoncia experto para pacientes de todas las edades.","_seopress_robots_index":"","footnotes":""},"class_list":["post-6370","page","type-page","status-publish"],"_links":{"self":[{"href":"https:\/\/bellasmilesortho.com\/es\/wp-json\/wp\/v2\/pages\/6370","targetHints":{"allow":["GET"]}}],"collection":[{"href":"https:\/\/bellasmilesortho.com\/es\/wp-json\/wp\/v2\/pages"}],"about":[{"href":"https:\/\/bellasmilesortho.com\/es\/wp-json\/wp\/v2\/types\/page"}],"author":[{"embeddable":true,"href":"https:\/\/bellasmilesortho.com\/es\/wp-json\/wp\/v2\/users\/2"}],"replies":[{"embeddable":true,"href":"https:\/\/bellasmilesortho.com\/es\/wp-json\/wp\/v2\/comments?post=6370"}],"version-history":[{"count":4,"href":"https:\/\/bellasmilesortho.com\/es\/wp-json\/wp\/v2\/pages\/6370\/revisions"}],"predecessor-version":[{"id":6990,"href":"https:\/\/bellasmilesortho.com\/es\/wp-json\/wp\/v2\/pages\/6370\/revisions\/6990"}],"wp:attachment":[{"href":"https:\/\/bellasmilesortho.com\/es\/wp-json\/wp\/v2\/media?parent=6370"}],"curies":[{"name":"wp","href":"https:\/\/api.w.org\/{rel}","templated":true}]}}