{"id":6369,"date":"2024-11-20T03:27:35","date_gmt":"2024-11-20T03:27:35","guid":{"rendered":"https:\/\/bellasmilesortho.com\/cepillado-e-hilo-dental\/"},"modified":"2024-12-20T00:14:37","modified_gmt":"2024-12-20T00:14:37","slug":"cepillado-e-hilo-dental","status":"publish","type":"page","link":"https:\/\/bellasmilesortho.com\/es\/cepillado-e-hilo-dental\/","title":{"rendered":"Cepillado e hilo dental"},"content":{"rendered":"\t\t<div data-elementor-type=\"wp-page\" data-elementor-id=\"6369\" class=\"elementor elementor-6369 elementor-5675\" data-elementor-post-type=\"page\">\n\t\t\t\t<div data-particle_enable=\"false\" data-particle-mobile-disabled=\"false\" class=\"elementor-element elementor-element-e263bd1 e-flex e-con-boxed e-con e-parent\" data-id=\"e263bd1\" data-element_type=\"container\" data-e-type=\"container\">\n\t\t\t\t\t<div class=\"e-con-inner\">\n\t\t\t\t<div class=\"elementor-element elementor-element-563ff74 elementor-widget elementor-widget-text-editor\" data-id=\"563ff74\" data-element_type=\"widget\" data-e-type=\"widget\" data-widget_type=\"text-editor.default\">\n\t\t\t\t<div class=\"elementor-widget-container\">\n\t\t\t\t\t\t\t\t\t<h2>Mant\u00e9n sana tu sonrisa<\/h2>\n<p>Cuando llevas frenillos, mantener una higiene bucal adecuada es m\u00e1s importante que nunca. Cepillarte los dientes y usar hilo dental despu\u00e9s de cada comida te ayudar\u00e1 a mantener sanos los dientes y las enc\u00edas y a garantizar que tu tratamiento de ortodoncia siga por buen camino. Si no est\u00e1s seguro de qu\u00e9 cepillo, pasta o hilo dental utilizar, d\u00ednoslo: estaremos encantados de recomendarte los mejores productos para tus dientes y frenillos.<\/p>\n<h2>Cepillado con frenillos<\/h2>\n<p>Cepillarse a fondo es esencial para eliminar las part\u00edculas de comida y la placa que pueden quedar atrapadas alrededor de los frenillos. Utiliza un cepillo de cerdas suaves con pasta dent\u00edfrica fluorada, o considera la posibilidad de utilizar un cepillo el\u00e9ctrico para una limpieza m\u00e1s eficaz.<\/p>\n<ul>\n<li>Cep\u00edllate los dientes durante al menos dos minutos despu\u00e9s de cada comida.<\/li>\n<li>Sost\u00e9n el cepillo de dientes en un \u00e1ngulo de 45 grados respecto a la l\u00ednea de las enc\u00edas y haz peque\u00f1os movimientos circulares suaves para limpiar las superficies externas e internas.<\/li>\n<li>Presta especial atenci\u00f3n a las zonas alrededor de tus brackets y alambres para asegurarte de que se eliminan todos los restos.<\/li>\n<li>Limpia las superficies de masticaci\u00f3n y el interior de los dientes delanteros con movimientos cortos de vaiv\u00e9n.<\/li>\n<\/ul>\n<h2>Usar hilo dental con frenillos<\/h2>\n<p>El hilo dental ayuda a limpiar entre los dientes y alrededor de los frenillos, donde el cepillo no llega. Para usar hilo dental con frenillos, utiliza un enhebrador de hilo o hilo ortod\u00f3ntico para guiar el hilo por detr\u00e1s de los alambres.<\/p>\n<ul>\n<li>Enrolla los extremos del hilo alrededor de los dedos, dejando unos cent\u00edmetros de hilo tenso para trabajar.<\/li>\n<li>Desliza suavemente el hilo entre los dientes con un movimiento de vaiv\u00e9n, curv\u00e1ndolo alrededor de cada diente para limpiar por debajo de la l\u00ednea de las enc\u00edas.<\/li>\n<li>Rep\u00edtelo en todos los dientes para eliminar eficazmente las part\u00edculas de comida y la placa.<\/li>\n<\/ul>\n<p>Si el hilo dental tradicional te resulta inc\u00f3modo, considera la posibilidad de utilizar un hilo dental de agua, que puede limpiar alrededor de los brackets y alambres con facilidad.<\/p>\n\t\t\t\t\t\t\t\t<\/div>\n\t\t\t\t<\/div>\n\t\t\t\t\t<\/div>\n\t\t\t\t<\/div>\n\t\t\t\t<\/div>\n\t\t","protected":false},"excerpt":{"rendered":"<p>Mant\u00e9n sana tu sonrisa Cuando llevas frenillos, mantener una higiene bucal adecuada es m\u00e1s importante que nunca. Cepillarte los dientes y usar hilo dental despu\u00e9s de cada comida te ayudar\u00e1 a mantener sanos los dientes y las enc\u00edas y a garantizar que tu tratamiento de ortodoncia siga por buen camino. Si no est\u00e1s seguro de qu\u00e9 cepillo, pasta [&hellip;]<\/p>\n","protected":false},"author":2,"featured_media":0,"parent":0,"menu_order":39,"comment_status":"closed","ping_status":"closed","template":"","meta":{"_seopress_robots_primary_cat":"","_seopress_titles_title":"Cepillado y uso del hilo dental | BellaSmiles Orthodontics en Orlando FL","_seopress_titles_desc":"Mant\u00e9n una sonrisa sana con t\u00e9cnicas adecuadas de cepillado y uso del hilo dental durante el tratamiento de ortodoncia en BellaSmiles Orthodontics en Orlando FL.","_seopress_robots_index":"","footnotes":""},"class_list":["post-6369","page","type-page","status-publish"],"_links":{"self":[{"href":"https:\/\/bellasmilesortho.com\/es\/wp-json\/wp\/v2\/pages\/6369","targetHints":{"allow":["GET"]}}],"collection":[{"href":"https:\/\/bellasmilesortho.com\/es\/wp-json\/wp\/v2\/pages"}],"about":[{"href":"https:\/\/bellasmilesortho.com\/es\/wp-json\/wp\/v2\/types\/page"}],"author":[{"embeddable":true,"href":"https:\/\/bellasmilesortho.com\/es\/wp-json\/wp\/v2\/users\/2"}],"replies":[{"embeddable":true,"href":"https:\/\/bellasmilesortho.com\/es\/wp-json\/wp\/v2\/comments?post=6369"}],"version-history":[{"count":3,"href":"https:\/\/bellasmilesortho.com\/es\/wp-json\/wp\/v2\/pages\/6369\/revisions"}],"predecessor-version":[{"id":6437,"href":"https:\/\/bellasmilesortho.com\/es\/wp-json\/wp\/v2\/pages\/6369\/revisions\/6437"}],"wp:attachment":[{"href":"https:\/\/bellasmilesortho.com\/es\/wp-json\/wp\/v2\/media?parent=6369"}],"curies":[{"name":"wp","href":"https:\/\/api.w.org\/{rel}","templated":true}]}}