{"id":6337,"date":"2022-05-26T14:12:58","date_gmt":"2022-05-26T14:12:58","guid":{"rendered":"https:\/\/bellasmilesortho.com\/tratamiento-de-adolescentes\/"},"modified":"2024-12-19T23:34:37","modified_gmt":"2024-12-19T23:34:37","slug":"tratamiento-de-adolescentes","status":"publish","type":"page","link":"https:\/\/bellasmilesortho.com\/es\/tratamiento-de-adolescentes\/","title":{"rendered":"Tratamiento de adolescentes"},"content":{"rendered":"\t\t<div data-elementor-type=\"wp-page\" data-elementor-id=\"6337\" class=\"elementor elementor-6337 elementor-3316\" data-elementor-post-type=\"page\">\n\t\t\t\t\t\t<section data-particle_enable=\"false\" data-particle-mobile-disabled=\"false\" class=\"elementor-section elementor-top-section elementor-element elementor-element-0f6ae11 elementor-section-boxed elementor-section-height-default elementor-section-height-default\" data-id=\"0f6ae11\" data-element_type=\"section\" data-e-type=\"section\">\n\t\t\t\t\t\t<div class=\"elementor-container elementor-column-gap-default\">\n\t\t\t\t\t<div class=\"elementor-column elementor-col-100 elementor-top-column elementor-element elementor-element-c8eb12a\" data-id=\"c8eb12a\" data-element_type=\"column\" data-e-type=\"column\">\n\t\t\t<div class=\"elementor-widget-wrap elementor-element-populated\">\n\t\t\t\t\t\t<div class=\"elementor-element elementor-element-9bb314b elementor-widget elementor-widget-text-editor\" data-id=\"9bb314b\" data-element_type=\"widget\" data-e-type=\"widget\" data-widget_type=\"text-editor.default\">\n\t\t\t\t<div class=\"elementor-widget-container\">\n\t\t\t\t\t\t\t\t\t<h2>Por qu\u00e9 la adolescencia es el mejor momento para la ortodoncia<\/h2>\n<p>El tratamiento de ortodoncia suele recomendarse a ni\u00f1os de 11 a 15 a\u00f1os. A los 12 a\u00f1os, ya han erupcionado la mayor\u00eda de los dientes permanentes, lo que hace m\u00e1s evidentes problemas dentales como la desalineaci\u00f3n, las lagunas y los problemas de mordida. Estas preocupaciones no suelen mejorar por s\u00ed solas, por lo que muchos padres exploran opciones de ortodoncia durante esta etapa del desarrollo.  <\/p>\n<h2>Ventajas de iniciar el tratamiento de ortodoncia durante la adolescencia<\/h2>\n<p>La adolescencia ofrece varias ventajas en lo que se refiere al cuidado ortod\u00f3ncico:<\/p>\n<h3>Aceptaci\u00f3n social<\/h3>\n<p>A esta edad, muchos ni\u00f1os ya han empezado a llevar ortodoncia, lo que ayuda a normalizar la experiencia. Esta experiencia compartida facilita que tu hijo se sienta seguro y menos cohibido sobre su tratamiento.<\/p>\n<h3>Progreso m\u00e1s r\u00e1pido del tratamiento<\/h3>\n<p>Los adolescentes suelen tener un metabolismo m\u00e1s alto, lo que puede ayudar a acelerar el tratamiento y reducir las molestias que suelen asociarse a los procedimientos ortod\u00f3ncicos.<\/p>\n<h3>Menos molestias<\/h3>\n<p>Gracias a su mayor metabolismo, los adolescentes pueden experimentar una adaptaci\u00f3n m\u00e1s r\u00e1pida a los frenillos, lo que conlleva menos molestias generales durante el tratamiento.<\/p>\n<h2>Programa hoy una consulta gratuita<\/h2>\n<p>Te invitamos a programar una <a href=\"https:\/\/bellasmilesortho.com\/es\/pide-una-cita\/\">consulta<\/a> gratuita en nuestra consulta para hablar de las necesidades de ortodoncia de tu hijo. Durante esta cita, <a href=\"https:\/\/bellasmilesortho.com\/es\/conoce-al-dra-ortega\/\">la Dra. Naila<\/a> Ortega valorar\u00e1 el mejor momento para iniciar el tratamiento, proporcionar\u00e1 un plan de tratamiento personalizado, estimar\u00e1 la duraci\u00f3n del proceso y dar\u00e1 una visi\u00f3n general de los <a href=\"https:\/\/bellasmilesortho.com\/es\/financiacion-facil\/\">precios<\/a> asociados.<\/p>\n\t\t\t\t\t\t\t\t<\/div>\n\t\t\t\t<\/div>\n\t\t\t\t\t<\/div>\n\t\t<\/div>\n\t\t\t\t\t<\/div>\n\t\t<\/section>\n\t\t\t\t<\/div>\n\t\t","protected":false},"excerpt":{"rendered":"<p>Por qu\u00e9 la adolescencia es el mejor momento para la ortodoncia El tratamiento de ortodoncia suele recomendarse a ni\u00f1os de 11 a 15 a\u00f1os. A los 12 a\u00f1os, ya han erupcionado la mayor\u00eda de los dientes permanentes, lo que hace m\u00e1s evidentes problemas dentales como la desalineaci\u00f3n, las lagunas y los problemas de mordida. Estas preocupaciones no suelen [&hellip;]<\/p>\n","protected":false},"author":2,"featured_media":0,"parent":0,"menu_order":35,"comment_status":"closed","ping_status":"closed","template":"","meta":{"_seopress_robots_primary_cat":"","_seopress_titles_title":"Tratamiento de ortodoncia para adolescentes Orlando FL | BellaSmiles Orthodontics","_seopress_titles_desc":"En BellaSmiles Orthodontics de Orlando, FL, estamos especializados en el tratamiento de ortodoncia para adolescentes de 11 a 15 a\u00f1os, un momento ideal para la ortodoncia durante la etapa de desarrollo.","_seopress_robots_index":"","footnotes":""},"class_list":["post-6337","page","type-page","status-publish"],"_links":{"self":[{"href":"https:\/\/bellasmilesortho.com\/es\/wp-json\/wp\/v2\/pages\/6337","targetHints":{"allow":["GET"]}}],"collection":[{"href":"https:\/\/bellasmilesortho.com\/es\/wp-json\/wp\/v2\/pages"}],"about":[{"href":"https:\/\/bellasmilesortho.com\/es\/wp-json\/wp\/v2\/types\/page"}],"author":[{"embeddable":true,"href":"https:\/\/bellasmilesortho.com\/es\/wp-json\/wp\/v2\/users\/2"}],"replies":[{"embeddable":true,"href":"https:\/\/bellasmilesortho.com\/es\/wp-json\/wp\/v2\/comments?post=6337"}],"version-history":[{"count":3,"href":"https:\/\/bellasmilesortho.com\/es\/wp-json\/wp\/v2\/pages\/6337\/revisions"}],"predecessor-version":[{"id":6425,"href":"https:\/\/bellasmilesortho.com\/es\/wp-json\/wp\/v2\/pages\/6337\/revisions\/6425"}],"wp:attachment":[{"href":"https:\/\/bellasmilesortho.com\/es\/wp-json\/wp\/v2\/media?parent=6337"}],"curies":[{"name":"wp","href":"https:\/\/api.w.org\/{rel}","templated":true}]}}