{"id":6336,"date":"2024-11-20T03:21:15","date_gmt":"2024-11-20T03:21:15","guid":{"rendered":"https:\/\/bellasmilesortho.com\/formularios-para-pacientes\/"},"modified":"2024-12-20T03:11:54","modified_gmt":"2024-12-20T03:11:54","slug":"formularios-para-pacientes","status":"publish","type":"page","link":"https:\/\/bellasmilesortho.com\/es\/formularios-para-pacientes\/","title":{"rendered":"Formularios para pacientes"},"content":{"rendered":"\t\t<div data-elementor-type=\"wp-page\" data-elementor-id=\"6336\" class=\"elementor elementor-6336 elementor-5655\" data-elementor-post-type=\"page\">\n\t\t\t\t<div data-particle_enable=\"false\" data-particle-mobile-disabled=\"false\" class=\"elementor-element elementor-element-61db6b3 e-flex e-con-boxed e-con e-parent\" data-id=\"61db6b3\" data-element_type=\"container\" data-e-type=\"container\">\n\t\t\t\t\t<div class=\"e-con-inner\">\n\t\t\t\t<div class=\"elementor-element elementor-element-7ef6503 elementor-widget elementor-widget-text-editor\" data-id=\"7ef6503\" data-element_type=\"widget\" data-e-type=\"widget\" data-widget_type=\"text-editor.default\">\n\t\t\t\t<div class=\"elementor-widget-container\">\n\t\t\t\t\t\t\t\t\t<p>T\u00f3mate un momento para rellenar el formulario electr\u00f3nico de informaci\u00f3n del paciente antes de tu primera <a href=\"https:\/\/bellasmilesortho.com\/request-an-appointment\/\">cita, sin<\/a>necesidad de imprimirlo. As\u00ed nos aseguramos de tener todos los datos necesarios para proporcionarte la mejor atenci\u00f3n posible. <\/p>\n\t\t\t\t\t\t\t\t<\/div>\n\t\t\t\t<\/div>\n\t\t\t\t\t<\/div>\n\t\t\t\t<\/div>\n\t\t<div data-particle_enable=\"false\" data-particle-mobile-disabled=\"false\" class=\"elementor-element elementor-element-c2865cf e-flex e-con-boxed e-con e-parent\" data-id=\"c2865cf\" data-element_type=\"container\" data-e-type=\"container\">\n\t\t\t\t\t<div class=\"e-con-inner\">\n\t\t<div data-particle_enable=\"false\" data-particle-mobile-disabled=\"false\" class=\"elementor-element elementor-element-328d998 e-con-full e-flex e-con e-child\" data-id=\"328d998\" data-element_type=\"container\" data-e-type=\"container\">\n\t\t\t\t<div class=\"elementor-element elementor-element-714a797 elementor-widget elementor-widget-text-editor\" data-id=\"714a797\" data-element_type=\"widget\" data-e-type=\"widget\" data-widget_type=\"text-editor.default\">\n\t\t\t\t<div class=\"elementor-widget-container\">\n\t\t\t\t\t\t\t\t\t<h3>Formulario para pacientes en ingl\u00e9s<\/h3>\n\t\t\t\t\t\t\t\t<\/div>\n\t\t\t\t<\/div>\n\t\t\t\t<div class=\"elementor-element elementor-element-71cadb9 elementor-align-center elementor-widget elementor-widget-button\" data-id=\"71cadb9\" data-element_type=\"widget\" data-e-type=\"widget\" data-widget_type=\"button.default\">\n\t\t\t\t<div class=\"elementor-widget-container\">\n\t\t\t\t\t\t\t\t\t<div class=\"elementor-button-wrapper\">\n\t\t\t\t\t<a class=\"elementor-button elementor-button-link elementor-size-sm\" href=\"https:\/\/www.orthoii-forms.com\/HealthHistory.aspx?culture=en-US&#038;custid=3792\">\n\t\t\t\t\t\t<span class=\"elementor-button-content-wrapper\">\n\t\t\t\t\t\t\t\t\t<span class=\"elementor-button-text\">Pulsa aqu\u00ed<\/span>\n\t\t\t\t\t<\/span>\n\t\t\t\t\t<\/a>\n\t\t\t\t<\/div>\n\t\t\t\t\t\t\t\t<\/div>\n\t\t\t\t<\/div>\n\t\t\t\t<\/div>\n\t\t<div data-particle_enable=\"false\" data-particle-mobile-disabled=\"false\" class=\"elementor-element elementor-element-b555ff8 e-con-full e-flex e-con e-child\" data-id=\"b555ff8\" data-element_type=\"container\" data-e-type=\"container\">\n\t\t\t\t<div class=\"elementor-element elementor-element-09709f3 elementor-widget elementor-widget-text-editor\" data-id=\"09709f3\" data-element_type=\"widget\" data-e-type=\"widget\" data-widget_type=\"text-editor.default\">\n\t\t\t\t<div class=\"elementor-widget-container\">\n\t\t\t\t\t\t\t\t\t<h3>Formulario para pacientes en espa\u00f1ol<\/h3>\n\t\t\t\t\t\t\t\t<\/div>\n\t\t\t\t<\/div>\n\t\t\t\t<div class=\"elementor-element elementor-element-3709be5 elementor-align-center elementor-widget elementor-widget-button\" data-id=\"3709be5\" data-element_type=\"widget\" data-e-type=\"widget\" data-widget_type=\"button.default\">\n\t\t\t\t<div class=\"elementor-widget-container\">\n\t\t\t\t\t\t\t\t\t<div class=\"elementor-button-wrapper\">\n\t\t\t\t\t<a class=\"elementor-button elementor-button-link elementor-size-sm\" href=\"https:\/\/www.orthoii-forms.com\/HealthHistory.aspx?culture=es-PR&#038;custid=3792\">\n\t\t\t\t\t\t<span class=\"elementor-button-content-wrapper\">\n\t\t\t\t\t\t\t\t\t<span class=\"elementor-button-text\">Pulsa aqu\u00ed<\/span>\n\t\t\t\t\t<\/span>\n\t\t\t\t\t<\/a>\n\t\t\t\t<\/div>\n\t\t\t\t\t\t\t\t<\/div>\n\t\t\t\t<\/div>\n\t\t\t\t<\/div>\n\t\t\t\t\t<\/div>\n\t\t\t\t<\/div>\n\t\t<div data-particle_enable=\"false\" data-particle-mobile-disabled=\"false\" class=\"elementor-element elementor-element-d57f93a e-flex e-con-boxed e-con e-parent\" data-id=\"d57f93a\" data-element_type=\"container\" data-e-type=\"container\">\n\t\t\t\t\t<div class=\"e-con-inner\">\n\t\t\t\t<div class=\"elementor-element elementor-element-cdfa082 elementor-widget elementor-widget-text-editor\" data-id=\"cdfa082\" data-element_type=\"widget\" data-e-type=\"widget\" data-widget_type=\"text-editor.default\">\n\t\t\t\t<div class=\"elementor-widget-container\">\n\t\t\t\t\t\t\t\t\t<p>Si no puedes abrir archivos PDF, puedes obtener <a href=\"https:\/\/get.adobe.com\/reader\/\">Adobe Reader\u00ae<\/a> gratuitamente.<\/p>\n<p>Si tienes alguna pregunta sobre los formularios o necesitas ayuda, nuestro equipo est\u00e1 aqu\u00ed para ayudarte. \u00a1Gracias por ayudarnos a preparar tu visita! <\/p>\n\t\t\t\t\t\t\t\t<\/div>\n\t\t\t\t<\/div>\n\t\t\t\t\t<\/div>\n\t\t\t\t<\/div>\n\t\t\t\t<\/div>\n\t\t","protected":false},"excerpt":{"rendered":"<p>T\u00f3mate un momento para rellenar el formulario electr\u00f3nico de informaci\u00f3n del paciente antes de tu primera cita, sinnecesidad de imprimirlo. As\u00ed nos aseguramos de tener todos los datos necesarios para proporcionarte la mejor atenci\u00f3n posible. Formulario para pacientes en ingl\u00e9s Pulsa aqu\u00ed Formulario para pacientes en espa\u00f1ol Pulsa aqu\u00ed Si no puedes abrir archivos PDF, puedes obtener Adobe [&hellip;]<\/p>\n","protected":false},"author":2,"featured_media":0,"parent":0,"menu_order":23,"comment_status":"closed","ping_status":"closed","template":"","meta":{"_seopress_robots_primary_cat":"","_seopress_titles_title":"Formularios para pacientes | BellaSmiles Orthodontics en Orlando FL","_seopress_titles_desc":"Rellena tus formularios de paciente en l\u00ednea antes de tu primera visita de ortodoncia a BellaSmiles Orthodontics para una cita eficiente y sin complicaciones en Orlando, FL.","_seopress_robots_index":"","footnotes":""},"class_list":["post-6336","page","type-page","status-publish"],"_links":{"self":[{"href":"https:\/\/bellasmilesortho.com\/es\/wp-json\/wp\/v2\/pages\/6336","targetHints":{"allow":["GET"]}}],"collection":[{"href":"https:\/\/bellasmilesortho.com\/es\/wp-json\/wp\/v2\/pages"}],"about":[{"href":"https:\/\/bellasmilesortho.com\/es\/wp-json\/wp\/v2\/types\/page"}],"author":[{"embeddable":true,"href":"https:\/\/bellasmilesortho.com\/es\/wp-json\/wp\/v2\/users\/2"}],"replies":[{"embeddable":true,"href":"https:\/\/bellasmilesortho.com\/es\/wp-json\/wp\/v2\/comments?post=6336"}],"version-history":[{"count":2,"href":"https:\/\/bellasmilesortho.com\/es\/wp-json\/wp\/v2\/pages\/6336\/revisions"}],"predecessor-version":[{"id":6458,"href":"https:\/\/bellasmilesortho.com\/es\/wp-json\/wp\/v2\/pages\/6336\/revisions\/6458"}],"wp:attachment":[{"href":"https:\/\/bellasmilesortho.com\/es\/wp-json\/wp\/v2\/media?parent=6336"}],"curies":[{"name":"wp","href":"https:\/\/api.w.org\/{rel}","templated":true}]}}