{"id":6334,"date":"2022-06-24T16:40:59","date_gmt":"2022-06-24T16:40:59","guid":{"rendered":"https:\/\/bellasmilesortho.com\/se-habla-espanol\/"},"modified":"2024-12-20T03:08:45","modified_gmt":"2024-12-20T03:08:45","slug":"se-habla-espanol","status":"publish","type":"page","link":"https:\/\/bellasmilesortho.com\/es\/se-habla-espanol\/","title":{"rendered":"Se Habla Espa\u00f1ol"},"content":{"rendered":"\t\t<div data-elementor-type=\"wp-page\" data-elementor-id=\"6334\" class=\"elementor elementor-6334 elementor-3444\" data-elementor-post-type=\"page\">\n\t\t\t\t\t\t<section data-particle_enable=\"false\" data-particle-mobile-disabled=\"false\" class=\"elementor-section elementor-top-section elementor-element elementor-element-d699fd2 elementor-section-boxed elementor-section-height-default elementor-section-height-default\" data-id=\"d699fd2\" data-element_type=\"section\" data-e-type=\"section\">\n\t\t\t\t\t\t<div class=\"elementor-container elementor-column-gap-default\">\n\t\t\t\t\t<div class=\"elementor-column elementor-col-100 elementor-top-column elementor-element elementor-element-2cbae09\" data-id=\"2cbae09\" data-element_type=\"column\" data-e-type=\"column\">\n\t\t\t<div class=\"elementor-widget-wrap elementor-element-populated\">\n\t\t\t\t\t\t<div class=\"elementor-element elementor-element-3547d39 elementor-widget elementor-widget-text-editor\" data-id=\"3547d39\" data-element_type=\"widget\" data-e-type=\"widget\" data-widget_type=\"text-editor.default\">\n\t\t\t\t<div class=\"elementor-widget-container\">\n\t\t\t\t\t\t\t\t\t<h2>Bienvenidos a la oficina de BellaSmiles Orthodontics en Orlando, FL<\/h2>\n<p>\u00a1Bienvenido a la oficina de BellaSmiles Orthodontics en Orlando, FL! En BellaSmiles Orthodontics, nos comprometemos a brindar atenci\u00f3n ortod\u00f3ntica de la m\u00e1s alta calidad para ni\u00f1os, adolescentes y adultos en Orlando, FL y las \u00e1reas cercanas. <\/p>\n<p>Para nosotros, es fundamental establecer relaciones duraderas y mantenernos conectados contigo y tu familia. Nos esforzamos por ofrecer tratamientos ortod\u00f3nticos avanzados en un ambiente relajado, acogedor y profesional para lograr sonrisas saludables y radiantes. <\/p>\n<h3>Nuestro compromiso con nuestros pacientes<\/h3>\n<p>Desde su primera consulta con  <a href=\"https:\/\/bellasmilesortho.com\/meet-dr-ortega\/\">Dra. <\/a>  hasta el momento en que se retire su tratamiento, nos aseguramos de que se sienta c\u00f3modo y respaldado en todo momento. Nuestra amplia experiencia nos permite ofrecerle el mejor cuidado ortod\u00f3ntico junto con un excelente servicio al cliente. Nos dedicamos a brindarle atenci\u00f3n personalizada, siempre priorizando sus necesidades y preocupaciones.  <\/p>\n<ul>\n<li><strong>Ambiente agradable y acogedor<\/strong>: Nos enorgullece ofrecer un espacio c\u00e1lido, amigable y relajante, donde cada visita se convierte en una experiencia agradable.<\/li>\n<li><strong>Atenci\u00f3n personalizada<\/strong>: Cada paciente recibe un tratamiento \u00fanico, adaptado a sus necesidades espec\u00edficas. Trabajamos para que tu experiencia sea lo m\u00e1s c\u00f3moda posible, desde su primera cita hasta el final del tratamiento. <\/li>\n<li><strong>Pr\u00e1ctica exclusiva de ortodoncia<\/strong>: Somos una pr\u00e1ctica especializada exclusivamente en ortodoncia, ofreciendo opciones de tratamiento como frenos e <a href=\"https:\/\/bellasmilesortho.com\/es\/invisalign\/\">Invisalign<\/a>, adaptadas a todas las edades.<\/li>\n<li><strong>Consulta gratuita<\/strong>: Tu primera <a href=\"https:\/\/bellasmilesortho.com\/request-an-appointment\/\">consulta<\/a> con nosotros es completamente gratuita. Esta incluye radiograf\u00edas, fotos y una presentaci\u00f3n del plan de tratamiento personalizado m\u00e1s adecuado para tu situaci\u00f3n. <\/li>\n<li><strong>Planes flexibles de financiaci\u00f3n<\/strong>: Para adaptarnos a las necesidades de tu familia, te ofrecemos <a href=\"https:\/\/bellasmilesortho.com\/es\/financiacion-facil\/\">m\u00faltiples opciones de financiaci\u00f3n<\/a> que se ajustan a tu presupuesto.<\/li>\n<li><strong>Aceptamos la mayor\u00eda de los seguros dentales<\/strong>: Facilitamos tu tratamiento aceptando la mayor\u00eda de los seguros dentales, para hacer que tu experiencia sea a\u00fan m\u00e1s conveniente.<\/li>\n<li><strong>Horarios flexibles<\/strong>: Sabemos lo importante que es tu tiempo y el de tu familia. Por eso, te ofrecemos horarios flexibles para atender a todos los miembros de tu hogar sin inconvenientes. <\/li>\n<\/ul>\n<h2>\u00a1Agenda tu Consulta Gratuita!<\/h2>\n<p>Cuando est\u00e9s listo para comenzar su tratamiento ortod\u00f3ntico, comun\u00edquese con BellaSmiles Orthodontics al <a href=\"tel:+14076803197\">(407) 680-3197<\/a> para agendar su <a href=\"https:\/\/bellasmilesortho.com\/request-an-appointment\/\">consulta<\/a> GRATUITA. \u00a1Estamos ansiosos por ayudarle a lograr la sonrisa perfecta! <\/p>\n\t\t\t\t\t\t\t\t<\/div>\n\t\t\t\t<\/div>\n\t\t\t\t\t<\/div>\n\t\t<\/div>\n\t\t\t\t\t<\/div>\n\t\t<\/section>\n\t\t\t\t<\/div>\n\t\t","protected":false},"excerpt":{"rendered":"<p>Bienvenidos a la oficina de BellaSmiles Orthodontics en Orlando, FL \u00a1Bienvenido a la oficina de BellaSmiles Orthodontics en Orlando, FL! En BellaSmiles Orthodontics, nos comprometemos a brindar atenci\u00f3n ortod\u00f3ntica de la m\u00e1s alta calidad para ni\u00f1os, adolescentes y adultos en Orlando, FL y las \u00e1reas cercanas. Para nosotros, es fundamental establecer relaciones duraderas y mantenernos conectados contigo y [&hellip;]<\/p>\n","protected":false},"author":2,"featured_media":0,"parent":0,"menu_order":14,"comment_status":"closed","ping_status":"closed","template":"","meta":{"_seopress_robots_primary_cat":"","_seopress_titles_title":"Se Habla Espa\u00f1ol BellaSmiles Orthodontics en Orlando FL","_seopress_titles_desc":"BellaSmiles Orthodontics en Orlando, FL, ofrece atenci\u00f3n ortod\u00f3ntica experta para todas las edades con profesionalidad y opciones de financiaci\u00f3n flexibles.","_seopress_robots_index":"","footnotes":""},"class_list":["post-6334","page","type-page","status-publish"],"_links":{"self":[{"href":"https:\/\/bellasmilesortho.com\/es\/wp-json\/wp\/v2\/pages\/6334","targetHints":{"allow":["GET"]}}],"collection":[{"href":"https:\/\/bellasmilesortho.com\/es\/wp-json\/wp\/v2\/pages"}],"about":[{"href":"https:\/\/bellasmilesortho.com\/es\/wp-json\/wp\/v2\/types\/page"}],"author":[{"embeddable":true,"href":"https:\/\/bellasmilesortho.com\/es\/wp-json\/wp\/v2\/users\/2"}],"replies":[{"embeddable":true,"href":"https:\/\/bellasmilesortho.com\/es\/wp-json\/wp\/v2\/comments?post=6334"}],"version-history":[{"count":2,"href":"https:\/\/bellasmilesortho.com\/es\/wp-json\/wp\/v2\/pages\/6334\/revisions"}],"predecessor-version":[{"id":6456,"href":"https:\/\/bellasmilesortho.com\/es\/wp-json\/wp\/v2\/pages\/6334\/revisions\/6456"}],"wp:attachment":[{"href":"https:\/\/bellasmilesortho.com\/es\/wp-json\/wp\/v2\/media?parent=6334"}],"curies":[{"name":"wp","href":"https:\/\/api.w.org\/{rel}","templated":true}]}}