{"id":6328,"date":"2024-11-20T03:06:08","date_gmt":"2024-11-20T03:06:08","guid":{"rendered":"https:\/\/bellasmilesortho.com\/visita-a-la-oficina\/"},"modified":"2024-12-20T03:06:52","modified_gmt":"2024-12-20T03:06:52","slug":"visita-a-la-oficina","status":"publish","type":"page","link":"https:\/\/bellasmilesortho.com\/es\/visita-a-la-oficina\/","title":{"rendered":"Visita a la oficina"},"content":{"rendered":"\t\t<div data-elementor-type=\"wp-page\" data-elementor-id=\"6328\" class=\"elementor elementor-6328 elementor-5635\" data-elementor-post-type=\"page\">\n\t\t\t\t<div data-particle_enable=\"false\" data-particle-mobile-disabled=\"false\" class=\"elementor-element elementor-element-30f7667 e-flex e-con-boxed e-con e-parent\" data-id=\"30f7667\" data-element_type=\"container\" data-e-type=\"container\">\n\t\t\t\t\t<div class=\"e-con-inner\">\n\t\t\t\t<div class=\"elementor-element elementor-element-e5f08db elementor-widget elementor-widget-text-editor\" data-id=\"e5f08db\" data-element_type=\"widget\" data-e-type=\"widget\" data-widget_type=\"text-editor.default\">\n\t\t\t\t<div class=\"elementor-widget-container\">\n\t\t\t\t\t\t\t\t\t<p>Comprendemos tu necesidad de recibir tratamiento en una consulta donde te sientas c\u00f3modo, seguro y bienvenido. No dudes en concertar una <a href=\"https:\/\/bellasmilesortho.com\/request-an-appointment\/\">cita<\/a> o pasarte por nuestra consulta para conocerla a fondo. <\/p>\n<p>Podr\u00e1s conocer a nuestro <a href=\"https:\/\/bellasmilesortho.com\/es\/nuestro-equipo\/\">equipo<\/a>, pasear por nuestra consulta y las zonas de tratamiento, y saber m\u00e1s sobre los tratamientos que ofrecemos.<\/p>\n\t\t\t\t\t\t\t\t<\/div>\n\t\t\t\t<\/div>\n\t\t\t\t<div class=\"elementor-element elementor-element-cf9a18e elementor-widget elementor-widget-video\" data-id=\"cf9a18e\" data-element_type=\"widget\" data-e-type=\"widget\" data-settings=\"{&quot;youtube_url&quot;:&quot;https:\\\/\\\/www.youtube.com\\\/watch?v=nLCIZBLElI4&quot;,&quot;video_type&quot;:&quot;youtube&quot;,&quot;controls&quot;:&quot;yes&quot;}\" data-widget_type=\"video.default\">\n\t\t\t\t<div class=\"elementor-widget-container\">\n\t\t\t\t\t\t\t<div class=\"elementor-wrapper elementor-open-inline\">\n\t\t\t<div class=\"elementor-video\"><\/div>\t\t<\/div>\n\t\t\t\t\t\t<\/div>\n\t\t\t\t<\/div>\n\t\t\t\t\t<\/div>\n\t\t\t\t<\/div>\n\t\t\t\t<\/div>\n\t\t","protected":false},"excerpt":{"rendered":"<p>Comprendemos tu necesidad de recibir tratamiento en una consulta donde te sientas c\u00f3modo, seguro y bienvenido. No dudes en concertar una cita o pasarte por nuestra consulta para conocerla a fondo. Podr\u00e1s conocer a nuestro equipo, pasear por nuestra consulta y las zonas de tratamiento, y saber m\u00e1s sobre los tratamientos que ofrecemos.<\/p>\n","protected":false},"author":2,"featured_media":0,"parent":0,"menu_order":10,"comment_status":"closed","ping_status":"closed","template":"","meta":{"_seopress_robots_primary_cat":"","_seopress_titles_title":"Tour de la oficina | BellaSmiles Orthodontics en Orlando FL","_seopress_titles_desc":"Disfruta de un recorrido por la oficina de BellaSmiles Orthodontics en Orlando, FL, para ver nuestra acogedora oficina, conocer a nuestro amable equipo y explorar nuestras \u00e1reas de tratamiento.","_seopress_robots_index":"","footnotes":""},"class_list":["post-6328","page","type-page","status-publish"],"_links":{"self":[{"href":"https:\/\/bellasmilesortho.com\/es\/wp-json\/wp\/v2\/pages\/6328","targetHints":{"allow":["GET"]}}],"collection":[{"href":"https:\/\/bellasmilesortho.com\/es\/wp-json\/wp\/v2\/pages"}],"about":[{"href":"https:\/\/bellasmilesortho.com\/es\/wp-json\/wp\/v2\/types\/page"}],"author":[{"embeddable":true,"href":"https:\/\/bellasmilesortho.com\/es\/wp-json\/wp\/v2\/users\/2"}],"replies":[{"embeddable":true,"href":"https:\/\/bellasmilesortho.com\/es\/wp-json\/wp\/v2\/comments?post=6328"}],"version-history":[{"count":2,"href":"https:\/\/bellasmilesortho.com\/es\/wp-json\/wp\/v2\/pages\/6328\/revisions"}],"predecessor-version":[{"id":6455,"href":"https:\/\/bellasmilesortho.com\/es\/wp-json\/wp\/v2\/pages\/6328\/revisions\/6455"}],"wp:attachment":[{"href":"https:\/\/bellasmilesortho.com\/es\/wp-json\/wp\/v2\/media?parent=6328"}],"curies":[{"name":"wp","href":"https:\/\/api.w.org\/{rel}","templated":true}]}}