{"id":6321,"date":"2024-11-20T03:20:48","date_gmt":"2024-11-20T03:20:48","guid":{"rendered":"https:\/\/bellasmilesortho.com\/galeria-de-sonrisas\/"},"modified":"2024-12-20T04:36:13","modified_gmt":"2024-12-20T04:36:13","slug":"galeria-de-sonrisas","status":"publish","type":"page","link":"https:\/\/bellasmilesortho.com\/es\/galeria-de-sonrisas\/","title":{"rendered":"Galer\u00eda de sonrisas"},"content":{"rendered":"\t\t<div data-elementor-type=\"wp-page\" data-elementor-id=\"6321\" class=\"elementor elementor-6321 elementor-5651\" data-elementor-post-type=\"page\">\n\t\t\t\t<div data-particle_enable=\"false\" data-particle-mobile-disabled=\"false\" class=\"elementor-element elementor-element-3749d56 e-flex e-con-boxed e-con e-parent\" data-id=\"3749d56\" data-element_type=\"container\" data-e-type=\"container\">\n\t\t\t\t\t<div class=\"e-con-inner\">\n\t\t\t\t<div class=\"elementor-element elementor-element-f094d8a elementor-widget elementor-widget-text-editor\" data-id=\"f094d8a\" data-element_type=\"widget\" data-e-type=\"widget\" data-widget_type=\"text-editor.default\">\n\t\t\t\t<div class=\"elementor-widget-container\">\n\t\t\t\t\t\t\t\t\t<p>\u00a1Te esperan resultados incre\u00edbles y experiencias inspiradoras! Echa un vistazo a las transformaciones que hemos logrado para nuestros pacientes.  <\/p>\n<p>Transformaciones que puedes ver: explora las impresionantes fotos del antes y el despu\u00e9s que muestran el poder de la ortodoncia. Tanto si acabas de empezar tu experiencia ortod\u00f3ncica como si est\u00e1s pensando en someterte a un tratamiento, estas historias de sonrisas radiantes y seguras de s\u00ed mismas seguro que te inspiran.<\/p>\n<p>Visita nuestra consulta para ver m\u00e1s ejemplos de los resultados que pueden cambiar tu vida.<\/p>\n\t\t\t\t\t\t\t\t<\/div>\n\t\t\t\t<\/div>\n\t\t\t\t\t<\/div>\n\t\t\t\t<\/div>\n\t\t<div data-particle_enable=\"false\" data-particle-mobile-disabled=\"false\" class=\"elementor-element elementor-element-3c12fd3 e-flex e-con-boxed e-con e-parent\" data-id=\"3c12fd3\" data-element_type=\"container\" data-e-type=\"container\">\n\t\t\t\t\t<div class=\"e-con-inner\">\n\t\t\t\t<div class=\"elementor-element elementor-element-6ff8b0c elementor-widget elementor-widget-gallery\" data-id=\"6ff8b0c\" data-element_type=\"widget\" data-e-type=\"widget\" data-settings=\"{&quot;columns&quot;:2,&quot;aspect_ratio&quot;:&quot;1:1&quot;,&quot;lazyload&quot;:&quot;yes&quot;,&quot;gallery_layout&quot;:&quot;grid&quot;,&quot;columns_tablet&quot;:2,&quot;columns_mobile&quot;:1,&quot;gap&quot;:{&quot;unit&quot;:&quot;px&quot;,&quot;size&quot;:10,&quot;sizes&quot;:[]},&quot;gap_tablet&quot;:{&quot;unit&quot;:&quot;px&quot;,&quot;size&quot;:10,&quot;sizes&quot;:[]},&quot;gap_mobile&quot;:{&quot;unit&quot;:&quot;px&quot;,&quot;size&quot;:10,&quot;sizes&quot;:[]},&quot;link_to&quot;:&quot;file&quot;,&quot;overlay_background&quot;:&quot;yes&quot;,&quot;content_hover_animation&quot;:&quot;fade-in&quot;}\" data-widget_type=\"gallery.default\">\n\t\t\t\t<div class=\"elementor-widget-container\">\n\t\t\t\t\t\t\t<div class=\"elementor-gallery__container\">\n\t\t\t\t\t\t\t<a class=\"e-gallery-item elementor-gallery-item elementor-animated-content\" href=\"https:\/\/bellasmilesortho.com\/wp-content\/uploads\/2024\/11\/before-and-after-01.jpg\" data-elementor-open-lightbox=\"yes\" data-elementor-lightbox-slideshow=\"6ff8b0c\" data-elementor-lightbox-title=\"Before-and-After-01\" data-e-action-hash=\"#elementor-action%3Aaction%3Dlightbox%26settings%3DeyJpZCI6NjI4MSwidXJsIjoiaHR0cHM6XC9cL2JlbGxhc21pbGVzb3J0aG8uY29tXC93cC1jb250ZW50XC91cGxvYWRzXC8yMDI0XC8xMVwvYmVmb3JlLWFuZC1hZnRlci0wMS5qcGciLCJzbGlkZXNob3ciOiI2ZmY4YjBjIn0%3D\">\n\t\t\t\t\t<div class=\"e-gallery-image elementor-gallery-item__image\" data-thumbnail=\"https:\/\/bellasmilesortho.com\/wp-content\/uploads\/2024\/11\/before-and-after-01.jpg\" data-width=\"600\" data-height=\"600\" aria-label=\"\" role=\"img\" ><\/div>\n\t\t\t\t\t\t\t\t\t\t\t<div class=\"elementor-gallery-item__overlay\"><\/div>\n\t\t\t\t\t\t\t\t\t\t\t\t\t\t<\/a>\n\t\t\t\t\t\t\t<a class=\"e-gallery-item elementor-gallery-item elementor-animated-content\" href=\"https:\/\/bellasmilesortho.com\/wp-content\/uploads\/2024\/11\/before-and-after-02.jpg\" data-elementor-open-lightbox=\"yes\" data-elementor-lightbox-slideshow=\"6ff8b0c\" data-elementor-lightbox-title=\"Before-and-After-02\" data-e-action-hash=\"#elementor-action%3Aaction%3Dlightbox%26settings%3DeyJpZCI6NjI4MiwidXJsIjoiaHR0cHM6XC9cL2JlbGxhc21pbGVzb3J0aG8uY29tXC93cC1jb250ZW50XC91cGxvYWRzXC8yMDI0XC8xMVwvYmVmb3JlLWFuZC1hZnRlci0wMi5qcGciLCJzbGlkZXNob3ciOiI2ZmY4YjBjIn0%3D\">\n\t\t\t\t\t<div class=\"e-gallery-image elementor-gallery-item__image\" data-thumbnail=\"https:\/\/bellasmilesortho.com\/wp-content\/uploads\/2024\/11\/before-and-after-02.jpg\" data-width=\"600\" data-height=\"600\" aria-label=\"\" role=\"img\" ><\/div>\n\t\t\t\t\t\t\t\t\t\t\t<div class=\"elementor-gallery-item__overlay\"><\/div>\n\t\t\t\t\t\t\t\t\t\t\t\t\t\t<\/a>\n\t\t\t\t\t\t\t<a class=\"e-gallery-item elementor-gallery-item elementor-animated-content\" href=\"https:\/\/bellasmilesortho.com\/wp-content\/uploads\/2024\/11\/before-and-after-03.jpg\" data-elementor-open-lightbox=\"yes\" data-elementor-lightbox-slideshow=\"6ff8b0c\" data-elementor-lightbox-title=\"Before-and-After-03\" data-e-action-hash=\"#elementor-action%3Aaction%3Dlightbox%26settings%3DeyJpZCI6NjI4MywidXJsIjoiaHR0cHM6XC9cL2JlbGxhc21pbGVzb3J0aG8uY29tXC93cC1jb250ZW50XC91cGxvYWRzXC8yMDI0XC8xMVwvYmVmb3JlLWFuZC1hZnRlci0wMy5qcGciLCJzbGlkZXNob3ciOiI2ZmY4YjBjIn0%3D\">\n\t\t\t\t\t<div class=\"e-gallery-image elementor-gallery-item__image\" data-thumbnail=\"https:\/\/bellasmilesortho.com\/wp-content\/uploads\/2024\/11\/before-and-after-03.jpg\" data-width=\"600\" data-height=\"600\" aria-label=\"\" role=\"img\" ><\/div>\n\t\t\t\t\t\t\t\t\t\t\t<div class=\"elementor-gallery-item__overlay\"><\/div>\n\t\t\t\t\t\t\t\t\t\t\t\t\t\t<\/a>\n\t\t\t\t\t\t\t<a class=\"e-gallery-item elementor-gallery-item elementor-animated-content\" href=\"https:\/\/bellasmilesortho.com\/wp-content\/uploads\/2024\/11\/before-and-after-04.jpg\" data-elementor-open-lightbox=\"yes\" data-elementor-lightbox-slideshow=\"6ff8b0c\" data-elementor-lightbox-title=\"Before-and-After-04\" data-e-action-hash=\"#elementor-action%3Aaction%3Dlightbox%26settings%3DeyJpZCI6NjI4NCwidXJsIjoiaHR0cHM6XC9cL2JlbGxhc21pbGVzb3J0aG8uY29tXC93cC1jb250ZW50XC91cGxvYWRzXC8yMDI0XC8xMVwvYmVmb3JlLWFuZC1hZnRlci0wNC5qcGciLCJzbGlkZXNob3ciOiI2ZmY4YjBjIn0%3D\">\n\t\t\t\t\t<div class=\"e-gallery-image elementor-gallery-item__image\" data-thumbnail=\"https:\/\/bellasmilesortho.com\/wp-content\/uploads\/2024\/11\/before-and-after-04.jpg\" data-width=\"600\" data-height=\"600\" aria-label=\"\" role=\"img\" ><\/div>\n\t\t\t\t\t\t\t\t\t\t\t<div class=\"elementor-gallery-item__overlay\"><\/div>\n\t\t\t\t\t\t\t\t\t\t\t\t\t\t<\/a>\n\t\t\t\t\t\t\t<a class=\"e-gallery-item elementor-gallery-item elementor-animated-content\" href=\"https:\/\/bellasmilesortho.com\/wp-content\/uploads\/2024\/11\/before-and-after-05.jpg\" data-elementor-open-lightbox=\"yes\" data-elementor-lightbox-slideshow=\"6ff8b0c\" data-elementor-lightbox-title=\"Before-and-After-05\" data-e-action-hash=\"#elementor-action%3Aaction%3Dlightbox%26settings%3DeyJpZCI6NjI4NSwidXJsIjoiaHR0cHM6XC9cL2JlbGxhc21pbGVzb3J0aG8uY29tXC93cC1jb250ZW50XC91cGxvYWRzXC8yMDI0XC8xMVwvYmVmb3JlLWFuZC1hZnRlci0wNS5qcGciLCJzbGlkZXNob3ciOiI2ZmY4YjBjIn0%3D\">\n\t\t\t\t\t<div class=\"e-gallery-image elementor-gallery-item__image\" data-thumbnail=\"https:\/\/bellasmilesortho.com\/wp-content\/uploads\/2024\/11\/before-and-after-05.jpg\" data-width=\"600\" data-height=\"600\" aria-label=\"\" role=\"img\" ><\/div>\n\t\t\t\t\t\t\t\t\t\t\t<div class=\"elementor-gallery-item__overlay\"><\/div>\n\t\t\t\t\t\t\t\t\t\t\t\t\t\t<\/a>\n\t\t\t\t\t\t\t<a class=\"e-gallery-item elementor-gallery-item elementor-animated-content\" href=\"https:\/\/bellasmilesortho.com\/wp-content\/uploads\/2024\/11\/before-and-after-06.jpg\" data-elementor-open-lightbox=\"yes\" data-elementor-lightbox-slideshow=\"6ff8b0c\" data-elementor-lightbox-title=\"Before-and-After-06\" data-e-action-hash=\"#elementor-action%3Aaction%3Dlightbox%26settings%3DeyJpZCI6NjI4NiwidXJsIjoiaHR0cHM6XC9cL2JlbGxhc21pbGVzb3J0aG8uY29tXC93cC1jb250ZW50XC91cGxvYWRzXC8yMDI0XC8xMVwvYmVmb3JlLWFuZC1hZnRlci0wNi5qcGciLCJzbGlkZXNob3ciOiI2ZmY4YjBjIn0%3D\">\n\t\t\t\t\t<div class=\"e-gallery-image elementor-gallery-item__image\" data-thumbnail=\"https:\/\/bellasmilesortho.com\/wp-content\/uploads\/2024\/11\/before-and-after-06.jpg\" data-width=\"600\" data-height=\"600\" aria-label=\"\" role=\"img\" ><\/div>\n\t\t\t\t\t\t\t\t\t\t\t<div class=\"elementor-gallery-item__overlay\"><\/div>\n\t\t\t\t\t\t\t\t\t\t\t\t\t\t<\/a>\n\t\t\t\t\t\t\t<a class=\"e-gallery-item elementor-gallery-item elementor-animated-content\" href=\"https:\/\/bellasmilesortho.com\/wp-content\/uploads\/2024\/11\/before-and-after-07.jpg\" data-elementor-open-lightbox=\"yes\" data-elementor-lightbox-slideshow=\"6ff8b0c\" data-elementor-lightbox-title=\"Before-and-After-07\" data-e-action-hash=\"#elementor-action%3Aaction%3Dlightbox%26settings%3DeyJpZCI6NjI4NywidXJsIjoiaHR0cHM6XC9cL2JlbGxhc21pbGVzb3J0aG8uY29tXC93cC1jb250ZW50XC91cGxvYWRzXC8yMDI0XC8xMVwvYmVmb3JlLWFuZC1hZnRlci0wNy5qcGciLCJzbGlkZXNob3ciOiI2ZmY4YjBjIn0%3D\">\n\t\t\t\t\t<div class=\"e-gallery-image elementor-gallery-item__image\" data-thumbnail=\"https:\/\/bellasmilesortho.com\/wp-content\/uploads\/2024\/11\/before-and-after-07.jpg\" data-width=\"600\" data-height=\"600\" aria-label=\"\" role=\"img\" ><\/div>\n\t\t\t\t\t\t\t\t\t\t\t<div class=\"elementor-gallery-item__overlay\"><\/div>\n\t\t\t\t\t\t\t\t\t\t\t\t\t\t<\/a>\n\t\t\t\t\t\t\t<a class=\"e-gallery-item elementor-gallery-item elementor-animated-content\" href=\"https:\/\/bellasmilesortho.com\/wp-content\/uploads\/2024\/11\/before-and-after-08.jpg\" data-elementor-open-lightbox=\"yes\" data-elementor-lightbox-slideshow=\"6ff8b0c\" data-elementor-lightbox-title=\"Before-and-After-08\" data-e-action-hash=\"#elementor-action%3Aaction%3Dlightbox%26settings%3DeyJpZCI6NjI4OCwidXJsIjoiaHR0cHM6XC9cL2JlbGxhc21pbGVzb3J0aG8uY29tXC93cC1jb250ZW50XC91cGxvYWRzXC8yMDI0XC8xMVwvYmVmb3JlLWFuZC1hZnRlci0wOC5qcGciLCJzbGlkZXNob3ciOiI2ZmY4YjBjIn0%3D\">\n\t\t\t\t\t<div class=\"e-gallery-image elementor-gallery-item__image\" data-thumbnail=\"https:\/\/bellasmilesortho.com\/wp-content\/uploads\/2024\/11\/before-and-after-08.jpg\" data-width=\"600\" data-height=\"600\" aria-label=\"\" role=\"img\" ><\/div>\n\t\t\t\t\t\t\t\t\t\t\t<div class=\"elementor-gallery-item__overlay\"><\/div>\n\t\t\t\t\t\t\t\t\t\t\t\t\t\t<\/a>\n\t\t\t\t\t<\/div>\n\t\t\t\t\t<\/div>\n\t\t\t\t<\/div>\n\t\t\t\t\t<\/div>\n\t\t\t\t<\/div>\n\t\t\t\t<\/div>\n\t\t","protected":false},"excerpt":{"rendered":"<p>\u00a1Te esperan resultados incre\u00edbles y experiencias inspiradoras! Echa un vistazo a las transformaciones que hemos logrado para nuestros pacientes. Transformaciones que puedes ver: explora las impresionantes fotos del antes y el despu\u00e9s que muestran el poder de la ortodoncia. Tanto si acabas de empezar tu experiencia ortod\u00f3ncica como si est\u00e1s pensando en someterte a un tratamiento, estas historias [&hellip;]<\/p>\n","protected":false},"author":2,"featured_media":0,"parent":0,"menu_order":20,"comment_status":"closed","ping_status":"closed","template":"","meta":{"_seopress_robots_primary_cat":"","_seopress_titles_title":"Galer\u00eda de Sonrisas | Ortodoncia BellaSmiles en Orlando FL","_seopress_titles_desc":"Explora nuestra Galer\u00eda de Sonrisas para ver incre\u00edbles transformaciones antes y despu\u00e9s de la atenci\u00f3n ortod\u00f3ncica experta de BellaSmiles Ortodoncia en Orlando, FL.","_seopress_robots_index":"","footnotes":""},"class_list":["post-6321","page","type-page","status-publish"],"_links":{"self":[{"href":"https:\/\/bellasmilesortho.com\/es\/wp-json\/wp\/v2\/pages\/6321","targetHints":{"allow":["GET"]}}],"collection":[{"href":"https:\/\/bellasmilesortho.com\/es\/wp-json\/wp\/v2\/pages"}],"about":[{"href":"https:\/\/bellasmilesortho.com\/es\/wp-json\/wp\/v2\/types\/page"}],"author":[{"embeddable":true,"href":"https:\/\/bellasmilesortho.com\/es\/wp-json\/wp\/v2\/users\/2"}],"replies":[{"embeddable":true,"href":"https:\/\/bellasmilesortho.com\/es\/wp-json\/wp\/v2\/comments?post=6321"}],"version-history":[{"count":3,"href":"https:\/\/bellasmilesortho.com\/es\/wp-json\/wp\/v2\/pages\/6321\/revisions"}],"predecessor-version":[{"id":6427,"href":"https:\/\/bellasmilesortho.com\/es\/wp-json\/wp\/v2\/pages\/6321\/revisions\/6427"}],"wp:attachment":[{"href":"https:\/\/bellasmilesortho.com\/es\/wp-json\/wp\/v2\/media?parent=6321"}],"curies":[{"name":"wp","href":"https:\/\/api.w.org\/{rel}","templated":true}]}}