{"id":6319,"date":"2017-01-01T09:49:52","date_gmt":"2017-01-01T09:49:52","guid":{"rendered":"https:\/\/bellasmilesortho.com\/itero\/"},"modified":"2024-12-20T03:03:39","modified_gmt":"2024-12-20T03:03:39","slug":"itero","status":"publish","type":"page","link":"https:\/\/bellasmilesortho.com\/es\/itero\/","title":{"rendered":"iTero"},"content":{"rendered":"\t\t<div data-elementor-type=\"wp-page\" data-elementor-id=\"6319\" class=\"elementor elementor-6319 elementor-2658\" data-elementor-post-type=\"page\">\n\t\t\t\t<div data-particle_enable=\"false\" data-particle-mobile-disabled=\"false\" class=\"elementor-element elementor-element-9952a6a e-flex e-con-boxed e-con e-parent\" data-id=\"9952a6a\" data-element_type=\"container\" data-e-type=\"container\">\n\t\t\t\t\t<div class=\"e-con-inner\">\n\t\t<div data-particle_enable=\"false\" data-particle-mobile-disabled=\"false\" class=\"elementor-element elementor-element-03196e4 e-con-full e-flex e-con e-child\" data-id=\"03196e4\" data-element_type=\"container\" data-e-type=\"container\">\n\t\t\t\t<div class=\"elementor-element elementor-element-ffe4b6f elementor-widget elementor-widget-text-editor\" data-id=\"ffe4b6f\" data-element_type=\"widget\" data-e-type=\"widget\" data-widget_type=\"text-editor.default\">\n\t\t\t\t<div class=\"elementor-widget-container\">\n\t\t\t\t\t\t\t\t\t<h2>Impresiones digitales iTero\u2122: eficacia, precisi\u00f3n y facilidad<\/h2>\n<p>En BellaSmiles Orthodontics, estamos encantados de ofrecerte las impresiones digitales iTero\u2122 para mejorar tu experiencia ortod\u00f3ncica. \u00a1Di adi\u00f3s a las inc\u00f3modas impresiones de masilla y hola a la precisi\u00f3n, rapidez y comodidad con el sistema iTero!<\/p>\n<p>Para quienes se plantean un tratamiento de ortodoncia, como <a href=\"https:\/\/bellasmilesortho.com\/es\/la-vida-con-ortodoncia\/\">frenillos<\/a> o alineadores transparentes <a href=\"https:\/\/bellasmilesortho.com\/es\/invisalign\/\">Invisalign<\/a>, unas impresiones precisas son esenciales para una planificaci\u00f3n eficaz del tratamiento. El escaneado iTero proporciona un nivel de precisi\u00f3n comparable al de una c\u00e1mara de smartphone de alta calidad, muy superior a las anticuadas impresiones granuladas del pasado.<\/p>\n\t\t\t\t\t\t\t\t<\/div>\n\t\t\t\t<\/div>\n\t\t\t\t<\/div>\n\t\t<div data-particle_enable=\"false\" data-particle-mobile-disabled=\"false\" class=\"elementor-element elementor-element-f618887 e-con-full e-flex e-con e-child\" data-id=\"f618887\" data-element_type=\"container\" data-e-type=\"container\">\n\t\t\t\t<div class=\"elementor-element elementor-element-b27f983 elementor-widget elementor-widget-image\" data-id=\"b27f983\" data-element_type=\"widget\" data-e-type=\"widget\" data-widget_type=\"image.default\">\n\t\t\t\t<div class=\"elementor-widget-container\">\n\t\t\t\t\t\t\t\t\t\t\t\t\t\t\t<img fetchpriority=\"high\" decoding=\"async\" width=\"257\" height=\"500\" src=\"https:\/\/bellasmilesortho.com\/wp-content\/uploads\/2024\/11\/itero-element-500px.jpg\" class=\"attachment-large size-large wp-image-6280\" alt=\"\" srcset=\"https:\/\/bellasmilesortho.com\/wp-content\/uploads\/2024\/11\/itero-element-500px.jpg 257w, https:\/\/bellasmilesortho.com\/wp-content\/uploads\/2024\/11\/itero-element-500px-154x300.jpg 154w\" sizes=\"(max-width: 257px) 100vw, 257px\" \/>\t\t\t\t\t\t\t\t\t\t\t\t\t\t\t<\/div>\n\t\t\t\t<\/div>\n\t\t\t\t<\/div>\n\t\t\t\t\t<\/div>\n\t\t\t\t<\/div>\n\t\t\t\t<section data-particle_enable=\"false\" data-particle-mobile-disabled=\"false\" class=\"elementor-section elementor-top-section elementor-element elementor-element-7645a6fc elementor-section-boxed elementor-section-height-default elementor-section-height-default\" data-id=\"7645a6fc\" data-element_type=\"section\" data-e-type=\"section\">\n\t\t\t\t\t\t<div class=\"elementor-container elementor-column-gap-default\">\n\t\t\t\t\t<div class=\"elementor-column elementor-col-100 elementor-top-column elementor-element elementor-element-5a959077\" data-id=\"5a959077\" data-element_type=\"column\" data-e-type=\"column\">\n\t\t\t<div class=\"elementor-widget-wrap elementor-element-populated\">\n\t\t\t\t\t\t<div class=\"elementor-element elementor-element-1716e395 elementor-widget elementor-widget-text-editor\" data-id=\"1716e395\" data-element_type=\"widget\" data-e-type=\"widget\" data-widget_type=\"text-editor.default\">\n\t\t\t\t<div class=\"elementor-widget-container\">\n\t\t\t\t\t\t\t\t\t<p>El sistema iTero\u2122 capta los contornos de tus dientes y enc\u00edas, proporcionando un escaneado ortod\u00f3ncico digital detallado en cuesti\u00f3n de minutos. Este procedimiento no invasivo es ideal para quienes se someten a tratamientos Invisalign o de alineadores transparentes. Lo mejor de todo es que elimina la sucia y desagradable masilla que se utiliza tradicionalmente en las impresiones dentales.<\/p>\n<h2>C\u00f3mo funciona iTero<\/h2>\n<p>La varilla manual iTero\u2122 captura una imagen en 3D de tus dientes mientras se desplaza suavemente sobre las superficies. No es invasivo, y te permite respirar y tragar con normalidad durante el procedimiento. La precisi\u00f3n de la varita es excepcional, lo que hace que la necesidad de repeticiones sea extremadamente rara. Adem\u00e1s, \u00a1podr\u00e1s ver la imagen 3D en la pantalla en tiempo real mientras el ortodoncista trabaja!<\/p>\n<p>A diferencia de las impresiones tradicionales, que se env\u00edan a un laboratorio para escanearlas, la imagen digital de tu escaneado se env\u00eda directamente al laboratorio y est\u00e1 disponible en el sistema Invisalign Clincheck al d\u00eda siguiente. Este modelo digital en 3D puede utilizarse con todos los servicios de Invisalign, incluido el Simulador de resultados de Invisalign, que te permite previsualizar tu posible sonrisa tras el tratamiento.<\/p>\n<h2>Ventajas del escaneado digital iTero<\/h2>\n<ul>\n<li><strong>Se acabaron las impresiones de<\/strong> masilla &#8211; Las impresiones de masilla tradicionales sol\u00edan ser inc\u00f3modas e invasivas. iTero elimina el material sucio y el regusto, haciendo que el proceso sea m\u00e1s c\u00f3modo.<\/li>\n<li><strong>Precisi\u00f3n superior<\/strong>: las impresiones digitales de iTero son m\u00e1s precisas que los m\u00e9todos tradicionales, sin distorsi\u00f3n por el movimiento durante la colocaci\u00f3n, extracci\u00f3n o desinfecci\u00f3n.<\/li>\n<li><strong>Visualizaci\u00f3n en pantalla en tiempo real<\/strong>: observa el escaneado 3D mientras se produce, lo que permite realizar ajustes inmediatos para garantizar una impresi\u00f3n ideal la primera vez.<\/li>\n<li>Escudo de <strong>imagen<\/strong> de un solo uso: cada exploraci\u00f3n se realiza con un escudo de un solo uso, lo que garantiza la limpieza y la higiene durante todo el proceso.<\/li>\n<\/ul>\n<h6>Mira el siguiente v\u00eddeo para saber m\u00e1s sobre el proceso de escaneado iTero<\/h6>\n\t\t\t\t\t\t\t\t<\/div>\n\t\t\t\t<\/div>\n\t\t\t\t\t<\/div>\n\t\t<\/div>\n\t\t\t\t\t<\/div>\n\t\t<\/section>\n\t\t<div data-particle_enable=\"false\" data-particle-mobile-disabled=\"false\" class=\"elementor-element elementor-element-69d9eb8 e-flex e-con-boxed e-con e-parent\" data-id=\"69d9eb8\" data-element_type=\"container\" data-e-type=\"container\">\n\t\t\t\t\t<div class=\"e-con-inner\">\n\t\t\t\t<div class=\"elementor-element elementor-element-f37bb21 elementor-widget elementor-widget-video\" data-id=\"f37bb21\" data-element_type=\"widget\" data-e-type=\"widget\" data-settings=\"{&quot;youtube_url&quot;:&quot;https:\\\/\\\/youtu.be\\\/Ca69CuWqHCw&quot;,&quot;video_type&quot;:&quot;youtube&quot;,&quot;controls&quot;:&quot;yes&quot;}\" data-widget_type=\"video.default\">\n\t\t\t\t<div class=\"elementor-widget-container\">\n\t\t\t\t\t\t\t<div class=\"elementor-wrapper elementor-open-inline\">\n\t\t\t<div class=\"elementor-video\"><\/div>\t\t<\/div>\n\t\t\t\t\t\t<\/div>\n\t\t\t\t<\/div>\n\t\t\t\t\t<\/div>\n\t\t\t\t<\/div>\n\t\t\t\t<\/div>\n\t\t","protected":false},"excerpt":{"rendered":"<p>Impresiones digitales iTero\u2122: eficacia, precisi\u00f3n y facilidad En BellaSmiles Orthodontics, estamos encantados de ofrecerte las impresiones digitales iTero\u2122 para mejorar tu experiencia ortod\u00f3ncica. \u00a1Di adi\u00f3s a las inc\u00f3modas impresiones de masilla y hola a la precisi\u00f3n, rapidez y comodidad con el sistema iTero! Para quienes se plantean un tratamiento de ortodoncia, como frenillos o alineadores transparentes Invisalign, unas [&hellip;]<\/p>\n","protected":false},"author":2,"featured_media":0,"parent":0,"menu_order":54,"comment_status":"closed","ping_status":"closed","template":"","meta":{"_seopress_robots_primary_cat":"","_seopress_titles_title":"Imagen digital iTero Orlando FL | BellaSmiles Orthodontics","_seopress_titles_desc":"BellaSmiles Orthodontics ofrece el escaneado digital intraoral iTero para una impresi\u00f3n dental precisa y c\u00f3moda, mejorando tu tratamiento de ortodoncia en Orlando, FL.","_seopress_robots_index":"","footnotes":""},"class_list":["post-6319","page","type-page","status-publish"],"_links":{"self":[{"href":"https:\/\/bellasmilesortho.com\/es\/wp-json\/wp\/v2\/pages\/6319","targetHints":{"allow":["GET"]}}],"collection":[{"href":"https:\/\/bellasmilesortho.com\/es\/wp-json\/wp\/v2\/pages"}],"about":[{"href":"https:\/\/bellasmilesortho.com\/es\/wp-json\/wp\/v2\/types\/page"}],"author":[{"embeddable":true,"href":"https:\/\/bellasmilesortho.com\/es\/wp-json\/wp\/v2\/users\/2"}],"replies":[{"embeddable":true,"href":"https:\/\/bellasmilesortho.com\/es\/wp-json\/wp\/v2\/comments?post=6319"}],"version-history":[{"count":3,"href":"https:\/\/bellasmilesortho.com\/es\/wp-json\/wp\/v2\/pages\/6319\/revisions"}],"predecessor-version":[{"id":6450,"href":"https:\/\/bellasmilesortho.com\/es\/wp-json\/wp\/v2\/pages\/6319\/revisions\/6450"}],"wp:attachment":[{"href":"https:\/\/bellasmilesortho.com\/es\/wp-json\/wp\/v2\/media?parent=6319"}],"curies":[{"name":"wp","href":"https:\/\/api.w.org\/{rel}","templated":true}]}}