{"id":6315,"date":"2017-02-06T01:33:06","date_gmt":"2017-02-06T01:33:06","guid":{"rendered":"https:\/\/bellasmilesortho.com\/ortodoncia-temprana\/"},"modified":"2024-12-20T06:04:19","modified_gmt":"2024-12-20T06:04:19","slug":"ortodoncia-temprana","status":"publish","type":"page","link":"https:\/\/bellasmilesortho.com\/es\/ortodoncia-temprana\/","title":{"rendered":"Ortodoncia temprana"},"content":{"rendered":"\t\t<div data-elementor-type=\"wp-page\" data-elementor-id=\"6315\" class=\"elementor elementor-6315 elementor-36\" data-elementor-post-type=\"page\">\n\t\t\t\t\t\t<section data-particle_enable=\"false\" data-particle-mobile-disabled=\"false\" class=\"elementor-section elementor-top-section elementor-element elementor-element-444ee7ad elementor-section-boxed elementor-section-height-default elementor-section-height-default\" data-id=\"444ee7ad\" data-element_type=\"section\" data-e-type=\"section\">\n\t\t\t\t\t\t<div class=\"elementor-container elementor-column-gap-default\">\n\t\t\t\t\t<div class=\"elementor-column elementor-col-100 elementor-top-column elementor-element elementor-element-dc59cc\" data-id=\"dc59cc\" data-element_type=\"column\" data-e-type=\"column\">\n\t\t\t<div class=\"elementor-widget-wrap elementor-element-populated\">\n\t\t\t\t\t\t<div class=\"elementor-element elementor-element-788fbfeb elementor-widget elementor-widget-text-editor\" data-id=\"788fbfeb\" data-element_type=\"widget\" data-e-type=\"widget\" data-widget_type=\"text-editor.default\">\n\t\t\t\t<div class=\"elementor-widget-container\">\n\t\t\t\t\t\t\t\t\t<p>\u00bfCu\u00e1l es la diferencia entre el tratamiento ortod\u00f3ncico temprano y el tratamiento ortod\u00f3ncico normal? \u00bfPor qu\u00e9 puede necesitar mi hijo un tratamiento temprano y c\u00f3mo puede beneficiarle a largo plazo? Son preguntas frecuentes de los padres cuando se plantean la ortodoncia para sus hijos.  <\/p>\n<p>La Asociaci\u00f3n Americana de Ortodoncistas recomienda que los ni\u00f1os se sometan a su primera revisi\u00f3n ortod\u00f3ncica a los siete a\u00f1os. En esta etapa, <a href=\"https:\/\/bellasmilesortho.com\/es\/conoce-al-dra-ortega\/\">la Dra. Naila<\/a> Ortega puede evaluar el crecimiento de la mand\u00edbula de tu hijo, la alineaci\u00f3n de la mordida y la posici\u00f3n de los dientes permanentes que van saliendo. La detecci\u00f3n temprano permite intervenir a tiempo si se necesita atenci\u00f3n ortod\u00f3ncica.  <\/p>\n<h2>\u00bfQu\u00e9 es el tratamiento ortod\u00f3ncico temprano?<\/h2>\n<p>El tratamiento ortod\u00f3ncico temprano, tambi\u00e9n conocido como Fase Uno, suele comenzar hacia los ocho o nueve a\u00f1os, mientras que la Fase Dos tiene lugar m\u00e1s tarde, hacia los 11 a\u00f1os o m\u00e1s. El objetivo del tratamiento temprano es corregir los problemas de crecimiento de la mand\u00edbula, abordar determinados problemas de mordida, como el prognatismo, y crear espacio suficiente para que los dientes permanentes salgan correctamente. Al abordar estos problemas a tiempo, se reducen significativamente las probabilidades de necesitar extracciones o procedimientos m\u00e1s complejos en el futuro.  <\/p>\n<h2>\u00bfPor qu\u00e9 se eval\u00faa a los ni\u00f1os en torno a los 7 a\u00f1os?<\/h2>\n<p>Evaluar a los ni\u00f1os a los siete a\u00f1os ayuda a los ortodoncistas a identificar temprana los posibles problemas y a recomendar el mejor curso de acci\u00f3n. El diagn\u00f3stico y el tratamiento temprano pueden: <\/p>\n<ul>\n<li>Guiar los dientes en erupci\u00f3n hacia una posici\u00f3n m\u00e1s favorable<\/li>\n<li>Preservar el espacio para los dientes permanentes<\/li>\n<li>Regular la anchura de las arcadas dentales superior e inferior<\/li>\n<li>Evitar la necesidad de extracciones dentales permanentes cuando sea posible<\/li>\n<li>Reducir la probabilidad de dientes impactados o fracturados que sobresalgan<\/li>\n<li>Corregir los h\u00e1bitos de chuparse el dedo<\/li>\n<li>Abordar problemas anormales de degluci\u00f3n o del habla<\/li>\n<\/ul>\n<p>En algunos casos, la intervenci\u00f3n temprana simplifica el tratamiento posterior, proporcionando beneficios a largo plazo para la salud bucodental y el desarrollo de tu hijo.<\/p>\n<h2>C\u00f3mo saber si tu hijo puede necesitar un tratamiento de ortodoncia temprano<\/h2>\n<ul>\n<li>P\u00e9rdida temprana o tard\u00eda de los dientes de leche (los ni\u00f1os suelen empezar a perder dientes alrededor de los cinco a\u00f1os y deber\u00edan tener todos los dientes permanentes a los 13 a\u00f1os).<\/li>\n<li>Dificultad para masticar o morder<\/li>\n<li>Respiraci\u00f3n bucal<\/li>\n<li>Chuparse el dedo despu\u00e9s de los cinco a\u00f1os<\/li>\n<li>Impedimentos del habla<\/li>\n<li>Dientes salientes (los dientes superiores o inferiores se separan unos de otros)<\/li>\n<li>Dientes que no se juntan correctamente o que no se juntan en absoluto<\/li>\n<li>Desplazamiento de la mand\u00edbula al abrir o cerrar la boca (mordida cruzada)<\/li>\n<li>Dientes frontales api\u00f1ados hacia los siete u ocho a\u00f1os<\/li>\n<\/ul>\n<h2>\u00bfQu\u00e9 causa los problemas de ortodoncia?<\/h2>\n<p>Los problemas de ortodoncia, como dientes api\u00f1ados, espaciado excesivo, problemas de crecimiento de la mand\u00edbula, dientes salientes y mordida desalineada, pueden ser hereditarios o estar causados por factores como lesiones, p\u00e9rdida temprana o tard\u00eda de los dientes de leche o h\u00e1bitos prolongados de chuparse el dedo.<\/p>\n<h2>Los beneficios del tratamiento temprano para tu hijo<\/h2>\n<p>Al abordar temprano los problemas de ortodoncia, los ni\u00f1os se benefician de una sonrisa m\u00e1s sana y alineada a medida que crecen. Este enfoque proactivo puede reducir la complejidad de futuros tratamientos, disminuir la probabilidad de intervenciones quir\u00fargicas y dar a tu hijo la confianza de una sonrisa bonita y funcional. <\/p>\n<p>Si tu hijo tiene entre siete y ocho a\u00f1os y muestra signos de necesitar ortodoncia, o si tu dentista de cabecera te ha recomendado una consulta, ponte en contacto con nuestra consulta. Nuestro experimentado equipo te har\u00e1 una evaluaci\u00f3n completa y te indicar\u00e1 los pasos a seguir para cuidar la sonrisa de tu hijo. <\/p>\n<h2>\u00bfC\u00f3mo puede afectar la succi\u00f3n del pulgar o el uso del chupete al desarrollo dental de mi hijo?<\/h2>\n<p>Los aparatos para los h\u00e1bitos son dispositivos dise\u00f1ados para ayudar a los ni\u00f1os a abandonar los h\u00e1bitos de chuparse el dedo, el chupete o la lengua. Estos aparatos impiden que los dientes superiores e inferiores se muevan a posiciones an\u00f3malas. <\/p>\n<p>El objetivo principal de un aparato de h\u00e1bitos es detener estos h\u00e1bitos, que pueden afectar negativamente a la alineaci\u00f3n dental, y evitar problemas como una mordida abierta o dientes salientes. El aparato consiste en una compuerta met\u00e1lica que se coloca cuidadosamente detr\u00e1s de los dientes anteriores, en la enc\u00eda superior. Se fija en la boca con dos brackets fijados a los molares superiores.  <\/p>\n<h2>\u00bfEvita el tratamiento temprano la necesidad posterior de ortodoncia?<\/h2>\n<p>El tratamiento temprano puede resolver problemas importantes, prevenir otros m\u00e1s graves y simplificar futuros tratamientos. Sin embargo, como los dientes permanentes no han erupcionado del todo durante el tratamiento temprano, a menudo se requieren cuidados adicionales<a href=\"https:\/\/bellasmilesortho.com\/es\/tratamiento-de-adolescentes\/\">(Fase Dos<\/a>) durante la adolescencia para finalizar la alineaci\u00f3n y la correcci\u00f3n de la mordida. En algunos casos, la intervenci\u00f3n temprana puede eliminar por completo la necesidad de ortodoncia, pero esto depende de las necesidades dentales espec\u00edficas del ni\u00f1o.  <\/p>\n<h2>Por qu\u00e9 es importante la atenci\u00f3n dental continuada durante el tratamiento de ortodoncia<\/h2>\n<p>Durante el tratamiento de ortodoncia, mantener una buena higiene bucal es a\u00fan m\u00e1s importante. Las revisiones y limpiezas dentales peri\u00f3dicas cada seis meses son esenciales para mantener sanos dientes y enc\u00edas. Los dentistas de familia y los ortodoncistas trabajan juntos para garantizar que la sonrisa de tu hijo siga por buen camino.  <\/p>\n\t\t\t\t\t\t\t\t<\/div>\n\t\t\t\t<\/div>\n\t\t\t\t\t<\/div>\n\t\t<\/div>\n\t\t\t\t\t<\/div>\n\t\t<\/section>\n\t\t\t\t<\/div>\n\t\t","protected":false},"excerpt":{"rendered":"<p>\u00bfCu\u00e1l es la diferencia entre el tratamiento ortod\u00f3ncico temprano y el tratamiento ortod\u00f3ncico normal? \u00bfPor qu\u00e9 puede necesitar mi hijo un tratamiento temprano y c\u00f3mo puede beneficiarle a largo plazo? Son preguntas frecuentes de los padres cuando se plantean la ortodoncia para sus hijos. La Asociaci\u00f3n Americana de Ortodoncistas recomienda que los ni\u00f1os se sometan a su primera [&hellip;]<\/p>\n","protected":false},"author":2,"featured_media":0,"parent":0,"menu_order":33,"comment_status":"closed","ping_status":"closed","template":"","meta":{"_seopress_robots_primary_cat":"","_seopress_titles_title":"Tratamiento de Ortodoncia Temprana Orlando FL | BellaSmile Orthodontics","_seopress_titles_desc":"BellaSmiles Orthodontics ofrece un tratamiento de ortodoncia temprano en Orlando, FL, para tratar los problemas dentales y garantizar que tu hijo crezca con una sonrisa sana.","_seopress_robots_index":"","footnotes":""},"class_list":["post-6315","page","type-page","status-publish"],"_links":{"self":[{"href":"https:\/\/bellasmilesortho.com\/es\/wp-json\/wp\/v2\/pages\/6315","targetHints":{"allow":["GET"]}}],"collection":[{"href":"https:\/\/bellasmilesortho.com\/es\/wp-json\/wp\/v2\/pages"}],"about":[{"href":"https:\/\/bellasmilesortho.com\/es\/wp-json\/wp\/v2\/types\/page"}],"author":[{"embeddable":true,"href":"https:\/\/bellasmilesortho.com\/es\/wp-json\/wp\/v2\/users\/2"}],"replies":[{"embeddable":true,"href":"https:\/\/bellasmilesortho.com\/es\/wp-json\/wp\/v2\/comments?post=6315"}],"version-history":[{"count":7,"href":"https:\/\/bellasmilesortho.com\/es\/wp-json\/wp\/v2\/pages\/6315\/revisions"}],"predecessor-version":[{"id":6480,"href":"https:\/\/bellasmilesortho.com\/es\/wp-json\/wp\/v2\/pages\/6315\/revisions\/6480"}],"wp:attachment":[{"href":"https:\/\/bellasmilesortho.com\/es\/wp-json\/wp\/v2\/media?parent=6315"}],"curies":[{"name":"wp","href":"https:\/\/api.w.org\/{rel}","templated":true}]}}