{"id":6313,"date":"2017-02-06T01:35:10","date_gmt":"2017-02-06T01:35:10","guid":{"rendered":"https:\/\/bellasmilesortho.com\/retenedores-de-ortodoncia\/"},"modified":"2024-12-20T04:52:47","modified_gmt":"2024-12-20T04:52:47","slug":"retenedores-de-ortodoncia","status":"publish","type":"page","link":"https:\/\/bellasmilesortho.com\/es\/retenedores-de-ortodoncia\/","title":{"rendered":"Retenedores de ortodoncia"},"content":{"rendered":"\t\t<div data-elementor-type=\"wp-page\" data-elementor-id=\"6313\" class=\"elementor elementor-6313 elementor-42\" data-elementor-post-type=\"page\">\n\t\t\t\t<div data-particle_enable=\"false\" data-particle-mobile-disabled=\"false\" class=\"elementor-element elementor-element-ddaf856 e-flex e-con-boxed e-con e-parent\" data-id=\"ddaf856\" data-element_type=\"container\" data-e-type=\"container\">\n\t\t\t\t\t<div class=\"e-con-inner\">\n\t\t\t\t<div class=\"elementor-element elementor-element-15071dc elementor-widget elementor-widget-text-editor\" data-id=\"15071dc\" data-element_type=\"widget\" data-e-type=\"widget\" data-widget_type=\"text-editor.default\">\n\t\t\t\t<div class=\"elementor-widget-container\">\n\t\t\t\t\t\t\t\t\t<div class=\"flex max-w-full flex-col flex-grow\">\n<div class=\"min-h-8 text-message flex w-full flex-col items-end gap-2 whitespace-normal break-words [.text-message+&amp;]:mt-5\" dir=\"auto\" data-message-author-role=\"assistant\" data-message-id=\"545bb6dc-d2a9-4601-bf4c-b2fddf1f0f70\" data-message-model-slug=\"gpt-4o\">\n<div class=\"flex w-full flex-col gap-1 empty:hidden first:pt-[3px]\">\n<div class=\"markdown prose w-full break-words dark:prose-invert dark\">\n<h2>Mant\u00e9n tu mejor sonrisa<\/h2>\n<p>Has trabajado mucho para conseguir una sonrisa bonita y, ahora que te has quitado los frenillos, es hora de conservar los resultados. Aunque ahora tus dientes est\u00e1n rectos y libres de metal, tu experiencia ortod\u00f3ncico no ha terminado del todo. Para mantener tu nueva sonrisa, tendr\u00e1s que llevar un retenedor. Los retenedores son esenciales para mantener los dientes en su alineaci\u00f3n correcta mientras las enc\u00edas, el hueso y los m\u00fasculos se adaptan a sus nuevas posiciones.   <\/p>\n<h2>Tipos de retenedores<\/h2>\n<p>Los retenedores se fabrican a medida y los hay de dos tipos principales: extra\u00edbles o fijos.<\/p>\n<ul>\n<li>\n<p><strong>Retenedores removibles tradicionales<\/strong>:<br \/>Incluyen un alambre met\u00e1lico que envuelve los dientes frontales y se fija a un arco acr\u00edlico que descansa sobre el paladar. El alambre puede ajustarse para permitir peque\u00f1os movimientos dentales si es necesario. <\/p>\n<\/li>\n<li>\n<p><strong>Retenedores tipo Alineador (Retenedores Essix)<\/strong>:<br \/>Estos retenedores transparentes ofrecen una alternativa m\u00e1s est\u00e9tica a los retenedores de alambre. Se fabrican a partir de un molde de tus dientes alineados y pueden ajustarse a toda la arcada o engancharse de canino a canino. <\/p>\n<\/li>\n<li>\n<p><strong>Retenedores fijos<\/strong>:<br \/>Consisten en alambres pegados detr\u00e1s de tus dientes inferiores y\/o superiores. Aunque suelen llevarse durante uno o dos a\u00f1os despu\u00e9s de extraer las muelas del juicio, algunos pacientes optan por conservarlos de por vida para garantizar la estabilidad a largo plazo. <\/p>\n<\/li>\n<\/ul>\n<h3>Pros y contras de los retenedores<\/h3>\n<ul>\n<li>\n<p><strong>Retenedores extra\u00edbles<\/strong>:<\/p>\n<ul>\n<li>F\u00e1cil de sacar para comer y limpiar.<\/li>\n<li>Puede extraviarse si no se guarda en un estuche adecuado cuando no se utiliza.<\/li>\n<\/ul>\n<\/li>\n<li>\n<p><strong>Retenedores fijos<\/strong>:<\/p>\n<ul>\n<li>Ideal para pacientes que prefieren no registrar el tiempo de uso.<\/li>\n<li>Requieren una mayor atenci\u00f3n a la higiene bucal, sobre todo al usar hilo dental, que puede necesitar enhebradores de hilo para pasar alrededor del alambre.<\/li>\n<\/ul>\n<\/li>\n<\/ul>\n<h2>C\u00f3mo cuidar tu retenedor<\/h2>\n<p>Cuidar tu retenedor garantiza que se mantenga limpio y funcional. Sigue estos consejos: <\/p>\n<ul>\n<li><strong>L\u00edmpialo a diario<\/strong>: Utiliza un cepillo de dientes y jab\u00f3n l\u00edquido suave para frotar suavemente tu retenedor. Evita la pasta de dientes, que puede rayar el material. <\/li>\n<li><strong>Sum\u00e9rgete peri\u00f3dicamente<\/strong>: Una soluci\u00f3n limpiadora para dentaduras postizas, como Efferdent, puede ayudar a eliminar la placa y la acumulaci\u00f3n de sarro. Aclara siempre a fondo despu\u00e9s del remojo. <\/li>\n<li><strong>Evita el calor<\/strong>: Mant\u00e9n tu retenedor alejado de calefacciones, agua caliente, lavavajillas o salpicaderos de coche, ya que el calor extremo puede deformarlo.<\/li>\n<li><strong>Utiliza el estuche<\/strong>: Guarda siempre tu retenedor en su estuche adecuado cuando no lo utilices para evitar que se pierda o se da\u00f1e.<\/li>\n<li><strong>Prot\u00e9gelos de los animales dom\u00e9sticos<\/strong>: Los perros y otros animales dom\u00e9sticos suelen tener la tentaci\u00f3n de morder los retenedores, as\u00ed que mantenlos fuera de su alcance.<\/li>\n<\/ul>\n<h2>Sustituci\u00f3n y reparaciones<\/h2>\n<p>Con el tiempo, puede ser necesario sustituir tu retenedor debido al desgaste normal. Tu plan de tratamiento incluye un juego de retenedores una vez retirados los frenillos, pero la sustituci\u00f3n de retenedores perdidos o da\u00f1ados supondr\u00e1 un coste adicional. Si tu retenedor se afloja o se rompe, <a href=\"https:\/\/bellasmilesortho.com\/es\/oficina-de-avalon-park\/\">ponte en contacto con nuestra consulta<\/a> inmediatamente para que lo ajustemos o reparemos.  <\/p>\n<p>Llevar y cuidar tu retenedor es un peque\u00f1o compromiso que garantiza la longevidad de tus resultados ortod\u00f3ncicos. Siguiendo estos pasos, \u00a1disfrutar\u00e1s de toda una vida de sonrisas! <\/p>\n<\/div>\n<\/div>\n<\/div>\n<\/div>\n\t\t\t\t\t\t\t\t<\/div>\n\t\t\t\t<\/div>\n\t\t\t\t\t<\/div>\n\t\t\t\t<\/div>\n\t\t\t\t<\/div>\n\t\t","protected":false},"excerpt":{"rendered":"<p>Mant\u00e9n tu mejor sonrisa Has trabajado mucho para conseguir una sonrisa bonita y, ahora que te has quitado los frenillos, es hora de conservar los resultados. Aunque ahora tus dientes est\u00e1n rectos y libres de metal, tu experiencia ortod\u00f3ncico no ha terminado del todo. Para mantener tu nueva sonrisa, tendr\u00e1s que llevar un retenedor. Los retenedores son esenciales [&hellip;]<\/p>\n","protected":false},"author":2,"featured_media":0,"parent":0,"menu_order":53,"comment_status":"closed","ping_status":"closed","template":"","meta":{"_seopress_robots_primary_cat":"","_seopress_titles_title":"Retenedores de Ortodoncia Orlando FL | BellaSmiles Orthodontics","_seopress_titles_desc":"Los retenedores ortod\u00f3ncicos de BellaSmiles Orthodontics en Orlando, FL, estabilizan tus dientes despu\u00e9s del tratamiento, garantizando que tu hermosa sonrisa perdure despu\u00e9s de los frenillos.","_seopress_robots_index":"","footnotes":""},"class_list":["post-6313","page","type-page","status-publish"],"_links":{"self":[{"href":"https:\/\/bellasmilesortho.com\/es\/wp-json\/wp\/v2\/pages\/6313","targetHints":{"allow":["GET"]}}],"collection":[{"href":"https:\/\/bellasmilesortho.com\/es\/wp-json\/wp\/v2\/pages"}],"about":[{"href":"https:\/\/bellasmilesortho.com\/es\/wp-json\/wp\/v2\/types\/page"}],"author":[{"embeddable":true,"href":"https:\/\/bellasmilesortho.com\/es\/wp-json\/wp\/v2\/users\/2"}],"replies":[{"embeddable":true,"href":"https:\/\/bellasmilesortho.com\/es\/wp-json\/wp\/v2\/comments?post=6313"}],"version-history":[{"count":3,"href":"https:\/\/bellasmilesortho.com\/es\/wp-json\/wp\/v2\/pages\/6313\/revisions"}],"predecessor-version":[{"id":6469,"href":"https:\/\/bellasmilesortho.com\/es\/wp-json\/wp\/v2\/pages\/6313\/revisions\/6469"}],"wp:attachment":[{"href":"https:\/\/bellasmilesortho.com\/es\/wp-json\/wp\/v2\/media?parent=6313"}],"curies":[{"name":"wp","href":"https:\/\/api.w.org\/{rel}","templated":true}]}}