{"id":6311,"date":"2017-05-28T15:25:06","date_gmt":"2017-05-28T15:25:06","guid":{"rendered":"https:\/\/bellasmilesortho.com\/invisalign\/"},"modified":"2024-12-20T03:21:23","modified_gmt":"2024-12-20T03:21:23","slug":"invisalign","status":"publish","type":"page","link":"https:\/\/bellasmilesortho.com\/es\/invisalign\/","title":{"rendered":"Invisalign"},"content":{"rendered":"\t\t<div data-elementor-type=\"wp-page\" data-elementor-id=\"6311\" class=\"elementor elementor-6311 elementor-1133\" data-elementor-post-type=\"page\">\n\t\t\t\t\t\t<section data-particle_enable=\"false\" data-particle-mobile-disabled=\"false\" class=\"elementor-section elementor-top-section elementor-element elementor-element-cd959d9 elementor-section-boxed elementor-section-height-default elementor-section-height-default\" data-id=\"cd959d9\" data-element_type=\"section\" data-e-type=\"section\">\n\t\t\t\t\t\t<div class=\"elementor-container elementor-column-gap-default\">\n\t\t\t\t\t<div class=\"elementor-column elementor-col-100 elementor-top-column elementor-element elementor-element-7fcd531c\" data-id=\"7fcd531c\" data-element_type=\"column\" data-e-type=\"column\">\n\t\t\t<div class=\"elementor-widget-wrap elementor-element-populated\">\n\t\t\t\t\t\t<div class=\"elementor-element elementor-element-406dd3c6 elementor-widget elementor-widget-text-editor\" data-id=\"406dd3c6\" data-element_type=\"widget\" data-e-type=\"widget\" data-widget_type=\"text-editor.default\">\n\t\t\t\t<div class=\"elementor-widget-container\">\n\t\t\t\t\t\t\t\t\t<h2>Invisalign para el tratamiento de ortodoncia en Orlando, FL<\/h2>\n<p>En Ortodoncia BellaSmiles, <a href=\"https:\/\/bellasmilesortho.com\/meet-dr-ortega\/\">la Dra. Naila<\/a> Ortega se enorgullece de ofrecer Invisalign\u00ae, la forma discreta y eficaz de alinear tus dientes sin necesidad de aparatos met\u00e1licos tradicionales. Como proveedora certificada de Invisalign, la Dra. Ortega ha ayudado a numerosos pacientes a conseguir su sonrisa ideal con esta avanzada soluci\u00f3n de ortodoncia. <\/p>\n<h2>\u00bfQu\u00e9 es Invisalign?<\/h2>\n<p>Invisalign utiliza una serie de alineadores transparentes hechos a medida para enderezar gradualmente tus dientes, ofreciendo una alternativa m\u00e1s r\u00e1pida y c\u00f3moda que los aparatos tradicionales. Invisalign, en el que conf\u00edan miles de ortodoncistas de Estados Unidos y Canad\u00e1, ofrece una forma precisa y c\u00f3moda de mejorar tu sonrisa. <\/p>\n<ul>\n<li><strong>Invisibles<\/strong>: Pr\u00e1cticamente invisibles, te permiten mejorar tu sonrisa sin comprometer tu aspecto.<\/li>\n<li><strong>C\u00f3modos<\/strong>: Alineadores de pl\u00e1stico liso y transparente que reducen la irritaci\u00f3n de tus enc\u00edas y boca.<\/li>\n<li><strong>A medida<\/strong>: Cada alineador se dise\u00f1a utilizando una avanzada tecnolog\u00eda de imagen tridimensional para conseguir un ajuste perfecto y personalizado.<\/li>\n<li><strong>Extra\u00edbles<\/strong>: Qu\u00edtate los alineadores para comer, beber, cepillarte los dientes y usar hilo dental, garantizando una higiene bucal \u00f3ptima durante todo el tratamiento.<\/li>\n<li><strong>Eficaz<\/strong>: Consigue resultados apreciables en aproximadamente un a\u00f1o, con menos visitas a la consulta que los aparatos tradicionales.<\/li>\n<\/ul>\n\t\t\t\t\t\t\t\t<\/div>\n\t\t\t\t<\/div>\n\t\t\t\t\t<\/div>\n\t\t<\/div>\n\t\t\t\t\t<\/div>\n\t\t<\/section>\n\t\t\t\t<section data-particle_enable=\"false\" data-particle-mobile-disabled=\"false\" class=\"elementor-section elementor-top-section elementor-element elementor-element-bd8fb9d elementor-section-boxed elementor-section-height-default elementor-section-height-default\" data-id=\"bd8fb9d\" data-element_type=\"section\" data-e-type=\"section\">\n\t\t\t\t\t\t<div class=\"elementor-container elementor-column-gap-default\">\n\t\t\t\t\t<div class=\"elementor-column elementor-col-100 elementor-top-column elementor-element elementor-element-8afed87\" data-id=\"8afed87\" data-element_type=\"column\" data-e-type=\"column\">\n\t\t\t<div class=\"elementor-widget-wrap elementor-element-populated\">\n\t\t\t\t\t\t<div class=\"elementor-element elementor-element-dbf23b1 elementor-widget elementor-widget-video\" data-id=\"dbf23b1\" data-element_type=\"widget\" data-e-type=\"widget\" data-settings=\"{&quot;youtube_url&quot;:&quot;https:\\\/\\\/youtu.be\\\/pOEk3Z0RbWE&quot;,&quot;video_type&quot;:&quot;youtube&quot;,&quot;controls&quot;:&quot;yes&quot;}\" data-widget_type=\"video.default\">\n\t\t\t\t<div class=\"elementor-widget-container\">\n\t\t\t\t\t\t\t<div class=\"elementor-wrapper elementor-open-inline\">\n\t\t\t<div class=\"elementor-video\"><\/div>\t\t<\/div>\n\t\t\t\t\t\t<\/div>\n\t\t\t\t<\/div>\n\t\t\t\t\t<\/div>\n\t\t<\/div>\n\t\t\t\t\t<\/div>\n\t\t<\/section>\n\t\t\t\t<section data-particle_enable=\"false\" data-particle-mobile-disabled=\"false\" class=\"elementor-section elementor-top-section elementor-element elementor-element-28af0ce elementor-section-boxed elementor-section-height-default elementor-section-height-default\" data-id=\"28af0ce\" data-element_type=\"section\" data-e-type=\"section\">\n\t\t\t\t\t\t<div class=\"elementor-container elementor-column-gap-default\">\n\t\t\t\t\t<div class=\"elementor-column elementor-col-100 elementor-top-column elementor-element elementor-element-ca67e11\" data-id=\"ca67e11\" data-element_type=\"column\" data-e-type=\"column\">\n\t\t\t<div class=\"elementor-widget-wrap elementor-element-populated\">\n\t\t\t\t\t\t<div class=\"elementor-element elementor-element-4eae875 elementor-widget elementor-widget-text-editor\" data-id=\"4eae875\" data-element_type=\"widget\" data-e-type=\"widget\" data-widget_type=\"text-editor.default\">\n\t\t\t\t<div class=\"elementor-widget-container\">\n\t\t\t\t\t\t\t\t\t<h2>\u00bfPor qu\u00e9 elegir Invisalign?<\/h2>\n<p>Invisalign ofrece varias ventajas sobre los aparatos met\u00e1licos tradicionales, lo que lo convierte en una opci\u00f3n ideal para muchos pacientes:<\/p>\n<ul>\n<li><strong>Discretos<\/strong>: Endereza tus dientes sin la apariencia de alambres y brackets met\u00e1licos.<\/li>\n<li><strong>C\u00f3modos<\/strong>: Qu\u00edtate los alineadores cuando lo necesites para realizar tus actividades diarias sin alterar tu horario.<\/li>\n<li><strong>Amigable con tu estilo de vida<\/strong>: Perfecta para profesionales, deportistas y ocasiones especiales, ofrece flexibilidad en tu rutina.<\/li>\n<li><strong>Eficaces<\/strong>: Disfruta de menos visitas a la consulta y tiempos de tratamiento m\u00e1s r\u00e1pidos que con los aparatos tradicionales.<\/li>\n<\/ul>\n<h2>Opciones Invisalign para todas las edades<\/h2>\n<p>En Ortodoncia BellaSmiles, ofrecemos tratamientos Invisalign para cada etapa de la vida, garantizando que tanto ni\u00f1os como adultos puedan beneficiarse de esta avanzada tecnolog\u00eda:<\/p>\n<h3>Invisalign Primero<\/h3>\n<p>Dise\u00f1ado para los ni\u00f1os m\u00e1s peque\u00f1os, Invisalign First aborda necesidades dentales \u00fanicas, como alinear los dientes, ampliar las arcadas y crear espacio para los dientes permanentes. Es una gran opci\u00f3n temprana para garantizar que la sonrisa de tu hijo se desarrolle adecuadamente. <\/p>\n<h3>Invisalign Adolescentes<\/h3>\n<p>Invisalign Teen es ideal para adolescentes, ya que ofrece una soluci\u00f3n discreta y eficaz para enderezar los dientes sin interferir en su estilo de vida activo ni en las ocasiones especiales.<\/p>\n<h2>Coste de Invisalign<\/h2>\n<p>Invertir en tu sonrisa es invertir en ti mismo. En Ortodoncia BellaSmiles sabemos que <a href=\"https:\/\/bellasmilesortho.com\/es\/financiacion-facil\/\">el coste<\/a> es importante, por eso ofrecemos opciones de pago flexibles. El precio del tratamiento Invisalign var\u00eda en funci\u00f3n de factores como las necesidades dentales, la duraci\u00f3n del tratamiento y la personalizaci\u00f3n.  <\/p>\n<p>Ofrecemos una amplia gama de opciones de pago, entre ellas<\/p>\n<ul>\n<li><strong>Opciones de pago inicial bajo o nulo<\/strong>: Comienza tu tratamiento con unos costes iniciales m\u00ednimos.<\/li>\n<li><strong>Cuotas mensuales ampliadas<\/strong>: Financia tu tratamiento con cuotas mensuales sin intereses.<\/li>\n<li><strong>Compatible con el Plan Flex<\/strong>: Alinea tus pagos con tu cuenta de gastos flexible para mayor comodidad.<\/li>\n<li><strong>Se aceptan las principales tarjetas de cr\u00e9dito<\/strong>: Se aceptan las principales tarjetas de cr\u00e9dito para los pagos.<\/li>\n<\/ul>\n<p>Muchos planes de seguro dental ofrecen cobertura para tratamientos de ortodoncia como Invisalign. Te ayudaremos a verificar la cobertura de tu seguro y a maximizar tus prestaciones para asegurarnos de que recibes todas las ventajas de tu plan. <\/p>\n<h2>\u00bfC\u00f3mo funciona Invisalign?<\/h2>\n<p><span style=\"box-sizing: border-box; margin: 0px; padding: 0px;\">Invisalign utiliza una serie de alineadores personalizados que con el tiempo van colocando gradualmente tus dientes en su posici\u00f3n correcta. Programaremos revisiones peri\u00f3dicas para proporcionarte nuevos alineadores a medida que avance tu tratamiento y para controlar los cambios en tu sonrisa.   <\/span><\/p>\n<p><span style=\"box-sizing: border-box; margin: 0px; padding: 0px;\">Tendr\u00e1s que cambiarte los alineadores transparentes con frecuencia, seg\u00fan te indique el m\u00e9dico. Es crucial que sigas estas instrucciones para conseguir la sonrisa que deseas. Todo tu plan de tratamiento se desarrolla mediante avanzadas im\u00e1genes por ordenador en 3-D, que proporcionan una vista previa virtual de la transformaci\u00f3n de tu sonrisa de principio a fin.  <\/span><\/p>\n<h2>\u00bfListo para transformar tu sonrisa?<\/h2>\n<p>Tanto si eres adulto, adolescente o buscas una soluci\u00f3n para tu hijo, BellaSmiles Ortodoncia en Orlando, FL, est\u00e1 aqu\u00ed para ayudarte. Reserva hoy mismo tu <a href=\"https:\/\/bellasmilesortho.com\/request-an-appointment\/\">consulta<\/a> gratuita sobre Invisalign con el Dr. Ortega y descubre c\u00f3mo Invisalign puede ofrecerte una soluci\u00f3n discreta, c\u00f3moda y eficaz para conseguir una sonrisa m\u00e1s recta. <\/p>\n\t\t\t\t\t\t\t\t<\/div>\n\t\t\t\t<\/div>\n\t\t\t\t\t<\/div>\n\t\t<\/div>\n\t\t\t\t\t<\/div>\n\t\t<\/section>\n\t\t\t\t<\/div>\n\t\t","protected":false},"excerpt":{"rendered":"<p>Invisalign para el tratamiento de ortodoncia en Orlando, FL En Ortodoncia BellaSmiles, la Dra. Naila Ortega se enorgullece de ofrecer Invisalign\u00ae, la forma discreta y eficaz de alinear tus dientes sin necesidad de aparatos met\u00e1licos tradicionales. Como proveedora certificada de Invisalign, la Dra. Ortega ha ayudado a numerosos pacientes a conseguir su sonrisa ideal con esta avanzada soluci\u00f3n [&hellip;]<\/p>\n","protected":false},"author":2,"featured_media":0,"parent":0,"menu_order":56,"comment_status":"closed","ping_status":"closed","template":"","meta":{"_seopress_robots_primary_cat":"","_seopress_titles_title":"Invisalign Orlando FL alineadores transparentes | BellaSmiles Orthodontics","_seopress_titles_desc":"En Orlando, FL, BellaSmiles Orthodontics ofrece los alineadores transparentes Invisalign, un tratamiento de ortodoncia discreto y eficaz para todas las edades, con una atenci\u00f3n c\u00f3moda.","_seopress_robots_index":"","footnotes":""},"class_list":["post-6311","page","type-page","status-publish"],"_links":{"self":[{"href":"https:\/\/bellasmilesortho.com\/es\/wp-json\/wp\/v2\/pages\/6311","targetHints":{"allow":["GET"]}}],"collection":[{"href":"https:\/\/bellasmilesortho.com\/es\/wp-json\/wp\/v2\/pages"}],"about":[{"href":"https:\/\/bellasmilesortho.com\/es\/wp-json\/wp\/v2\/types\/page"}],"author":[{"embeddable":true,"href":"https:\/\/bellasmilesortho.com\/es\/wp-json\/wp\/v2\/users\/2"}],"replies":[{"embeddable":true,"href":"https:\/\/bellasmilesortho.com\/es\/wp-json\/wp\/v2\/comments?post=6311"}],"version-history":[{"count":2,"href":"https:\/\/bellasmilesortho.com\/es\/wp-json\/wp\/v2\/pages\/6311\/revisions"}],"predecessor-version":[{"id":6464,"href":"https:\/\/bellasmilesortho.com\/es\/wp-json\/wp\/v2\/pages\/6311\/revisions\/6464"}],"wp:attachment":[{"href":"https:\/\/bellasmilesortho.com\/es\/wp-json\/wp\/v2\/media?parent=6311"}],"curies":[{"name":"wp","href":"https:\/\/api.w.org\/{rel}","templated":true}]}}