{"id":6303,"date":"2017-02-06T01:29:19","date_gmt":"2017-02-06T01:29:19","guid":{"rendered":"https:\/\/bellasmilesortho.com\/financiacion-facil\/"},"modified":"2024-12-20T05:59:35","modified_gmt":"2024-12-20T05:59:35","slug":"financiacion-facil","status":"publish","type":"page","link":"https:\/\/bellasmilesortho.com\/es\/financiacion-facil\/","title":{"rendered":"Financiaci\u00f3n f\u00e1cil"},"content":{"rendered":"\t\t<div data-elementor-type=\"wp-page\" data-elementor-id=\"6303\" class=\"elementor elementor-6303 elementor-26\" data-elementor-post-type=\"page\">\n\t\t\t\t\t\t<section data-particle_enable=\"false\" data-particle-mobile-disabled=\"false\" class=\"elementor-section elementor-top-section elementor-element elementor-element-40f81338 elementor-section-boxed elementor-section-height-default elementor-section-height-default\" data-id=\"40f81338\" data-element_type=\"section\" data-e-type=\"section\">\n\t\t\t\t\t\t<div class=\"elementor-container elementor-column-gap-default\">\n\t\t\t\t\t<div class=\"elementor-column elementor-col-100 elementor-top-column elementor-element elementor-element-309aeccf\" data-id=\"309aeccf\" data-element_type=\"column\" data-e-type=\"column\">\n\t\t\t<div class=\"elementor-widget-wrap elementor-element-populated\">\n\t\t\t\t\t\t<div class=\"elementor-element elementor-element-376fec3f elementor-widget elementor-widget-text-editor\" data-id=\"376fec3f\" data-element_type=\"widget\" data-e-type=\"widget\" data-widget_type=\"text-editor.default\">\n\t\t\t\t<div class=\"elementor-widget-container\">\n\t\t\t\t\t\t\t\t\t<p>En BellaSmile Orthodontics, nuestro objetivo es que el tratamiento de ortodoncia sea asequible para todos. El coste del tratamiento var\u00eda en funci\u00f3n de tus necesidades individuales y de los detalles de tu plan de tratamiento personalizado. Durante tu <a href=\"https:\/\/bellasmilesortho.com\/es\/primera-visita\/\">consulta inicial<\/a>, nuestro <a href=\"https:\/\/bellasmilesortho.com\/es\/nuestro-equipo\/\">personal<\/a> te explicar\u00e1 el coste de tu tratamiento y te presentar\u00e1 las opciones de planes de pago disponibles.  <\/p>\n<p>Esto garantiza que puedas tomar una decisi\u00f3n informada que se adapte tanto a tus necesidades como a tu sonrisa. Trabajaremos estrechamente contigo para crear un plan de pagos que se ajuste a tu presupuesto, de modo que sepas qu\u00e9 esperar antes de empezar el tratamiento. <\/p>\n<h3>La tarifa de tu tratamiento incluye:<\/h3>\n<ul>\n<li>Historiales completos y radiograf\u00edas<\/li>\n<li>Todos los aparatos de ortodoncia<\/li>\n<li>Todas las visitas de ortodoncia programadas, incluidas <a href=\"https:\/\/bellasmilesortho.com\/es\/atencion-de-urgencias\/\">las urgencias<\/a><\/li>\n<li>Un juego de <a href=\"https:\/\/bellasmilesortho.com\/es\/retenedores-de-ortodoncia\/\">retenedores<\/a> al finalizar el tratamiento<\/li>\n<\/ul>\n<p>Durante tu <a href=\"https:\/\/bellasmilesortho.com\/es\/pide-una-cita\/\">consulta de<\/a> ortodoncia gratuita, revisaremos todos los honorarios asociados a tu tratamiento, junto con las opciones financieras disponibles. Nuestra prioridad es ofrecer una atenci\u00f3n ortod\u00f3ncica de la m\u00e1xima calidad a un precio asequible para ti y tu familia. <\/p>\n<h3>Planes de pago asequibles<\/h3>\n<p>Tu sonrisa es una inversi\u00f3n para toda la vida, y nuestro objetivo es que te resulte lo m\u00e1s sencillo posible recibir una ortodoncia excelente cuando la necesites.<\/p>\n<ul>\n<li><strong>Opciones de pago flexibles<\/strong>: Aceptamos la mayor\u00eda de las principales tarjetas de cr\u00e9dito y planes de seguro, lo que te permite elegir lo que mejor se adapte a tu presupuesto.<\/li>\n<li><strong>Asistencia con el seguro<\/strong>: Si tu seguro cubre alguna parte de tu tratamiento de ortodoncia, nuestro experimentado personal se encargar\u00e1 de las reclamaciones y el papeleo para que el proceso no sea estresante.<\/li>\n<\/ul>\n<p>Para mayor comodidad, <a href=\"https:\/\/bellasmilesortho.com\/es\/conoce-al-dra-ortega\/\">la Dra. Naila Ortega<\/a> tambi\u00e9n ofrece la opci\u00f3n de realizar giros autom\u00e1ticos desde cuentas corrientes o tarjetas de cr\u00e9dito.<\/p>\n<p>No dudes en ponerte en contacto con nosotros si tienes preguntas sobre la cobertura de tu seguro o sugerencias sobre c\u00f3mo podemos mejorar tu experiencia ortod\u00f3ncica.<\/p>\n<h3>Seguros aceptados<\/h3>\n<p>Trabajamos con una amplia gama de proveedores de seguros, incluidos:<\/p>\n<ul>\n<li>Aetna PPO (Paraguas Premier)<\/li>\n<li>Ameritas<\/li>\n<li>Anthem | Unicare PPO<\/li>\n<li>Blue Cross Blue Shield PPO<\/li>\n<li>Argus PPO<\/li>\n<li>Sunlife PPO<\/li>\n<li>Careington Platino PPO<\/li>\n<li>Careington Care PPO<\/li>\n<li>Cigna PPO<\/li>\n<li>GEHA<\/li>\n<li>PPO Delta<\/li>\n<li>Delta Premier<\/li>\n<li>Dentegra<\/li>\n<li>FCL \/ BCBS Federal<\/li>\n<li>Guardian PPO<\/li>\n<li>Humana<\/li>\n<li>MetLife PPO<\/li>\n<li>Premier<\/li>\n<li>Principal<\/li>\n<li>Concordia Unida<\/li>\n<li>United Healthcare<\/li>\n<li>Zelis | Maverest<\/li>\n<\/ul>\n<p>Estamos aqu\u00ed para asegurarnos de que la ortodoncia se adapta perfectamente a tu estilo de vida y a tu presupuesto. D\u00e9janos guiarte en cada paso para conseguir la sonrisa de tus sue\u00f1os. <\/p>\n\t\t\t\t\t\t\t\t<\/div>\n\t\t\t\t<\/div>\n\t\t\t\t\t<\/div>\n\t\t<\/div>\n\t\t\t\t\t<\/div>\n\t\t<\/section>\n\t\t\t\t<\/div>\n\t\t","protected":false},"excerpt":{"rendered":"<p>En BellaSmile Orthodontics, nuestro objetivo es que el tratamiento de ortodoncia sea asequible para todos. El coste del tratamiento var\u00eda en funci\u00f3n de tus necesidades individuales y de los detalles de tu plan de tratamiento personalizado. Durante tu consulta inicial, nuestro personal te explicar\u00e1 el coste de tu tratamiento y te presentar\u00e1 las opciones de planes de pago [&hellip;]<\/p>\n","protected":false},"author":2,"featured_media":0,"parent":0,"menu_order":18,"comment_status":"closed","ping_status":"closed","template":"","meta":{"_seopress_robots_primary_cat":"","_seopress_titles_title":"Financiaci\u00f3n de Frenillos e Invisalign | BellaSmiles Orthodontics en Orlando FL","_seopress_titles_desc":"BellaSmile Orthodontics en Orlando, FL, hace que conseguir la sonrisa de tus sue\u00f1os sea asequible con m\u00faltiples opciones de financiaci\u00f3n y seguros que se ajustan a tu presupuesto.","_seopress_robots_index":"","footnotes":""},"class_list":["post-6303","page","type-page","status-publish"],"_links":{"self":[{"href":"https:\/\/bellasmilesortho.com\/es\/wp-json\/wp\/v2\/pages\/6303","targetHints":{"allow":["GET"]}}],"collection":[{"href":"https:\/\/bellasmilesortho.com\/es\/wp-json\/wp\/v2\/pages"}],"about":[{"href":"https:\/\/bellasmilesortho.com\/es\/wp-json\/wp\/v2\/types\/page"}],"author":[{"embeddable":true,"href":"https:\/\/bellasmilesortho.com\/es\/wp-json\/wp\/v2\/users\/2"}],"replies":[{"embeddable":true,"href":"https:\/\/bellasmilesortho.com\/es\/wp-json\/wp\/v2\/comments?post=6303"}],"version-history":[{"count":3,"href":"https:\/\/bellasmilesortho.com\/es\/wp-json\/wp\/v2\/pages\/6303\/revisions"}],"predecessor-version":[{"id":6477,"href":"https:\/\/bellasmilesortho.com\/es\/wp-json\/wp\/v2\/pages\/6303\/revisions\/6477"}],"wp:attachment":[{"href":"https:\/\/bellasmilesortho.com\/es\/wp-json\/wp\/v2\/media?parent=6303"}],"curies":[{"name":"wp","href":"https:\/\/api.w.org\/{rel}","templated":true}]}}