{"id":6302,"date":"2017-02-13T10:54:53","date_gmt":"2017-02-13T10:54:53","guid":{"rendered":"https:\/\/bellasmilesortho.com\/politica-antispam\/"},"modified":"2024-12-20T03:23:27","modified_gmt":"2024-12-20T03:23:27","slug":"politica-antispam","status":"publish","type":"page","link":"https:\/\/bellasmilesortho.com\/es\/politica-antispam\/","title":{"rendered":"Pol\u00edtica antispam"},"content":{"rendered":"\t\t<div data-elementor-type=\"wp-page\" data-elementor-id=\"6302\" class=\"elementor elementor-6302 elementor-1475\" data-elementor-post-type=\"page\">\n\t\t\t\t\t\t<section data-particle_enable=\"false\" data-particle-mobile-disabled=\"false\" class=\"elementor-section elementor-top-section elementor-element elementor-element-639dcf57 elementor-section-boxed elementor-section-height-default elementor-section-height-default\" data-id=\"639dcf57\" data-element_type=\"section\" data-e-type=\"section\">\n\t\t\t\t\t\t<div class=\"elementor-container elementor-column-gap-default\">\n\t\t\t\t\t<div class=\"elementor-column elementor-col-100 elementor-top-column elementor-element elementor-element-682d3ca4\" data-id=\"682d3ca4\" data-element_type=\"column\" data-e-type=\"column\">\n\t\t\t<div class=\"elementor-widget-wrap elementor-element-populated\">\n\t\t\t\t\t\t<div class=\"elementor-element elementor-element-5d01f6be elementor-widget elementor-widget-text-editor\" data-id=\"5d01f6be\" data-element_type=\"widget\" data-e-type=\"widget\" data-widget_type=\"text-editor.default\">\n\t\t\t\t<div class=\"elementor-widget-container\">\n\t\t\t\t\t\t\t\t\t<h2>\u00bfQu\u00e9 es el spam?<\/h2>\n<p>Se suele considerar spam al correo electr\u00f3nico basura o a las publicaciones basura en grupos de noticias. Algunas personas definen el spam de forma a\u00fan m\u00e1s general como cualquier correo electr\u00f3nico no solicitado. Sin embargo, si un hermano perdido hace tiempo encuentra tu direcci\u00f3n de correo electr\u00f3nico y te env\u00eda un mensaje, dif\u00edcilmente podr\u00eda llamarse spam, aunque sea no solicitado. El verdadero spam suele ser publicidad por correo electr\u00f3nico de alg\u00fan producto enviado a una lista de correo o a un grupo de noticias. Adem\u00e1s de hacer perder el tiempo a la gente con correo electr\u00f3nico no deseado, el spam tambi\u00e9n consume mucho ancho de banda de la red.<\/p>\n<p>En consecuencia, hay muchas organizaciones, as\u00ed como particulares, que se han propuesto luchar contra el spam con diversas t\u00e9cnicas. Pero como Internet es p\u00fablico, realmente poco se puede hacer para evitar el spam, del mismo modo que es imposible evitar el correo basura. Sin embargo, algunos servicios en l\u00ednea han establecido pol\u00edticas para impedir que los spammers env\u00eden correo basura a sus abonados.<\/p>\n<p>Nuestra consulta tiene una pol\u00edtica de tolerancia cero contra el spam.<\/p>\n<h2>Recepci\u00f3n de mensajes no deseados<\/h2>\n<p>En el improbable caso de que recibas alg\u00fan mensaje de nuestra consulta que pueda considerarse spam, ponte en contacto con nosotros utilizando los datos que figuran a continuaci\u00f3n y se investigar\u00e1 el asunto.<\/p>\n<h2>Cambios en esta pol\u00edtica anti-spam<\/h2>\n<p>Nuestra pr\u00e1ctica puede cambiar esta pol\u00edtica anti-spam en cualquier momento publicando una nueva versi\u00f3n en este sitio web.<\/p>\n<p>Recurso Spam de Al Iverson<\/p>\n<p>T\u00e9cnicas antispam &#8211; Wikipedia<\/p>\n<p>Si tienes alguna pregunta sobre esta pol\u00edtica anti-spam, ponte en contacto con nosotros utilizando los datos que se indican a continuaci\u00f3n:<\/p>\n\t\t\t\t\t\t\t\t<\/div>\n\t\t\t\t<\/div>\n\t\t\t\t<div class=\"elementor-element elementor-element-adb7384 elementor-widget elementor-widget-text-editor\" data-id=\"adb7384\" data-element_type=\"widget\" data-e-type=\"widget\" data-widget_type=\"text-editor.default\">\n\t\t\t\t<div class=\"elementor-widget-container\">\n\t\t\t\t\t\t\t\t\t<h2>Ortodoncia BellaSmiles<\/h2>\n<div>\n<h3>Naila Ortega, DDS<\/h3>\n<div>\n<p><strong>Direcci\u00f3n:<\/strong><br \/>12001 Avalon Lake Drive, Suite K<br \/>Orlando, FL 32828<\/p>\n<\/div>\n<p><strong>Tel\u00e9fono:<\/strong> (407) 680-3197<\/p>\n<\/div>\n\t\t\t\t\t\t\t\t<\/div>\n\t\t\t\t<\/div>\n\t\t\t\t\t<\/div>\n\t\t<\/div>\n\t\t\t\t\t<\/div>\n\t\t<\/section>\n\t\t\t\t<\/div>\n\t\t","protected":false},"excerpt":{"rendered":"<p>\u00bfQu\u00e9 es el spam? Se suele considerar spam al correo electr\u00f3nico basura o a las publicaciones basura en grupos de noticias. Algunas personas definen el spam de forma a\u00fan m\u00e1s general como cualquier correo electr\u00f3nico no solicitado. Sin embargo, si un hermano perdido hace tiempo encuentra tu direcci\u00f3n de correo electr\u00f3nico y te env\u00eda un mensaje, dif\u00edcilmente podr\u00eda [&hellip;]<\/p>\n","protected":false},"author":2,"featured_media":0,"parent":0,"menu_order":68,"comment_status":"closed","ping_status":"closed","template":"","meta":{"_seopress_robots_primary_cat":"","_seopress_titles_title":"Pol\u00edtica Anti Spam BellaSmiles Orthodontics en Orlando FL","_seopress_titles_desc":"BellaSmiles Orthodontics en Orlando, FL, mantiene una estricta pol\u00edtica anti-spam, garantizando que no se env\u00eden correos electr\u00f3nicos no solicitados a nuestros pacientes y protegiendo la privacidad.","_seopress_robots_index":"","footnotes":""},"class_list":["post-6302","page","type-page","status-publish"],"_links":{"self":[{"href":"https:\/\/bellasmilesortho.com\/es\/wp-json\/wp\/v2\/pages\/6302","targetHints":{"allow":["GET"]}}],"collection":[{"href":"https:\/\/bellasmilesortho.com\/es\/wp-json\/wp\/v2\/pages"}],"about":[{"href":"https:\/\/bellasmilesortho.com\/es\/wp-json\/wp\/v2\/types\/page"}],"author":[{"embeddable":true,"href":"https:\/\/bellasmilesortho.com\/es\/wp-json\/wp\/v2\/users\/2"}],"replies":[{"embeddable":true,"href":"https:\/\/bellasmilesortho.com\/es\/wp-json\/wp\/v2\/comments?post=6302"}],"version-history":[{"count":1,"href":"https:\/\/bellasmilesortho.com\/es\/wp-json\/wp\/v2\/pages\/6302\/revisions"}],"predecessor-version":[{"id":6308,"href":"https:\/\/bellasmilesortho.com\/es\/wp-json\/wp\/v2\/pages\/6302\/revisions\/6308"}],"wp:attachment":[{"href":"https:\/\/bellasmilesortho.com\/es\/wp-json\/wp\/v2\/media?parent=6302"}],"curies":[{"name":"wp","href":"https:\/\/api.w.org\/{rel}","templated":true}]}}