{"id":6301,"date":"2017-02-06T01:30:01","date_gmt":"2017-02-06T01:30:01","guid":{"rendered":"https:\/\/bellasmilesortho.com\/primera-visita\/"},"modified":"2024-12-20T03:10:25","modified_gmt":"2024-12-20T03:10:25","slug":"primera-visita","status":"publish","type":"page","link":"https:\/\/bellasmilesortho.com\/es\/primera-visita\/","title":{"rendered":"Primera visita"},"content":{"rendered":"\t\t<div data-elementor-type=\"wp-page\" data-elementor-id=\"6301\" class=\"elementor elementor-6301 elementor-28\" data-elementor-post-type=\"page\">\n\t\t\t\t\t\t<section data-particle_enable=\"false\" data-particle-mobile-disabled=\"false\" class=\"elementor-section elementor-top-section elementor-element elementor-element-600a6db2 elementor-section-boxed elementor-section-height-default elementor-section-height-default\" data-id=\"600a6db2\" data-element_type=\"section\" data-e-type=\"section\">\n\t\t\t\t\t\t<div class=\"elementor-container elementor-column-gap-default\">\n\t\t\t\t\t<div class=\"elementor-column elementor-col-100 elementor-top-column elementor-element elementor-element-10d72020\" data-id=\"10d72020\" data-element_type=\"column\" data-e-type=\"column\">\n\t\t\t<div class=\"elementor-widget-wrap elementor-element-populated\">\n\t\t\t\t\t\t<div class=\"elementor-element elementor-element-5472c7d1 elementor-widget elementor-widget-text-editor\" data-id=\"5472c7d1\" data-element_type=\"widget\" data-e-type=\"widget\" data-widget_type=\"text-editor.default\">\n\t\t\t\t<div class=\"elementor-widget-container\">\n\t\t\t\t\t\t\t\t\t<p>En BellaSmiles Orthodontics, nuestro mayor objetivo es proporcionarte la sonrisa sana, recta y bonita que siempre has deseado. Elegir la ortodoncia es una decisi\u00f3n importante, y respetamos tus motivos para querer mejorar tu aspecto y sentirte mejor. <\/p>\n<p>Estaremos contigo en cada paso del camino para asegurarnos de que tu experiencia ortod\u00f3ncica sea lo m\u00e1s gratificante posible. Utilizando la tecnolog\u00eda m\u00e1s avanzada, ofrecemos una variedad de opciones de tratamiento seguras y suaves para proporcionarte la atenci\u00f3n individualizada que te mereces. <\/p>\n<h2>Toda sonrisa comienza con una consulta inicial<\/h2>\n<p>Tu consulta inicial es el primer paso hacia la sonrisa de tus sue\u00f1os. Esta visita te permitir\u00e1 conocer a nuestro equipo, aprender m\u00e1s sobre ortodoncia y recibir un examen inicial completo. Durante esta cita:  <\/p>\n<ul>\n<li>Revisa tus formularios de historial dental y m\u00e9dico.<\/li>\n<li>Realiza un examen bucal completo, con radiograf\u00edas, para determinar si es necesario un tratamiento.<\/li>\n<li>Desarrollar un plan de tratamiento personalizado adaptado a tus necesidades.<\/li>\n<li>Discute toda la informaci\u00f3n financiera, las opciones de seguro y los planes de pago.<\/li>\n<\/ul>\n<p>El objetivo de este examen es responder a preguntas importantes, entre ellas:<\/p>\n<ul>\n<li>\u00bfQu\u00e9 tipo de problema hay, si lo hay?<\/li>\n<li>\u00bfCu\u00e1ndo es el momento adecuado para iniciar el tratamiento?<\/li>\n<li>\u00bfQu\u00e9 tipo de tratamiento est\u00e1 indicado?<\/li>\n<li>\u00bfCu\u00e1nto durar\u00e1 el tratamiento?<\/li>\n<li>\u00bfCu\u00e1nto costar\u00e1 el tratamiento?<\/li>\n<\/ul>\n<p>Nuestro equipo estar\u00e1 encantado de responder a cualquier pregunta que puedas tener y proporcionarte toda la informaci\u00f3n necesaria para decidir cu\u00e1l es la mejor opci\u00f3n de tratamiento para ti. <a href=\"https:\/\/bellasmilesortho.com\/es\/oficina-de-avalon-park\/\">Ponte en contacto con nuestra consulta<\/a> hoy mismo para programar tu <a href=\"https:\/\/bellasmilesortho.com\/es\/pide-una-cita\/\">consulta gratuita<\/a>.<\/p>\n<h2>\u00bfQu\u00e9 ocurre despu\u00e9s de la consulta inicial?<\/h2>\n<p>\u00a1Est\u00e1s un paso m\u00e1s cerca de conseguir la sonrisa que siempre has deseado! Tras tu consulta, programaremos tu primera cita, durante la cual <a href=\"https:\/\/bellasmilesortho.com\/es\/conoce-al-dra-ortega\/\">la Dra. Naila<\/a> Ortega colocar\u00e1 tu nuevo aparato de ortodoncia. Esta cita suele durar aproximadamente una hora, y nuestro equipo estar\u00e1 disponible para asegurarse de que est\u00e9s lo m\u00e1s c\u00f3modo posible durante todo el proceso.  <\/p>\n<h2>Comprender el coste del tratamiento<\/h2>\n<p>El <a href=\"https:\/\/bellasmilesortho.com\/es\/financiacion-facil\/\">coste<\/a> del tratamiento depende de la gravedad de las necesidades ortod\u00f3ncicas del paciente. Durante la consulta inicial, nuestro coordinador de tratamiento hablar\u00e1 de las tarifas y las opciones de pago. <\/p>\n<p>Nos esforzamos por hacer asequible la ortodoncia ofreciendo:<\/p>\n<ul>\n<li>Planes de pago flexibles adaptados a tu presupuesto.<\/li>\n<li>Aceptaci\u00f3n de la mayor\u00eda de los planes de seguros.<\/li>\n<\/ul>\n<p>Nuestro objetivo es ayudar a cada paciente a conseguir una sonrisa perfecta.<\/p>\n<h2>Programar citas<\/h2>\n<p>Las visitas regulares cada cuatro u ocho semanas son esenciales para el progreso de tu tratamiento. Cuando programes tu cita, ind\u00edcanos tus d\u00edas y horas preferidos, y haremos todo lo posible por complacerte.<\/p>\n<p>Si se te hace tarde o necesitas cambiar la cita, ll\u00e1manos y encontraremos una soluci\u00f3n. \u00bfListo para reservar tu primera <a href=\"https:\/\/bellasmilesortho.com\/es\/pide-una-cita\/\">cita<\/a>? Ponte en contacto con nuestra oficina hoy mismo y nuestro amable coordinador de citas te ayudar\u00e1.<\/p>\n<h2>Visitar al dentista durante el tratamiento de ortodoncia<\/h2>\n<p>Es vital que visites a tu dentista de cabecera cada seis meses para que te limpie los dientes y te haga revisiones dentales rutinarias, incluso mientras sigues un tratamiento de ortodoncia. Si necesitas atenci\u00f3n dental adicional, estaremos encantados de coordinarnos con tu dentista de cabecera para asegurarnos de que recibes la mejor atenci\u00f3n posible.<\/p>\n\t\t\t\t\t\t\t\t<\/div>\n\t\t\t\t<\/div>\n\t\t\t\t\t<\/div>\n\t\t<\/div>\n\t\t\t\t\t<\/div>\n\t\t<\/section>\n\t\t\t\t<\/div>\n\t\t","protected":false},"excerpt":{"rendered":"<p>En BellaSmiles Orthodontics, nuestro mayor objetivo es proporcionarte la sonrisa sana, recta y bonita que siempre has deseado. Elegir la ortodoncia es una decisi\u00f3n importante, y respetamos tus motivos para querer mejorar tu aspecto y sentirte mejor. Estaremos contigo en cada paso del camino para asegurarnos de que tu experiencia ortod\u00f3ncica sea lo m\u00e1s gratificante posible. Utilizando la [&hellip;]<\/p>\n","protected":false},"author":2,"featured_media":0,"parent":0,"menu_order":16,"comment_status":"closed","ping_status":"closed","template":"","meta":{"_seopress_robots_primary_cat":"","_seopress_titles_title":"Primera visita de ortodoncia en BellaSmiles Orthodontics","_seopress_titles_desc":"La Dra. Naila Ortega, ortodoncista de BellaSmiles Orthodontics en Orlando, FL, te ofrece una atenci\u00f3n personalizada, discutiendo las opciones de tratamiento durante tu primera visita.","_seopress_robots_index":"","footnotes":""},"class_list":["post-6301","page","type-page","status-publish"],"_links":{"self":[{"href":"https:\/\/bellasmilesortho.com\/es\/wp-json\/wp\/v2\/pages\/6301","targetHints":{"allow":["GET"]}}],"collection":[{"href":"https:\/\/bellasmilesortho.com\/es\/wp-json\/wp\/v2\/pages"}],"about":[{"href":"https:\/\/bellasmilesortho.com\/es\/wp-json\/wp\/v2\/types\/page"}],"author":[{"embeddable":true,"href":"https:\/\/bellasmilesortho.com\/es\/wp-json\/wp\/v2\/users\/2"}],"replies":[{"embeddable":true,"href":"https:\/\/bellasmilesortho.com\/es\/wp-json\/wp\/v2\/comments?post=6301"}],"version-history":[{"count":3,"href":"https:\/\/bellasmilesortho.com\/es\/wp-json\/wp\/v2\/pages\/6301\/revisions"}],"predecessor-version":[{"id":6429,"href":"https:\/\/bellasmilesortho.com\/es\/wp-json\/wp\/v2\/pages\/6301\/revisions\/6429"}],"wp:attachment":[{"href":"https:\/\/bellasmilesortho.com\/es\/wp-json\/wp\/v2\/media?parent=6301"}],"curies":[{"name":"wp","href":"https:\/\/api.w.org\/{rel}","templated":true}]}}