{"id":6300,"date":"2017-02-06T01:30:55","date_gmt":"2017-02-06T01:30:55","guid":{"rendered":"https:\/\/bellasmilesortho.com\/atencion-de-urgencias\/"},"modified":"2024-12-20T05:31:52","modified_gmt":"2024-12-20T05:31:52","slug":"atencion-de-urgencias","status":"publish","type":"page","link":"https:\/\/bellasmilesortho.com\/es\/atencion-de-urgencias\/","title":{"rendered":"Atenci\u00f3n de urgencias"},"content":{"rendered":"\t\t<div data-elementor-type=\"wp-page\" data-elementor-id=\"6300\" class=\"elementor elementor-6300 elementor-30\" data-elementor-post-type=\"page\">\n\t\t\t\t\t\t<section data-particle_enable=\"false\" data-particle-mobile-disabled=\"false\" class=\"elementor-section elementor-top-section elementor-element elementor-element-39133a2d elementor-section-boxed elementor-section-height-default elementor-section-height-default\" data-id=\"39133a2d\" data-element_type=\"section\" data-e-type=\"section\">\n\t\t\t\t\t\t<div class=\"elementor-container elementor-column-gap-default\">\n\t\t\t\t\t<div class=\"elementor-column elementor-col-100 elementor-top-column elementor-element elementor-element-423a050a\" data-id=\"423a050a\" data-element_type=\"column\" data-e-type=\"column\">\n\t\t\t<div class=\"elementor-widget-wrap elementor-element-populated\">\n\t\t\t\t\t\t<div class=\"elementor-element elementor-element-3c018611 elementor-widget elementor-widget-text-editor\" data-id=\"3c018611\" data-element_type=\"widget\" data-e-type=\"widget\" data-widget_type=\"text-editor.default\">\n\t\t\t\t<div class=\"elementor-widget-container\">\n\t\t\t\t\t\t\t\t\t<p>Las urgencias ortod\u00f3ncicas son raras, pero estamos aqu\u00ed para ayudar cuando ocurren. Tanto si se trata de un problema con tus frenillos como de una lesi\u00f3n en la boca, saber qu\u00e9 hacer puede minimizar las molestias y evitar complicaciones mayores. A continuaci\u00f3n, te orientamos sobre c\u00f3mo tratar las urgencias m\u00e1s frecuentes y cu\u00e1ndo buscar atenci\u00f3n profesional.  <\/p>\n\t\t\t\t\t\t\t\t<\/div>\n\t\t\t\t<\/div>\n\t\t\t\t\t<\/div>\n\t\t<\/div>\n\t\t\t\t\t<\/div>\n\t\t<\/section>\n\t\t<div data-particle_enable=\"false\" data-particle-mobile-disabled=\"false\" class=\"elementor-element elementor-element-8000331 e-flex e-con-boxed e-con e-parent\" data-id=\"8000331\" data-element_type=\"container\" data-e-type=\"container\">\n\t\t\t\t\t<div class=\"e-con-inner\">\n\t\t\t\t<div class=\"elementor-element elementor-element-fe38801 elementor-widget elementor-widget-video\" data-id=\"fe38801\" data-element_type=\"widget\" data-e-type=\"widget\" data-settings=\"{&quot;youtube_url&quot;:&quot;https:\\\/\\\/youtu.be\\\/XtoWJkqNAJ0&quot;,&quot;video_type&quot;:&quot;youtube&quot;,&quot;controls&quot;:&quot;yes&quot;}\" data-widget_type=\"video.default\">\n\t\t\t\t<div class=\"elementor-widget-container\">\n\t\t\t\t\t\t\t<div class=\"elementor-wrapper elementor-open-inline\">\n\t\t\t<div class=\"elementor-video\"><\/div>\t\t<\/div>\n\t\t\t\t\t\t<\/div>\n\t\t\t\t<\/div>\n\t\t\t\t\t<\/div>\n\t\t\t\t<\/div>\n\t\t\t\t<section data-particle_enable=\"false\" data-particle-mobile-disabled=\"false\" class=\"elementor-section elementor-top-section elementor-element elementor-element-b31274a elementor-section-boxed elementor-section-height-default elementor-section-height-default\" data-id=\"b31274a\" data-element_type=\"section\" data-e-type=\"section\">\n\t\t\t\t\t\t<div class=\"elementor-container elementor-column-gap-default\">\n\t\t\t\t\t<div class=\"elementor-column elementor-col-100 elementor-top-column elementor-element elementor-element-fb7423e\" data-id=\"fb7423e\" data-element_type=\"column\" data-e-type=\"column\">\n\t\t\t<div class=\"elementor-widget-wrap elementor-element-populated\">\n\t\t\t\t\t\t<div class=\"elementor-element elementor-element-432d9c1 elementor-widget elementor-widget-text-editor\" data-id=\"432d9c1\" data-element_type=\"widget\" data-e-type=\"widget\" data-widget_type=\"text-editor.default\">\n\t\t\t\t<div class=\"elementor-widget-container\">\n\t\t\t\t\t\t\t\t\t<h2>Tipos de urgencias ortod\u00f3ncicas<\/h2>\n<h3>Urgencias relacionadas con aparatos de ortodoncia<\/h3>\n<p>Los aparatos a veces pueden romperse, doblarse o causar molestias. Si observas problemas como bandas sueltas, brackets flojos o alambres punzantes, llama a nuestra consulta en horario de atenci\u00f3n al paciente para concertar una <a href=\"https:\/\/bellasmilesortho.com\/es\/pide-una-cita\/\">cita<\/a>. Para tu comodidad y la eficacia de las visitas programadas, las urgencias no pueden atenderse sin cita previa.  <\/p>\n<p>Mientras tanto, aqu\u00ed tienes algunos consejos \u00fatiles para un alivio temporal:<\/p>\n<ul>\n<li>\n<p><strong>Brackets o bandas sueltos<\/strong>:<br \/>D\u00e9jalos en su sitio si es posible. Llama a nuestra oficina para concertar una cita de reparaci\u00f3n. <\/p>\n<\/li>\n<li>\n<p><strong>Alambres pinchados o rotos<\/strong>:<br \/>Utiliza una goma de borrar para doblar suavemente el alambre y apartarlo o c\u00fabrelo con cera ortod\u00f3ncica. Si es necesario, recorta cuidadosamente el alambre con un corta\u00fa\u00f1as esterilizado. <\/p>\n<\/li>\n<li>\n<p><strong>Alambres de corbata irritantes<\/strong>:<br \/>Cubre el alambre de corbata con cera de abeja o cera ortod\u00f3ncica, o m\u00e9telo suavemente bajo el arco de alambre utilizando un bastoncillo de algod\u00f3n o una goma de borrar.<\/p>\n<\/li>\n<li>\n<p><strong>Alambres deslizantes<\/strong>:<br \/>Utiliza pinzas o alicates de punta para recolocar el alambre y fijarlo en su sitio.<\/p>\n<\/li>\n<\/ul>\n<h3>Lesiones directas en la boca o los dientes<\/h3>\n<p>Durante el tratamiento de ortodoncia pueden producirse lesiones en la boca, sobre todo por deportes o accidentes. Si sufres una lesi\u00f3n directa <\/p>\n<ul>\n<li>\n<p><strong>Pasos iniciales<\/strong>:<br \/>Aplica hielo en la zona lesionada inmediatamente para reducir la hinchaz\u00f3n.<\/p>\n<\/li>\n<li>\n<p><strong>Ponte en contacto con tu dentista<\/strong>:<br \/>Si un diente se cae, se fractura o se desplaza, ponte en contacto primero con tu dentista general, ya que est\u00e1 equipado para tratar los traumatismos dentales y proporcionar la anestesia o los materiales necesarios.<\/p>\n<\/li>\n<li>\n<p><strong>Seguimiento de la ortodoncia<\/strong>:<br \/>Si tus aparatos de ortodoncia se han desplazado o da\u00f1ado, programa una visita a nuestra consulta despu\u00e9s de ver a tu dentista. Ajustaremos o sustituiremos los aparatos para asegurarnos de que tu tratamiento sigue por buen camino. <\/p>\n<\/li>\n<\/ul>\n<h2>Dolor general y peque\u00f1as molestias<\/h2>\n<ul>\n<li>\n<p><strong>Cuando se colocan los frenillos por primera vez<\/strong>:<br \/>Puedes experimentar dolor y sensibilidad durante tres a cinco d\u00edas. Lim\u00edtate a comer alimentos blandos y enju\u00e1gate la boca con agua salada tibia (1 cucharadita de sal en 8 onzas de agua) para aliviar las molestias. Los analg\u00e9sicos de venta libre, como el paracetamol (Tylenol\u00ae), pueden ayudar; sin embargo, evita el ibuprofeno y la aspirina, ya que pueden ralentizar el movimiento dental si se usan con frecuencia.  <\/p>\n<\/li>\n<li>\n<p><strong>Irritaci\u00f3n por los<\/strong> frenillos:<br \/>Los labios, las mejillas y la lengua pueden tardar de una a dos semanas en adaptarse a los aparatos. Aplica cera ortod\u00f3ncica en las zonas que causen irritaci\u00f3n para proteger los tejidos blandos. <\/p>\n<\/li>\n<\/ul>\n<h2>Emergencias fuera de horario<\/h2>\n<p>Si sientes dolor o molestias importantes fuera del horario de consulta, <a href=\"https:\/\/bellasmilesortho.com\/es\/oficina-de-avalon-park\/\">ponte en contacto con nosotros<\/a>. Nuestra informaci\u00f3n para fuera del horario de consulta te indicar\u00e1 c\u00f3mo ponerte en contacto con un miembro del equipo para que te ayude. <\/p>\n\t\t\t\t\t\t\t\t<\/div>\n\t\t\t\t<\/div>\n\t\t\t\t\t<\/div>\n\t\t<\/div>\n\t\t\t\t\t<\/div>\n\t\t<\/section>\n\t\t\t\t<\/div>\n\t\t","protected":false},"excerpt":{"rendered":"<p>Las urgencias ortod\u00f3ncicas son raras, pero estamos aqu\u00ed para ayudar cuando ocurren. Tanto si se trata de un problema con tus frenillos como de una lesi\u00f3n en la boca, saber qu\u00e9 hacer puede minimizar las molestias y evitar complicaciones mayores. A continuaci\u00f3n, te orientamos sobre c\u00f3mo tratar las urgencias m\u00e1s frecuentes y cu\u00e1ndo buscar atenci\u00f3n profesional. https:\/\/youtu.be\/XtoWJkqNAJ0 Tipos [&hellip;]<\/p>\n","protected":false},"author":2,"featured_media":0,"parent":0,"menu_order":42,"comment_status":"closed","ping_status":"closed","template":"","meta":{"_seopress_robots_primary_cat":"","_seopress_titles_title":"Urgencias de Ortodoncia BellaSmiles Orthodontics en Orlando FL","_seopress_titles_desc":"BellaSmiles Orthodontics en Orlando, FL, gu\u00eda en el manejo de las urgencias ortod\u00f3ncicas, desde brackets sueltos hasta lesiones bucales, para obtener alivio y una atenci\u00f3n adecuada.","_seopress_robots_index":"","footnotes":""},"class_list":["post-6300","page","type-page","status-publish"],"_links":{"self":[{"href":"https:\/\/bellasmilesortho.com\/es\/wp-json\/wp\/v2\/pages\/6300","targetHints":{"allow":["GET"]}}],"collection":[{"href":"https:\/\/bellasmilesortho.com\/es\/wp-json\/wp\/v2\/pages"}],"about":[{"href":"https:\/\/bellasmilesortho.com\/es\/wp-json\/wp\/v2\/types\/page"}],"author":[{"embeddable":true,"href":"https:\/\/bellasmilesortho.com\/es\/wp-json\/wp\/v2\/users\/2"}],"replies":[{"embeddable":true,"href":"https:\/\/bellasmilesortho.com\/es\/wp-json\/wp\/v2\/comments?post=6300"}],"version-history":[{"count":3,"href":"https:\/\/bellasmilesortho.com\/es\/wp-json\/wp\/v2\/pages\/6300\/revisions"}],"predecessor-version":[{"id":6473,"href":"https:\/\/bellasmilesortho.com\/es\/wp-json\/wp\/v2\/pages\/6300\/revisions\/6473"}],"wp:attachment":[{"href":"https:\/\/bellasmilesortho.com\/es\/wp-json\/wp\/v2\/media?parent=6300"}],"curies":[{"name":"wp","href":"https:\/\/api.w.org\/{rel}","templated":true}]}}